{"id":813,"date":"2020-09-10T21:02:23","date_gmt":"2020-09-10T21:02:23","guid":{"rendered":"https:\/\/tekniseri.com?page_id=813"},"modified":"2020-09-10T21:02:33","modified_gmt":"2020-09-10T21:02:33","slug":"painettu-grafiikka","status":"publish","type":"page","link":"https:\/\/tekniseri.fi\/?page_id=813","title":{"rendered":"Painettu grafiikka"},"content":{"rendered":"<div class=\"fusion-fullwidth fullwidth-box fusion-builder-row-1 nonhundred-percent-fullwidth non-hundred-percent-height-scrolling\" style=\"--awb-border-radius-top-left:0px;--awb-border-radius-top-right:0px;--awb-border-radius-bottom-right:0px;--awb-border-radius-bottom-left:0px;--awb-padding-left:10%;--awb-flex-wrap:wrap;\" ><div class=\"fusion-builder-row fusion-row\"><div class=\"fusion-layout-column fusion_builder_column fusion-builder-column-0 fusion_builder_column_1_1 1_1 fusion-one-full fusion-column-first fusion-column-last\" style=\"--awb-bg-size:cover;\"><div class=\"fusion-column-wrapper fusion-column-has-shadow fusion-flex-column-wrapper-legacy\">\t\t\t\t<div class=\"fusion-text fusion-text-1\"><h2 style=\"text-align: center;\">Painettu grafiikka<\/h2>\n<p style=\"text-align: justify;\">Painettua grafiikkaa \u2013 pintakalvoja, poistumisopasteita ja varoituskylttej\u00e4, sek\u00e4 merkint\u00e4- ja laitetarroja k\u00e4ytet\u00e4\u00e4n mit\u00e4 moninaisimmissa sovelluksissa ja olosuhteissa. Merkint\u00f6jen painatukseen voidaan k\u00e4ytt\u00e4\u00e4 silkkipainoa, digitaalista painoa mustesuihkutulostimin tai tampopainomenetelm\u00e4\u00e4, jolla saadaan painettua kuvioita ja teksti\u00e4 my\u00f6s kalteville ja n\u00e4in kolmiulotteisille pinnoille.<\/p>\n<\/div><div class=\"fusion-menu-anchor\" id=\"graphicoverlays\"><\/div><div class=\"fusion-image-element in-legacy-container\" style=\"--awb-caption-title-font-family:var(--h2_typography-font-family);--awb-caption-title-font-weight:var(--h2_typography-font-weight);--awb-caption-title-font-style:var(--h2_typography-font-style);--awb-caption-title-size:var(--h2_typography-font-size);--awb-caption-title-transform:var(--h2_typography-text-transform);--awb-caption-title-line-height:var(--h2_typography-line-height);--awb-caption-title-letter-spacing:var(--h2_typography-letter-spacing);\"><span class=\" fusion-imageframe imageframe-none imageframe-1 hover-type-none\"><img decoding=\"async\" width=\"1024\" height=\"683\" title=\"IMG_2936\" src=\"https:\/\/tekniseri.com\/wp-content\/uploads\/2020\/06\/IMG_2936-1024x683.jpg\" alt class=\"img-responsive wp-image-815\" srcset=\"https:\/\/tekniseri.fi\/wp-content\/uploads\/2020\/06\/IMG_2936-200x133.jpg 200w, https:\/\/tekniseri.fi\/wp-content\/uploads\/2020\/06\/IMG_2936-400x267.jpg 400w, https:\/\/tekniseri.fi\/wp-content\/uploads\/2020\/06\/IMG_2936-600x400.jpg 600w, https:\/\/tekniseri.fi\/wp-content\/uploads\/2020\/06\/IMG_2936-800x533.jpg 800w, https:\/\/tekniseri.fi\/wp-content\/uploads\/2020\/06\/IMG_2936-1200x800.jpg 1200w, https:\/\/tekniseri.fi\/wp-content\/uploads\/2020\/06\/IMG_2936-scaled.jpg 2560w\" sizes=\"(max-width: 800px) 100vw, 1024px\" \/><\/span><\/div><div class=\"fusion-text fusion-text-2\"><h3 style=\"text-align: center;\">Pintakalvot ja etupaneelit<\/h3>\n<p style=\"text-align: justify;\">Yrityksen tuotteen halutaan luovan edustavan mielikuvan my\u00f6s yrityksest\u00e4 \u2013 pintakalvo antaa tuotteelle kasvot ja luo imagon, josta yritys tunnistetaan. Tuotteen pintakalvon suunnitteluty\u00f6n tavoitteena on vahvistaa tuotteesta luotua mielikuvaa, on kyseess\u00e4 sitten korkea laatu ja kest\u00e4vyys, miellytt\u00e4vyys ja k\u00e4ytt\u00e4j\u00e4yst\u00e4v\u00e4llisyys tai helppok\u00e4ytt\u00f6isyys ja ajattomuus.<\/p>\n<p style=\"text-align: justify;\">Pintakalvo on usein ensimm\u00e4inen osa, jonka k\u00e4ytt\u00e4j\u00e4 kohtaa tai tuntee koskiessaan tuotetta. T\u00e4m\u00e4n vuoksi ei ole yhdentekev\u00e4\u00e4, millaisen mielikuvan pintakalvo osaltaan tuotteesta antaa k\u00e4ytt\u00e4j\u00e4lleen.<\/p>\n<p style=\"text-align: justify;\">Pintakalvon v\u00e4ri painetaan kalvon taustapuolelle, silkkipainettuun merkint\u00e4\u00e4n on valittavissa haluttu v\u00e4ritys ja muoto, jota pintakalvo suojaa kulutukselta. Haluttu v\u00e4ri ja muoto toteutetaan asiakkaan vaatimusten mukaisesti. Pintakalvot sopivatkin erinomaisesti rankkoihin olosuhteisiin, joissa mekaaninen rasitus, kemikaalit, l\u00e4mp\u00f6tilavaihtelut, sade, merivesi tai auringonpaiste koettelevat pinnan kestoa.<\/p>\n<p style=\"text-align: justify;\">Pintakalvon liima-aineen voi valita k\u00e4ytt\u00f6kohteen vaatimusten mukaisesti joka mahdollistaa parhaimman kiinnipysyvyyden. Valmistamme pintakalvot polyesteri- tai polykarbonaattikalvosta k\u00e4ytt\u00e4en korealuokkaisia materiaaleja ja tunnettuja valmistajia.<\/p>\n<\/div><div class=\"fusion-menu-anchor\" id=\"evacuationsigns\"><\/div><div class=\"fusion-image-element in-legacy-container\" style=\"--awb-caption-title-font-family:var(--h2_typography-font-family);--awb-caption-title-font-weight:var(--h2_typography-font-weight);--awb-caption-title-font-style:var(--h2_typography-font-style);--awb-caption-title-size:var(--h2_typography-font-size);--awb-caption-title-transform:var(--h2_typography-text-transform);--awb-caption-title-line-height:var(--h2_typography-line-height);--awb-caption-title-letter-spacing:var(--h2_typography-letter-spacing);\"><span class=\" fusion-imageframe imageframe-none imageframe-2 hover-type-none\"><img decoding=\"async\" width=\"1024\" height=\"684\" title=\"_DSC6632\" src=\"https:\/\/tekniseri.com\/wp-content\/uploads\/2020\/06\/DSC6632-1024x684.jpg\" alt class=\"img-responsive wp-image-814\" srcset=\"https:\/\/tekniseri.fi\/wp-content\/uploads\/2020\/06\/DSC6632-200x134.jpg 200w, https:\/\/tekniseri.fi\/wp-content\/uploads\/2020\/06\/DSC6632-400x267.jpg 400w, https:\/\/tekniseri.fi\/wp-content\/uploads\/2020\/06\/DSC6632-600x401.jpg 600w, https:\/\/tekniseri.fi\/wp-content\/uploads\/2020\/06\/DSC6632-800x534.jpg 800w, https:\/\/tekniseri.fi\/wp-content\/uploads\/2020\/06\/DSC6632-1200x801.jpg 1200w, https:\/\/tekniseri.fi\/wp-content\/uploads\/2020\/06\/DSC6632-scaled.jpg 2560w\" sizes=\"(max-width: 800px) 100vw, 1024px\" \/><\/span><\/div><div class=\"fusion-text fusion-text-3\"><h3 style=\"text-align: center;\">Poistumisopasteet ja varoituskyltit<\/h3>\n<p style=\"text-align: justify;\">Tekniseri auttaa valaisinvalmistajia kehitt\u00e4m\u00e4\u00e4n turvallisempia poistumisteit\u00e4 rakennuksiin, laivoihin ja tunneleihin valmistamalla poistumisopasteiden ja varoituskylttien pintakomponentit. N\u00e4m\u00e4 valaistavat pinnat suunnitellaan ja valmistetaan huomioiden vaatimukset v\u00e4rien kest\u00e4vyydest\u00e4 ja pitk\u00e4ik\u00e4isyydest\u00e4.<\/p>\n<p style=\"text-align: justify;\">Poistumisopasteet voidaan painaa tai tulostaa eri materiaaleille. Yleisimm\u00e4t k\u00e4ytetyt materiaali on eri paksuiset akryylit, polykarbonaatit, polypropeenikalvot ja j\u00e4lkivalaisevat materiaalit. Merkinn\u00e4t voidaan tehd\u00e4 kaivertamalla, silkkipainamalla tai digitulostamalla. Grafiikka tehd\u00e4\u00e4n aina asiakkaan tiedoston mukaan.<\/p>\n<p style=\"text-align: justify;\">Leikkaus voidaan tehd\u00e4 joko veitsi- tai laserleikkurilla. Materiaalien paksuus akryyleilla voi olla max. 12 mm. K\u00e4ytt\u00f6kohteen mukaan kyltin valaistus voi olla joko taustapuolelta tai reunasta. Tekniseri tekee my\u00f6s valmiita osakokoonpanoja asiakkaille.<\/p>\n<\/div><div class=\"fusion-menu-anchor\" id=\"printingonmechanics\"><\/div><div class=\"fusion-image-element in-legacy-container\" style=\"--awb-caption-title-font-family:var(--h2_typography-font-family);--awb-caption-title-font-weight:var(--h2_typography-font-weight);--awb-caption-title-font-style:var(--h2_typography-font-style);--awb-caption-title-size:var(--h2_typography-font-size);--awb-caption-title-transform:var(--h2_typography-text-transform);--awb-caption-title-line-height:var(--h2_typography-line-height);--awb-caption-title-letter-spacing:var(--h2_typography-letter-spacing);\"><span class=\" fusion-imageframe imageframe-none imageframe-3 hover-type-none\"><img decoding=\"async\" width=\"1600\" height=\"832\" title=\"3DSURFFI2\" src=\"https:\/\/tekniseri.com\/wp-content\/uploads\/2020\/08\/3DSURFFI2.png\" alt class=\"img-responsive wp-image-489\" srcset=\"https:\/\/tekniseri.fi\/wp-content\/uploads\/2020\/08\/3DSURFFI2-200x104.png 200w, https:\/\/tekniseri.fi\/wp-content\/uploads\/2020\/08\/3DSURFFI2-400x208.png 400w, https:\/\/tekniseri.fi\/wp-content\/uploads\/2020\/08\/3DSURFFI2-600x312.png 600w, https:\/\/tekniseri.fi\/wp-content\/uploads\/2020\/08\/3DSURFFI2-800x416.png 800w, https:\/\/tekniseri.fi\/wp-content\/uploads\/2020\/08\/3DSURFFI2-1200x624.png 1200w, https:\/\/tekniseri.fi\/wp-content\/uploads\/2020\/08\/3DSURFFI2.png 1600w\" sizes=\"(max-width: 800px) 100vw, 1600px\" \/><\/span><\/div><div class=\"fusion-text fusion-text-4\"><h3 style=\"text-align: center;\">Mekaniikka ja kappaletavaranpaino<\/h3>\n<p style=\"text-align: justify;\">Pinnaltaan kaareva tai ep\u00e4tasainen ja kolmiulotteinen muotokaan ei ole este laadukkaan merkinn\u00e4n tekemiselle, sill\u00e4 tampopaino mahdollistaa painamisen my\u00f6s ep\u00e4tasaiselle alustalle. Silkkipainotekniikka on puolestaan edelleen vahvoilla tasaisten laakapintojen painamisessa my\u00f6s etulevyjen merkinn\u00f6iss\u00e4. Molemmille painotekniikoille yhteinen tekij\u00e4 Tekniserin tekem\u00e4n\u00e4 on tarkka painoj\u00e4lki. Valmistamme my\u00f6s etulevyjen aihiot muoville ja metallille.<\/p>\n<\/div><div class=\"fusion-menu-anchor\" id=\"labels\"><\/div><div class=\"fusion-image-element in-legacy-container\" style=\"--awb-caption-title-font-family:var(--h2_typography-font-family);--awb-caption-title-font-weight:var(--h2_typography-font-weight);--awb-caption-title-font-style:var(--h2_typography-font-style);--awb-caption-title-size:var(--h2_typography-font-size);--awb-caption-title-transform:var(--h2_typography-text-transform);--awb-caption-title-line-height:var(--h2_typography-line-height);--awb-caption-title-letter-spacing:var(--h2_typography-letter-spacing);\"><span class=\" fusion-imageframe imageframe-none imageframe-4 hover-type-none\"><img decoding=\"async\" width=\"1024\" height=\"633\" title=\"leibels\" src=\"https:\/\/tekniseri.com\/wp-content\/uploads\/2020\/06\/leibels-1024x633.png\" alt class=\"img-responsive wp-image-339\"\/><\/span><\/div><div class=\"fusion-text fusion-text-5\"><h3 style=\"text-align: center;\">Merkint\u00e4- ja laitetarrat<\/h3>\n<p style=\"text-align: justify;\">Silkkipainetussa tarrassa toistuvat ne v\u00e4rit ja muodot mitk\u00e4 asiakkaamme haluaa tai s\u00e4\u00e4d\u00f6kset vaativat. Seripainossa k\u00e4ytett\u00e4v\u00e4t v\u00e4rit m\u00e4\u00e4ritell\u00e4\u00e4n tapauskohtaisesti suunnitelman mukaan ja tarran pienetkin mutta t\u00e4rke\u00e4t yksityiskohdat toistuvat erinomaisesti. T\u00e4ss\u00e4 kohtaa Tekniserin pitk\u00e4 kokemus palvelee asiakkaan etua. Tarramateriaali voi olla esimerkiksi ymp\u00e4rist\u00f6yst\u00e4v\u00e4llist\u00e4 polyesteritarraa tai jotain muuta m\u00e4\u00e4ritelty\u00e4 muovitarraa.<\/p>\n<\/div><div class=\"fusion-clearfix\"><\/div><\/div><\/div><\/div><\/div>\n","protected":false},"excerpt":{"rendered":"","protected":false},"author":1,"featured_media":0,"parent":551,"menu_order":0,"comment_status":"closed","ping_status":"closed","template":"","meta":{"footnotes":""},"class_list":["post-813","page","type-page","status-publish","hentry"],"yoast_head":"<!-- This site is optimized with the Yoast SEO plugin v27.3 - https:\/\/yoast.com\/product\/yoast-seo-wordpress\/ -->\n<title>Painettu grafiikka &#187; Tekniseri<\/title>\n<meta name=\"robots\" content=\"index, follow, max-snippet:-1, max-image-preview:large, max-video-preview:-1\" \/>\n<link rel=\"canonical\" href=\"https:\/\/tekniseri.fi\/?page_id=813\" \/>\n<meta property=\"og:locale\" content=\"fi_FI\" \/>\n<meta property=\"og:type\" content=\"article\" \/>\n<meta property=\"og:title\" content=\"Painettu grafiikka &#187; Tekniseri\" \/>\n<meta property=\"og:url\" content=\"https:\/\/tekniseri.fi\/?page_id=813\" \/>\n<meta property=\"og:site_name\" content=\"Tekniseri\" \/>\n<meta property=\"article:publisher\" content=\"https:\/\/www.facebook.com\/tekniseri\/\" \/>\n<meta property=\"article:modified_time\" content=\"2020-09-10T21:02:33+00:00\" \/>\n<meta name=\"twitter:card\" content=\"summary_large_image\" \/>\n<meta name=\"twitter:label1\" content=\"Arvioitu lukuaika\" \/>\n\t<meta name=\"twitter:data1\" content=\"7 minuuttia\" \/>\n<script type=\"application\/ld+json\" class=\"yoast-schema-graph\">{\"@context\":\"https:\\\/\\\/schema.org\",\"@graph\":[{\"@type\":\"WebPage\",\"@id\":\"https:\\\/\\\/tekniseri.fi\\\/?page_id=813\",\"url\":\"https:\\\/\\\/tekniseri.fi\\\/?page_id=813\",\"name\":\"Painettu grafiikka &#187; Tekniseri\",\"isPartOf\":{\"@id\":\"https:\\\/\\\/tekniseri.fi\\\/#website\"},\"datePublished\":\"2020-09-10T21:02:23+00:00\",\"dateModified\":\"2020-09-10T21:02:33+00:00\",\"breadcrumb\":{\"@id\":\"https:\\\/\\\/tekniseri.fi\\\/?page_id=813#breadcrumb\"},\"inLanguage\":\"fi\",\"potentialAction\":[{\"@type\":\"ReadAction\",\"target\":[\"https:\\\/\\\/tekniseri.fi\\\/?page_id=813\"]}]},{\"@type\":\"BreadcrumbList\",\"@id\":\"https:\\\/\\\/tekniseri.fi\\\/?page_id=813#breadcrumb\",\"itemListElement\":[{\"@type\":\"ListItem\",\"position\":1,\"name\":\"Home\",\"item\":\"https:\\\/\\\/tekniseri.fi\\\/\"},{\"@type\":\"ListItem\",\"position\":2,\"name\":\"Portfolio\",\"item\":\"https:\\\/\\\/tekniseri.fi\\\/?page_id=547\"},{\"@type\":\"ListItem\",\"position\":3,\"name\":\"Tuotteet\",\"item\":\"https:\\\/\\\/tekniseri.fi\\\/?page_id=551\"},{\"@type\":\"ListItem\",\"position\":4,\"name\":\"Painettu grafiikka\"}]},{\"@type\":\"WebSite\",\"@id\":\"https:\\\/\\\/tekniseri.fi\\\/#website\",\"url\":\"https:\\\/\\\/tekniseri.fi\\\/\",\"name\":\"Tekniseri\",\"description\":\"\",\"publisher\":{\"@id\":\"https:\\\/\\\/tekniseri.fi\\\/#organization\"},\"potentialAction\":[{\"@type\":\"SearchAction\",\"target\":{\"@type\":\"EntryPoint\",\"urlTemplate\":\"https:\\\/\\\/tekniseri.fi\\\/?s={search_term_string}\"},\"query-input\":{\"@type\":\"PropertyValueSpecification\",\"valueRequired\":true,\"valueName\":\"search_term_string\"}}],\"inLanguage\":\"fi\"},{\"@type\":\"Organization\",\"@id\":\"https:\\\/\\\/tekniseri.fi\\\/#organization\",\"name\":\"Tekniseri\",\"url\":\"https:\\\/\\\/tekniseri.fi\\\/\",\"logo\":{\"@type\":\"ImageObject\",\"inLanguage\":\"fi\",\"@id\":\"https:\\\/\\\/tekniseri.fi\\\/#\\\/schema\\\/logo\\\/image\\\/\",\"url\":\"https:\\\/\\\/tekniseri.fi\\\/wp-content\\\/uploads\\\/2023\\\/01\\\/Tekniseri-Logo-2023.jpg\",\"contentUrl\":\"https:\\\/\\\/tekniseri.fi\\\/wp-content\\\/uploads\\\/2023\\\/01\\\/Tekniseri-Logo-2023.jpg\",\"width\":2422,\"height\":356,\"caption\":\"Tekniseri\"},\"image\":{\"@id\":\"https:\\\/\\\/tekniseri.fi\\\/#\\\/schema\\\/logo\\\/image\\\/\"},\"sameAs\":[\"https:\\\/\\\/www.facebook.com\\\/tekniseri\\\/\",\"https:\\\/\\\/linkedin.com\\\/company\\\/tekniseri\"]}]}<\/script>\n<!-- \/ Yoast SEO plugin. -->","yoast_head_json":{"title":"Painettu grafiikka &#187; Tekniseri","robots":{"index":"index","follow":"follow","max-snippet":"max-snippet:-1","max-image-preview":"max-image-preview:large","max-video-preview":"max-video-preview:-1"},"canonical":"https:\/\/tekniseri.fi\/?page_id=813","og_locale":"fi_FI","og_type":"article","og_title":"Painettu grafiikka &#187; Tekniseri","og_url":"https:\/\/tekniseri.fi\/?page_id=813","og_site_name":"Tekniseri","article_publisher":"https:\/\/www.facebook.com\/tekniseri\/","article_modified_time":"2020-09-10T21:02:33+00:00","twitter_card":"summary_large_image","twitter_misc":{"Arvioitu lukuaika":"7 minuuttia"},"schema":{"@context":"https:\/\/schema.org","@graph":[{"@type":"WebPage","@id":"https:\/\/tekniseri.fi\/?page_id=813","url":"https:\/\/tekniseri.fi\/?page_id=813","name":"Painettu grafiikka &#187; Tekniseri","isPartOf":{"@id":"https:\/\/tekniseri.fi\/#website"},"datePublished":"2020-09-10T21:02:23+00:00","dateModified":"2020-09-10T21:02:33+00:00","breadcrumb":{"@id":"https:\/\/tekniseri.fi\/?page_id=813#breadcrumb"},"inLanguage":"fi","potentialAction":[{"@type":"ReadAction","target":["https:\/\/tekniseri.fi\/?page_id=813"]}]},{"@type":"BreadcrumbList","@id":"https:\/\/tekniseri.fi\/?page_id=813#breadcrumb","itemListElement":[{"@type":"ListItem","position":1,"name":"Home","item":"https:\/\/tekniseri.fi\/"},{"@type":"ListItem","position":2,"name":"Portfolio","item":"https:\/\/tekniseri.fi\/?page_id=547"},{"@type":"ListItem","position":3,"name":"Tuotteet","item":"https:\/\/tekniseri.fi\/?page_id=551"},{"@type":"ListItem","position":4,"name":"Painettu grafiikka"}]},{"@type":"WebSite","@id":"https:\/\/tekniseri.fi\/#website","url":"https:\/\/tekniseri.fi\/","name":"Tekniseri","description":"","publisher":{"@id":"https:\/\/tekniseri.fi\/#organization"},"potentialAction":[{"@type":"SearchAction","target":{"@type":"EntryPoint","urlTemplate":"https:\/\/tekniseri.fi\/?s={search_term_string}"},"query-input":{"@type":"PropertyValueSpecification","valueRequired":true,"valueName":"search_term_string"}}],"inLanguage":"fi"},{"@type":"Organization","@id":"https:\/\/tekniseri.fi\/#organization","name":"Tekniseri","url":"https:\/\/tekniseri.fi\/","logo":{"@type":"ImageObject","inLanguage":"fi","@id":"https:\/\/tekniseri.fi\/#\/schema\/logo\/image\/","url":"https:\/\/tekniseri.fi\/wp-content\/uploads\/2023\/01\/Tekniseri-Logo-2023.jpg","contentUrl":"https:\/\/tekniseri.fi\/wp-content\/uploads\/2023\/01\/Tekniseri-Logo-2023.jpg","width":2422,"height":356,"caption":"Tekniseri"},"image":{"@id":"https:\/\/tekniseri.fi\/#\/schema\/logo\/image\/"},"sameAs":["https:\/\/www.facebook.com\/tekniseri\/","https:\/\/linkedin.com\/company\/tekniseri"]}]}},"_links":{"self":[{"href":"https:\/\/tekniseri.fi\/index.php?rest_route=\/wp\/v2\/pages\/813","targetHints":{"allow":["GET"]}}],"collection":[{"href":"https:\/\/tekniseri.fi\/index.php?rest_route=\/wp\/v2\/pages"}],"about":[{"href":"https:\/\/tekniseri.fi\/index.php?rest_route=\/wp\/v2\/types\/page"}],"author":[{"embeddable":true,"href":"https:\/\/tekniseri.fi\/index.php?rest_route=\/wp\/v2\/users\/1"}],"replies":[{"embeddable":true,"href":"https:\/\/tekniseri.fi\/index.php?rest_route=%2Fwp%2Fv2%2Fcomments&post=813"}],"version-history":[{"count":12,"href":"https:\/\/tekniseri.fi\/index.php?rest_route=\/wp\/v2\/pages\/813\/revisions"}],"predecessor-version":[{"id":829,"href":"https:\/\/tekniseri.fi\/index.php?rest_route=\/wp\/v2\/pages\/813\/revisions\/829"}],"up":[{"embeddable":true,"href":"https:\/\/tekniseri.fi\/index.php?rest_route=\/wp\/v2\/pages\/551"}],"wp:attachment":[{"href":"https:\/\/tekniseri.fi\/index.php?rest_route=%2Fwp%2Fv2%2Fmedia&parent=813"}],"curies":[{"name":"wp","href":"https:\/\/api.w.org\/{rel}","templated":true}]}}