{"id":657,"date":"2020-09-08T16:52:34","date_gmt":"2020-09-08T16:52:34","guid":{"rendered":"https:\/\/tekniseri.com?page_id=657"},"modified":"2022-09-28T21:08:04","modified_gmt":"2022-09-28T21:08:04","slug":"painettu-elektroniikka","status":"publish","type":"page","link":"https:\/\/tekniseri.fi\/?page_id=657","title":{"rendered":"Painettu elektroniikka"},"content":{"rendered":"<div class=\"fusion-fullwidth fullwidth-box fusion-builder-row-1 nonhundred-percent-fullwidth non-hundred-percent-height-scrolling\" style=\"--awb-border-radius-top-left:0px;--awb-border-radius-top-right:0px;--awb-border-radius-bottom-right:0px;--awb-border-radius-bottom-left:0px;--awb-padding-left:10%;--awb-flex-wrap:wrap;\" ><div class=\"fusion-builder-row fusion-row\"><div class=\"fusion-layout-column fusion_builder_column fusion-builder-column-0 fusion_builder_column_1_1 1_1 fusion-one-full fusion-column-first fusion-column-last\" style=\"--awb-bg-size:cover;\"><div class=\"fusion-column-wrapper fusion-column-has-shadow fusion-flex-column-wrapper-legacy\"><div class=\"fusion-image-element fusion-image-align-center in-legacy-container\" style=\"text-align:center;--awb-caption-title-font-family:var(--h2_typography-font-family);--awb-caption-title-font-weight:var(--h2_typography-font-weight);--awb-caption-title-font-style:var(--h2_typography-font-style);--awb-caption-title-size:var(--h2_typography-font-size);--awb-caption-title-transform:var(--h2_typography-text-transform);--awb-caption-title-line-height:var(--h2_typography-line-height);--awb-caption-title-letter-spacing:var(--h2_typography-letter-spacing);\"><div class=\"imageframe-align-center\"><span class=\" fusion-imageframe imageframe-none imageframe-1 hover-type-none\"><img decoding=\"async\" width=\"1024\" height=\"683\" title=\"IMG_3527\" src=\"https:\/\/tekniseri.com\/wp-content\/uploads\/2020\/06\/IMG_3527-1024x683.png\" alt class=\"img-responsive wp-image-660\" srcset=\"https:\/\/tekniseri.fi\/wp-content\/uploads\/2020\/06\/IMG_3527-200x133.png 200w, https:\/\/tekniseri.fi\/wp-content\/uploads\/2020\/06\/IMG_3527-400x267.png 400w, https:\/\/tekniseri.fi\/wp-content\/uploads\/2020\/06\/IMG_3527-600x400.png 600w, https:\/\/tekniseri.fi\/wp-content\/uploads\/2020\/06\/IMG_3527-800x533.png 800w, https:\/\/tekniseri.fi\/wp-content\/uploads\/2020\/06\/IMG_3527-1200x800.png 1200w, https:\/\/tekniseri.fi\/wp-content\/uploads\/2020\/06\/IMG_3527.png 5184w\" sizes=\"(max-width: 800px) 100vw, 1024px\" \/><\/span><\/div><\/div><div class=\"fusion-text fusion-text-1\"><h2 style=\"text-align: center;\">Painettu elektroniikka<\/h2>\n<p style=\"text-align: justify;\">Painetulla elektroniikalla (engl. Printed electronics, my\u00f6s tulostettava elektroniikka) tarkoitetaan teknologiaa, joka mahdollistaa elektroniikassa tarvittavien johtimien ja komponenttien painamisen erilaisille, usein hyvin ohuille ja taipuisille, alustoille tulostus- ja painoteknisill\u00e4 menetelmill\u00e4. Painettu elektroniikka mahdollistaa virtapiirien tulostamisen nopeasti ja taloudellisesti tehden niist\u00e4 hy\u00f6dyllisi\u00e4 useille teollisuudenaloille. Tekniseri on valmistanut ja toimittanut t\u00e4t\u00e4 teknologiaa hy\u00f6dynt\u00e4vi\u00e4 ohjauspaneeleita tai kalvon\u00e4pp\u00e4imi\u00e4 asiakkaiden sovelluksiin jo vuosien ajan. My\u00f6s erilaisia sensoreita ja esimerkiksi l\u00e4mp\u00f6elementtej\u00e4 voidaan valmistaa painomenetelmin. Painettu elektroniikka mahdollistaa ohuempien, kevyempien ja taipuisien komponenttien valmistamisen mahdollistaen n\u00e4en uusien sovellusten l\u00f6ytymisen ja teknologiaa hy\u00f6dynt\u00e4en.<\/p>\n<\/div><div class=\"fusion-menu-anchor\" id=\"membraneswitches\"><\/div><div class=\"fusion-image-element fusion-image-align-center in-legacy-container\" style=\"text-align:center;--awb-caption-title-font-family:var(--h2_typography-font-family);--awb-caption-title-font-weight:var(--h2_typography-font-weight);--awb-caption-title-font-style:var(--h2_typography-font-style);--awb-caption-title-size:var(--h2_typography-font-size);--awb-caption-title-transform:var(--h2_typography-text-transform);--awb-caption-title-line-height:var(--h2_typography-line-height);--awb-caption-title-letter-spacing:var(--h2_typography-letter-spacing);\"><div class=\"imageframe-align-center\"><span class=\" fusion-imageframe imageframe-none imageframe-2 hover-type-none\"><img decoding=\"async\" width=\"1024\" height=\"683\" title=\"IMG_3306\" src=\"https:\/\/tekniseri.com\/wp-content\/uploads\/2020\/06\/IMG_3306-1024x683.png\" alt class=\"img-responsive wp-image-555\" srcset=\"https:\/\/tekniseri.fi\/wp-content\/uploads\/2020\/06\/IMG_3306-200x133.png 200w, https:\/\/tekniseri.fi\/wp-content\/uploads\/2020\/06\/IMG_3306-400x267.png 400w, https:\/\/tekniseri.fi\/wp-content\/uploads\/2020\/06\/IMG_3306-600x400.png 600w, https:\/\/tekniseri.fi\/wp-content\/uploads\/2020\/06\/IMG_3306-800x533.png 800w, https:\/\/tekniseri.fi\/wp-content\/uploads\/2020\/06\/IMG_3306-1200x800.png 1200w, https:\/\/tekniseri.fi\/wp-content\/uploads\/2020\/06\/IMG_3306.png 5184w\" sizes=\"(max-width: 800px) 100vw, 1024px\" \/><\/span><\/div><\/div><div class=\"fusion-text fusion-text-2\"><h3 style=\"text-align: center;\">Kalvon\u00e4pp\u00e4imet ja ohjauspaneelit<\/h3>\n<p style=\"text-align: justify;\">Kalvon\u00e4pp\u00e4imet ovat ohuille kalvoille painotekniikkaa k\u00e4ytt\u00e4en valmistettuja kytkinpaneeleita. Ne k\u00e4yv\u00e4t sovelluksiin, joissa k\u00e4ytet\u00e4\u00e4n pieni\u00e4 j\u00e4nnitteit\u00e4 ja pieni\u00e4 virtoja, ja joiden kytkin voi olla palautuva. Kalvon\u00e4pp\u00e4in kytket\u00e4\u00e4n yleisesti erilliseen ohjauspiiriin. Kalvon\u00e4pp\u00e4in on luotettava ja helppo suunnitella niin visuaalisesti kuin toiminnallisestikin tuotteeseen sopivaksi.<\/p>\n<p style=\"text-align: justify;\">Kytkin voidaan valmistaa suoraan kalvolla kytkev\u00e4ksi, tai kytkent\u00e4 voidaan suorittaa metallisilla kytkimill\u00e4. K\u00e4ytett\u00e4ess\u00e4 metallikytkimi\u00e4 k\u00e4ytt\u00e4j\u00e4lle saadaan aikaan n\u00e4pp\u00e4intuntuma, jolla voidaan vaikuttaa n\u00e4pp\u00e4imen painamiseen tarvittavaan voimaan. Kalvon\u00e4pp\u00e4imen pintaan voidaan painaa ikkunoita ja n\u00e4ytt\u00f6j\u00e4 ja k\u00e4ytt\u00e4\u00e4 erilaisia kontrastilakkoja sek\u00e4 tehd\u00e4 erikoistehosteita preeglaamalla eli kohomuovauksella.<\/p>\n<p style=\"text-align: justify;\">Kalvokytkin on roiske- ja p\u00f6lytiivis ja suojaa lialta ja muilta laitteen toimintaa vaarantavilta ulkoisilta tekij\u00f6ilt\u00e4.<\/p>\n<\/div><div class=\"fusion-image-element fusion-image-align-center in-legacy-container\" style=\"text-align:center;--awb-caption-title-font-family:var(--h2_typography-font-family);--awb-caption-title-font-weight:var(--h2_typography-font-weight);--awb-caption-title-font-style:var(--h2_typography-font-style);--awb-caption-title-size:var(--h2_typography-font-size);--awb-caption-title-transform:var(--h2_typography-text-transform);--awb-caption-title-line-height:var(--h2_typography-line-height);--awb-caption-title-letter-spacing:var(--h2_typography-letter-spacing);\"><div class=\"imageframe-align-center\"><span class=\" fusion-imageframe imageframe-none imageframe-3 hover-type-none\"><img decoding=\"async\" width=\"1024\" height=\"576\" title=\"Slide1\" src=\"https:\/\/tekniseri.com\/wp-content\/uploads\/2020\/06\/Slide1-1024x576.jpg\" alt class=\"img-responsive wp-image-658\" srcset=\"https:\/\/tekniseri.fi\/wp-content\/uploads\/2020\/06\/Slide1-200x113.jpg 200w, https:\/\/tekniseri.fi\/wp-content\/uploads\/2020\/06\/Slide1-400x225.jpg 400w, https:\/\/tekniseri.fi\/wp-content\/uploads\/2020\/06\/Slide1-600x338.jpg 600w, https:\/\/tekniseri.fi\/wp-content\/uploads\/2020\/06\/Slide1-800x450.jpg 800w, https:\/\/tekniseri.fi\/wp-content\/uploads\/2020\/06\/Slide1-1200x675.jpg 1200w, https:\/\/tekniseri.fi\/wp-content\/uploads\/2020\/06\/Slide1.jpg 1280w\" sizes=\"(max-width: 800px) 100vw, 1024px\" \/><\/span><\/div><\/div><div class=\"fusion-menu-anchor\" id=\"printedsensors\"><\/div><div class=\"fusion-image-element fusion-image-align-center in-legacy-container\" style=\"text-align:center;--awb-caption-title-font-family:var(--h2_typography-font-family);--awb-caption-title-font-weight:var(--h2_typography-font-weight);--awb-caption-title-font-style:var(--h2_typography-font-style);--awb-caption-title-size:var(--h2_typography-font-size);--awb-caption-title-transform:var(--h2_typography-text-transform);--awb-caption-title-line-height:var(--h2_typography-line-height);--awb-caption-title-letter-spacing:var(--h2_typography-letter-spacing);\"><div class=\"imageframe-align-center\"><span class=\" fusion-imageframe imageframe-none imageframe-4 hover-type-none\"><img decoding=\"async\" width=\"1024\" height=\"541\" title=\"rfid_123\" src=\"https:\/\/tekniseri.com\/wp-content\/uploads\/2020\/06\/rfid_123-1024x541.png\" alt class=\"img-responsive wp-image-662\" srcset=\"https:\/\/tekniseri.fi\/wp-content\/uploads\/2020\/06\/rfid_123-200x106.png 200w, https:\/\/tekniseri.fi\/wp-content\/uploads\/2020\/06\/rfid_123-400x211.png 400w, https:\/\/tekniseri.fi\/wp-content\/uploads\/2020\/06\/rfid_123-600x317.png 600w, https:\/\/tekniseri.fi\/wp-content\/uploads\/2020\/06\/rfid_123-800x423.png 800w, https:\/\/tekniseri.fi\/wp-content\/uploads\/2020\/06\/rfid_123-1200x634.png 1200w, https:\/\/tekniseri.fi\/wp-content\/uploads\/2020\/06\/rfid_123.png 1600w\" sizes=\"(max-width: 800px) 100vw, 1024px\" \/><\/span><\/div><\/div><div class=\"fusion-text fusion-text-3\"><h3 style=\"text-align: center;\">Painetut anturit ja virtapiirit<\/h3>\n<p style=\"text-align: justify;\">RFID (radio frequency identification), eli radiotaajuinen et\u00e4tunnistus on menetelm\u00e4 tiedon et\u00e4lukuun ja -tallentamiseen k\u00e4ytt\u00e4en erityisi\u00e4 RFID-tunnisteita. RFID-ratkaisut koostuvat kolmesta peruskomponentista: tunniste eli t\u00e4gi (tag, transponder), lukija ja antenni sek\u00e4 t\u00e4giss\u00e4 ett\u00e4 lukijassa. tunniste eli t\u00e4gi (tag, transponder), lukija ja antenni sek\u00e4 t\u00e4giss\u00e4 ett\u00e4 lukijassa.<\/p>\n<\/div><div class=\"fusion-menu-anchor\" id=\"heatingelements\"><\/div><div class=\"fusion-image-element fusion-image-align-center in-legacy-container\" style=\"text-align:center;--awb-caption-title-font-family:var(--h2_typography-font-family);--awb-caption-title-font-weight:var(--h2_typography-font-weight);--awb-caption-title-font-style:var(--h2_typography-font-style);--awb-caption-title-size:var(--h2_typography-font-size);--awb-caption-title-transform:var(--h2_typography-text-transform);--awb-caption-title-line-height:var(--h2_typography-line-height);--awb-caption-title-letter-spacing:var(--h2_typography-letter-spacing);\"><div class=\"imageframe-align-center\"><span class=\" fusion-imageframe imageframe-none imageframe-5 hover-type-none\"><img decoding=\"async\" width=\"1024\" height=\"768\" title=\"Heating element 3\" src=\"https:\/\/tekniseri.com\/wp-content\/uploads\/2020\/06\/Heating-element-3-1024x768.jpeg\" alt class=\"img-responsive wp-image-659\" srcset=\"https:\/\/tekniseri.fi\/wp-content\/uploads\/2020\/06\/Heating-element-3-200x150.jpeg 200w, https:\/\/tekniseri.fi\/wp-content\/uploads\/2020\/06\/Heating-element-3-400x300.jpeg 400w, https:\/\/tekniseri.fi\/wp-content\/uploads\/2020\/06\/Heating-element-3-600x450.jpeg 600w, https:\/\/tekniseri.fi\/wp-content\/uploads\/2020\/06\/Heating-element-3-800x600.jpeg 800w, https:\/\/tekniseri.fi\/wp-content\/uploads\/2020\/06\/Heating-element-3-1200x900.jpeg 1200w, https:\/\/tekniseri.fi\/wp-content\/uploads\/2020\/06\/Heating-element-3.jpeg 1440w\" sizes=\"(max-width: 800px) 100vw, 1024px\" \/><\/span><\/div><\/div><div class=\"fusion-text fusion-text-4\"><h3 style=\"text-align: center;\">Painetut l\u00e4mp\u00f6elementit<\/h3>\n<p style=\"text-align: justify;\">Silkkipainolla valmistetaan my\u00f6s joustavat l\u00e4mp\u00f6elementit, jotka voidaan integroida muun muassa osaksi istuinl\u00e4mmittimiksi tai vaatteisiin. L\u00e4mp\u00f6elementtien l\u00e4mmitett\u00e4v\u00e4t johtimet on tehty silkkipainamalla johtavilla v\u00e4reill\u00e4 painaen kuviot sovellukseen soveltuviin kalvoihin.<\/p>\n<p style=\"text-align: justify;\">Valmistusmenetelm\u00e4n ansiosta tuotteesta saadaan joustava ja pienikokoinen. Teknologia mahdollistaa l\u00e4mmityksen toteuttamisen siten, ett\u00e4 saavutetaan pieni energiakulutus ja tasainen l\u00e4mmityspinta. L\u00e4mp\u00f6elementit ovat ohuita ja kevyit\u00e4, ja niit\u00e4 on helppo k\u00e4sitell\u00e4 ja leikata sovellukseen sopivaksi. Asennus tehd\u00e4\u00e4n laminoimalla uesita kerroksia yhteen ja valitsemalla sopivat tarra-aineet.<\/p>\n<p style=\"text-align: justify;\">Painettujen l\u00e4mp\u00f6elementtien ominaisuuksiin kuuluvat tehokas l\u00e4mm\u00f6nsiirto, v\u00e4h\u00e4inen energian kulutus, ohuus sek\u00e4 taloudellinen valmistaminen.<\/p>\n<\/div><div class=\"fusion-clearfix\"><\/div><\/div><\/div><\/div><\/div>\n","protected":false},"excerpt":{"rendered":"","protected":false},"author":1,"featured_media":0,"parent":551,"menu_order":0,"comment_status":"closed","ping_status":"closed","template":"","meta":{"footnotes":""},"class_list":["post-657","page","type-page","status-publish","hentry"],"yoast_head":"<!-- This site is optimized with the Yoast SEO plugin v27.3 - https:\/\/yoast.com\/product\/yoast-seo-wordpress\/ -->\n<title>Painettu elektroniikka &#187; Tekniseri<\/title>\n<meta name=\"robots\" content=\"index, follow, max-snippet:-1, max-image-preview:large, max-video-preview:-1\" \/>\n<link rel=\"canonical\" href=\"https:\/\/tekniseri.fi\/?page_id=657\" \/>\n<meta property=\"og:locale\" content=\"fi_FI\" \/>\n<meta property=\"og:type\" content=\"article\" \/>\n<meta property=\"og:title\" content=\"Painettu elektroniikka &#187; Tekniseri\" \/>\n<meta property=\"og:url\" content=\"https:\/\/tekniseri.fi\/?page_id=657\" \/>\n<meta property=\"og:site_name\" content=\"Tekniseri\" \/>\n<meta property=\"article:publisher\" content=\"https:\/\/www.facebook.com\/tekniseri\/\" \/>\n<meta property=\"article:modified_time\" content=\"2022-09-28T21:08:04+00:00\" \/>\n<meta name=\"twitter:card\" content=\"summary_large_image\" \/>\n<meta name=\"twitter:label1\" content=\"Arvioitu lukuaika\" \/>\n\t<meta name=\"twitter:data1\" content=\"6 minuuttia\" \/>\n<script type=\"application\/ld+json\" class=\"yoast-schema-graph\">{\"@context\":\"https:\\\/\\\/schema.org\",\"@graph\":[{\"@type\":\"WebPage\",\"@id\":\"https:\\\/\\\/tekniseri.fi\\\/?page_id=657\",\"url\":\"https:\\\/\\\/tekniseri.fi\\\/?page_id=657\",\"name\":\"Painettu elektroniikka &#187; Tekniseri\",\"isPartOf\":{\"@id\":\"https:\\\/\\\/tekniseri.fi\\\/#website\"},\"datePublished\":\"2020-09-08T16:52:34+00:00\",\"dateModified\":\"2022-09-28T21:08:04+00:00\",\"breadcrumb\":{\"@id\":\"https:\\\/\\\/tekniseri.fi\\\/?page_id=657#breadcrumb\"},\"inLanguage\":\"fi\",\"potentialAction\":[{\"@type\":\"ReadAction\",\"target\":[\"https:\\\/\\\/tekniseri.fi\\\/?page_id=657\"]}]},{\"@type\":\"BreadcrumbList\",\"@id\":\"https:\\\/\\\/tekniseri.fi\\\/?page_id=657#breadcrumb\",\"itemListElement\":[{\"@type\":\"ListItem\",\"position\":1,\"name\":\"Home\",\"item\":\"https:\\\/\\\/tekniseri.fi\\\/\"},{\"@type\":\"ListItem\",\"position\":2,\"name\":\"Portfolio\",\"item\":\"https:\\\/\\\/tekniseri.fi\\\/?page_id=547\"},{\"@type\":\"ListItem\",\"position\":3,\"name\":\"Tuotteet\",\"item\":\"https:\\\/\\\/tekniseri.fi\\\/?page_id=551\"},{\"@type\":\"ListItem\",\"position\":4,\"name\":\"Painettu elektroniikka\"}]},{\"@type\":\"WebSite\",\"@id\":\"https:\\\/\\\/tekniseri.fi\\\/#website\",\"url\":\"https:\\\/\\\/tekniseri.fi\\\/\",\"name\":\"Tekniseri\",\"description\":\"\",\"publisher\":{\"@id\":\"https:\\\/\\\/tekniseri.fi\\\/#organization\"},\"potentialAction\":[{\"@type\":\"SearchAction\",\"target\":{\"@type\":\"EntryPoint\",\"urlTemplate\":\"https:\\\/\\\/tekniseri.fi\\\/?s={search_term_string}\"},\"query-input\":{\"@type\":\"PropertyValueSpecification\",\"valueRequired\":true,\"valueName\":\"search_term_string\"}}],\"inLanguage\":\"fi\"},{\"@type\":\"Organization\",\"@id\":\"https:\\\/\\\/tekniseri.fi\\\/#organization\",\"name\":\"Tekniseri\",\"url\":\"https:\\\/\\\/tekniseri.fi\\\/\",\"logo\":{\"@type\":\"ImageObject\",\"inLanguage\":\"fi\",\"@id\":\"https:\\\/\\\/tekniseri.fi\\\/#\\\/schema\\\/logo\\\/image\\\/\",\"url\":\"https:\\\/\\\/tekniseri.fi\\\/wp-content\\\/uploads\\\/2023\\\/01\\\/Tekniseri-Logo-2023.jpg\",\"contentUrl\":\"https:\\\/\\\/tekniseri.fi\\\/wp-content\\\/uploads\\\/2023\\\/01\\\/Tekniseri-Logo-2023.jpg\",\"width\":2422,\"height\":356,\"caption\":\"Tekniseri\"},\"image\":{\"@id\":\"https:\\\/\\\/tekniseri.fi\\\/#\\\/schema\\\/logo\\\/image\\\/\"},\"sameAs\":[\"https:\\\/\\\/www.facebook.com\\\/tekniseri\\\/\",\"https:\\\/\\\/linkedin.com\\\/company\\\/tekniseri\"]}]}<\/script>\n<!-- \/ Yoast SEO plugin. -->","yoast_head_json":{"title":"Painettu elektroniikka &#187; Tekniseri","robots":{"index":"index","follow":"follow","max-snippet":"max-snippet:-1","max-image-preview":"max-image-preview:large","max-video-preview":"max-video-preview:-1"},"canonical":"https:\/\/tekniseri.fi\/?page_id=657","og_locale":"fi_FI","og_type":"article","og_title":"Painettu elektroniikka &#187; Tekniseri","og_url":"https:\/\/tekniseri.fi\/?page_id=657","og_site_name":"Tekniseri","article_publisher":"https:\/\/www.facebook.com\/tekniseri\/","article_modified_time":"2022-09-28T21:08:04+00:00","twitter_card":"summary_large_image","twitter_misc":{"Arvioitu lukuaika":"6 minuuttia"},"schema":{"@context":"https:\/\/schema.org","@graph":[{"@type":"WebPage","@id":"https:\/\/tekniseri.fi\/?page_id=657","url":"https:\/\/tekniseri.fi\/?page_id=657","name":"Painettu elektroniikka &#187; Tekniseri","isPartOf":{"@id":"https:\/\/tekniseri.fi\/#website"},"datePublished":"2020-09-08T16:52:34+00:00","dateModified":"2022-09-28T21:08:04+00:00","breadcrumb":{"@id":"https:\/\/tekniseri.fi\/?page_id=657#breadcrumb"},"inLanguage":"fi","potentialAction":[{"@type":"ReadAction","target":["https:\/\/tekniseri.fi\/?page_id=657"]}]},{"@type":"BreadcrumbList","@id":"https:\/\/tekniseri.fi\/?page_id=657#breadcrumb","itemListElement":[{"@type":"ListItem","position":1,"name":"Home","item":"https:\/\/tekniseri.fi\/"},{"@type":"ListItem","position":2,"name":"Portfolio","item":"https:\/\/tekniseri.fi\/?page_id=547"},{"@type":"ListItem","position":3,"name":"Tuotteet","item":"https:\/\/tekniseri.fi\/?page_id=551"},{"@type":"ListItem","position":4,"name":"Painettu elektroniikka"}]},{"@type":"WebSite","@id":"https:\/\/tekniseri.fi\/#website","url":"https:\/\/tekniseri.fi\/","name":"Tekniseri","description":"","publisher":{"@id":"https:\/\/tekniseri.fi\/#organization"},"potentialAction":[{"@type":"SearchAction","target":{"@type":"EntryPoint","urlTemplate":"https:\/\/tekniseri.fi\/?s={search_term_string}"},"query-input":{"@type":"PropertyValueSpecification","valueRequired":true,"valueName":"search_term_string"}}],"inLanguage":"fi"},{"@type":"Organization","@id":"https:\/\/tekniseri.fi\/#organization","name":"Tekniseri","url":"https:\/\/tekniseri.fi\/","logo":{"@type":"ImageObject","inLanguage":"fi","@id":"https:\/\/tekniseri.fi\/#\/schema\/logo\/image\/","url":"https:\/\/tekniseri.fi\/wp-content\/uploads\/2023\/01\/Tekniseri-Logo-2023.jpg","contentUrl":"https:\/\/tekniseri.fi\/wp-content\/uploads\/2023\/01\/Tekniseri-Logo-2023.jpg","width":2422,"height":356,"caption":"Tekniseri"},"image":{"@id":"https:\/\/tekniseri.fi\/#\/schema\/logo\/image\/"},"sameAs":["https:\/\/www.facebook.com\/tekniseri\/","https:\/\/linkedin.com\/company\/tekniseri"]}]}},"_links":{"self":[{"href":"https:\/\/tekniseri.fi\/index.php?rest_route=\/wp\/v2\/pages\/657","targetHints":{"allow":["GET"]}}],"collection":[{"href":"https:\/\/tekniseri.fi\/index.php?rest_route=\/wp\/v2\/pages"}],"about":[{"href":"https:\/\/tekniseri.fi\/index.php?rest_route=\/wp\/v2\/types\/page"}],"author":[{"embeddable":true,"href":"https:\/\/tekniseri.fi\/index.php?rest_route=\/wp\/v2\/users\/1"}],"replies":[{"embeddable":true,"href":"https:\/\/tekniseri.fi\/index.php?rest_route=%2Fwp%2Fv2%2Fcomments&post=657"}],"version-history":[{"count":13,"href":"https:\/\/tekniseri.fi\/index.php?rest_route=\/wp\/v2\/pages\/657\/revisions"}],"predecessor-version":[{"id":2125,"href":"https:\/\/tekniseri.fi\/index.php?rest_route=\/wp\/v2\/pages\/657\/revisions\/2125"}],"up":[{"embeddable":true,"href":"https:\/\/tekniseri.fi\/index.php?rest_route=\/wp\/v2\/pages\/551"}],"wp:attachment":[{"href":"https:\/\/tekniseri.fi\/index.php?rest_route=%2Fwp%2Fv2%2Fmedia&parent=657"}],"curies":[{"name":"wp","href":"https:\/\/api.w.org\/{rel}","templated":true}]}}