{"id":633,"date":"2020-09-06T20:29:33","date_gmt":"2020-09-06T20:29:33","guid":{"rendered":"https:\/\/tekniseri.com?page_id=633"},"modified":"2020-11-12T16:00:56","modified_gmt":"2020-11-12T16:00:56","slug":"palvelut","status":"publish","type":"page","link":"https:\/\/tekniseri.fi\/?page_id=633","title":{"rendered":"Palvelut"},"content":{"rendered":"<p><div class=\"fusion-fullwidth fullwidth-box fusion-builder-row-1 nonhundred-percent-fullwidth non-hundred-percent-height-scrolling\" style=\"--awb-border-radius-top-left:0px;--awb-border-radius-top-right:0px;--awb-border-radius-bottom-right:0px;--awb-border-radius-bottom-left:0px;--awb-flex-wrap:wrap;\" ><div class=\"fusion-builder-row fusion-row\"><div class=\"fusion-layout-column fusion_builder_column fusion-builder-column-0 fusion_builder_column_1_1 1_1 fusion-one-full fusion-column-first fusion-column-last\" style=\"--awb-bg-size:cover;\"><div class=\"fusion-column-wrapper fusion-column-has-shadow fusion-flex-column-wrapper-legacy\"><div class=\"fusion-text fusion-text-1\"><h2 style=\"text-align: center;\">Palvelut<\/h2>\n<p style=\"text-align: justify;\">Tekniseri tarjoaa asiakkailleen heid\u00e4n tarpeitaan vastaavasti palvelukokonaisuuden, joka l\u00e4htee teollisuuden paino- ja merkint\u00e4tuotteiden ja eristeiden suunnittelusta ja materiaalien valinnasta tuotantoon, osakokoonpanoon sek\u00e4 logistisiin ja varastopalveluihin. Haluamme palvella asiakkaitamme yhden palvelutiskin periaatteella (one-stop-shopping) siten, ett\u00e4 toimimme asiakkaan yhteysty\u00f6kumppanina tarjoten kaikki merkint\u00e4- ja eristetuotteet yhdelt\u00e4 toimittajalta, hy\u00f6dynt\u00e4en yli 30 vuoden kokemusta vaativien asiakkaiden palvelusta asiakkaiden hyv\u00e4ksi. Tavoitteenamme on tarjota kustannustehokas kokonaisuus tuotteen elinkaarikustannukset optimoiden, r\u00e4\u00e4t\u00e4l\u00f6iden ja mitoittaen palvelukokonaisuuden sek\u00e4 suurten ett\u00e4 pienempien yritysten tarpeet huomioiden.<\/p>\n<\/div><div class=\"fusion-title title fusion-title-1 fusion-sep-none fusion-title-center fusion-title-text fusion-title-size-three\" style=\"--awb-margin-top-small:10px;--awb-margin-right-small:0px;--awb-margin-bottom-small:10px;--awb-margin-left-small:0px;\"><h3 class=\"fusion-title-heading title-heading-center\" style=\"margin:0;\"><h3 style=\"text-align: center;\"><span class=\"TextRun SCXW161010243 BCX0\" lang=\"EN-US\" xml:lang=\"EN-US\" data-contrast=\"auto\"><span class=\"NormalTextRun SCXW161010243 BCX0\">Joustavuutta \u2013 Nopeaa asiakastukea \u2013 Luotettavuutta<\/span><\/span><span class=\"EOP SCXW161010243 BCX0\" data-ccp-props=\"{\"> <\/span><\/h3><\/h3><\/div><div class=\"fusion-content-boxes content-boxes columns row fusion-columns-3 fusion-columns-total-3 fusion-content-boxes-1 content-boxes-icon-on-top content-left\" style=\"--awb-hover-accent-color:#f47722;--awb-circle-hover-accent-color:#f47722;\" data-animationOffset=\"top-into-view\"><div style=\"--awb-backgroundcolor:rgba(255,255,255,0);\" class=\"fusion-column content-box-column content-box-column content-box-column-1 col-lg-4 col-md-4 col-sm-4 fusion-content-box-hover content-box-column-first-in-row\"><div class=\"col content-box-wrapper content-wrapper link-area-link-icon content-icon-wrapper-yes icon-hover-animation-fade\" data-animationOffset=\"top-into-view\"><div class=\"heading heading-with-icon icon-left\"><div aria-hidden=\"true\" class=\"image\"><img decoding=\"async\" src=\"https:\/\/tekniseri.com\/wp-content\/uploads\/2020\/06\/design-e1596532756620-1024x571.png\" width=\"1024\" height=\"571\" alt=\"\" \/><\/div><h2 class=\"content-box-heading\" style=\"--h2_typography-font-size:24px;line-height:29px;\">Graafinen suunnittelu<\/h2><\/div><\/div><\/div><div style=\"--awb-backgroundcolor:rgba(255,255,255,0);\" class=\"fusion-column content-box-column content-box-column content-box-column-2 col-lg-4 col-md-4 col-sm-4 fusion-content-box-hover \"><div class=\"col content-box-wrapper content-wrapper link-area-link-icon content-icon-wrapper-yes icon-hover-animation-fade\" data-animationOffset=\"top-into-view\"><div class=\"heading heading-with-icon icon-left\"><div aria-hidden=\"true\" class=\"image\"><img decoding=\"async\" src=\"https:\/\/tekniseri.com\/wp-content\/uploads\/2020\/06\/productionv2-1024x682.png\" width=\"1024\" height=\"682\" alt=\"\" \/><\/div><h2 class=\"content-box-heading\" style=\"--h2_typography-font-size:24px;line-height:29px;\">Tuotanto ja kokoonpano<\/h2><\/div><\/div><\/div><div style=\"--awb-backgroundcolor:rgba(255,255,255,0);\" class=\"fusion-column content-box-column content-box-column content-box-column-3 col-lg-4 col-md-4 col-sm-4 fusion-content-box-hover content-box-column-last content-box-column-last-in-row\"><div class=\"col content-box-wrapper content-wrapper link-area-link-icon content-icon-wrapper-yes icon-hover-animation-fade\" data-animationOffset=\"top-into-view\"><div class=\"heading heading-with-icon icon-left\"><div aria-hidden=\"true\" class=\"image\"><img decoding=\"async\" src=\"https:\/\/tekniseri.com\/wp-content\/uploads\/2020\/06\/logistics-1024x682.png\" width=\"1024\" height=\"682\" alt=\"\" \/><\/div><h2 class=\"content-box-heading\" style=\"--h2_typography-font-size:24px;line-height:29px;\">Logistiset palvelut<\/h2><\/div><\/div><\/div><div class=\"fusion-clearfix\"><\/div><\/div><div class=\"fusion-clearfix\"><\/div><\/div><\/div><\/div><\/div><div class=\"fusion-fullwidth fullwidth-box fusion-builder-row-2 nonhundred-percent-fullwidth non-hundred-percent-height-scrolling\" style=\"--awb-border-radius-top-left:0px;--awb-border-radius-top-right:0px;--awb-border-radius-bottom-right:0px;--awb-border-radius-bottom-left:0px;--awb-flex-wrap:wrap;\" ><div class=\"fusion-builder-row fusion-row\"><div class=\"fusion-layout-column fusion_builder_column fusion-builder-column-1 fusion_builder_column_1_3 1_3 fusion-one-third fusion-column-first\" style=\"--awb-bg-size:cover;width:33.333333333333%;width:calc(33.333333333333% - ( ( 4% + 4% ) * 0.33333333333333 ) );margin-right: 4%;\"><div class=\"fusion-column-wrapper fusion-column-has-shadow fusion-flex-column-wrapper-legacy\"><div class=\"fusion-text fusion-text-2\"><h3 style=\"text-align: left;\"><b><span data-contrast=\"auto\">GRAAFINEN SUUNNITTELU<\/span><\/b><span data-ccp-props=\"\"> <\/span><\/h3>\n<ul>\n<li style=\"text-align: left;\"><span data-contrast=\"auto\">Merkint\u00e4- ja laitetarrojen suunnittelu <\/span><\/li>\n<li style=\"text-align: left;\"><span data-contrast=\"auto\">Materiaalivalinta<\/span><\/li>\n<li style=\"text-align: left;\"><span data-contrast=\"auto\">Mallisarjat<\/span><\/li>\n<\/ul>\n<\/div><div class=\"fusion-clearfix\"><\/div><\/div><\/div><div class=\"fusion-layout-column fusion_builder_column fusion-builder-column-2 fusion_builder_column_1_3 1_3 fusion-one-third\" style=\"--awb-bg-size:cover;width:33.333333333333%;width:calc(33.333333333333% - ( ( 4% + 4% ) * 0.33333333333333 ) );margin-right: 4%;\"><div class=\"fusion-column-wrapper fusion-column-has-shadow fusion-flex-column-wrapper-legacy\"><div class=\"fusion-text fusion-text-3\"><p style=\"text-align: justify;\"><span class=\"TextRun SCXW266779203 BCX0\" lang=\"EN-US\" xml:lang=\"EN-US\" data-contrast=\"auto\"><span class=\"NormalTextRun SCXW266779203 BCX0\">Yhteisty\u00f6 alkaa suunnittelusta, jossa tavoitteena on optimaalisen ja tarkoituksenmukaisen ratkaisun ja tuotteen l\u00f6yt\u00e4minen kohdesovellukseen. Tuotesuunnitteluvaiheessa tehd\u00e4\u00e4n materiaalivalinta (muovi tai metallisubstraatti, liiman ja tarra-aineen valinta, v\u00e4rit, suojaavat p\u00e4\u00e4llysteet, linerit ja laminaatit) yhdess\u00e4 oikeiden valmistusmenetelmien kanssa. Asiakkaalla voi my\u00f6s olla suunnitelma valmiiksi tehtyn\u00e4, jolloin Tekniserin teht\u00e4v\u00e4ksi j\u00e4\u00e4 valmistaminen. Mallisarjalla varmistetaan tuotteen ja lopputuloksen sopivan sovellukseen ja t\u00e4ytt\u00e4v\u00e4n sille asetetut vaatimukset. <\/span><\/span><span class=\"EOP SCXW266779203 BCX0\" data-ccp-props=\"\"> <\/span><\/p>\n<\/div><div class=\"fusion-clearfix\"><\/div><\/div><\/div><div class=\"fusion-layout-column fusion_builder_column fusion-builder-column-3 fusion_builder_column_1_3 1_3 fusion-one-third fusion-column-last\" style=\"--awb-bg-size:cover;width:33.333333333333%;width:calc(33.333333333333% - ( ( 4% + 4% ) * 0.33333333333333 ) );\"><div class=\"fusion-column-wrapper fusion-column-has-shadow fusion-flex-column-wrapper-legacy\"><div class=\"fusion-image-element in-legacy-container\" style=\"--awb-caption-title-font-family:var(--h2_typography-font-family);--awb-caption-title-font-weight:var(--h2_typography-font-weight);--awb-caption-title-font-style:var(--h2_typography-font-style);--awb-caption-title-size:var(--h2_typography-font-size);--awb-caption-title-transform:var(--h2_typography-text-transform);--awb-caption-title-line-height:var(--h2_typography-line-height);--awb-caption-title-letter-spacing:var(--h2_typography-letter-spacing);\"><span class=\" fusion-imageframe imageframe-none imageframe-1 hover-type-none\"><img decoding=\"async\" width=\"1024\" height=\"571\" title=\"design\" src=\"https:\/\/tekniseri.com\/wp-content\/uploads\/2020\/06\/design-e1596532756620-1024x571.png\" alt class=\"img-responsive wp-image-636\" srcset=\"https:\/\/tekniseri.fi\/wp-content\/uploads\/2020\/06\/design-e1596532756620-200x112.png 200w, https:\/\/tekniseri.fi\/wp-content\/uploads\/2020\/06\/design-e1596532756620-400x223.png 400w, https:\/\/tekniseri.fi\/wp-content\/uploads\/2020\/06\/design-e1596532756620-600x335.png 600w, https:\/\/tekniseri.fi\/wp-content\/uploads\/2020\/06\/design-e1596532756620-800x446.png 800w, https:\/\/tekniseri.fi\/wp-content\/uploads\/2020\/06\/design-e1596532756620-1200x669.png 1200w, https:\/\/tekniseri.fi\/wp-content\/uploads\/2020\/06\/design-e1596532756620.png 1600w\" sizes=\"(max-width: 800px) 100vw, 600px\" \/><\/span><\/div><div class=\"fusion-clearfix\"><\/div><\/div><\/div><\/div><\/div><div class=\"fusion-fullwidth fullwidth-box fusion-builder-row-3 nonhundred-percent-fullwidth non-hundred-percent-height-scrolling\" style=\"--awb-border-radius-top-left:0px;--awb-border-radius-top-right:0px;--awb-border-radius-bottom-right:0px;--awb-border-radius-bottom-left:0px;--awb-flex-wrap:wrap;\" ><div class=\"fusion-builder-row fusion-row\"><div class=\"fusion-layout-column fusion_builder_column fusion-builder-column-4 fusion_builder_column_1_3 1_3 fusion-one-third fusion-column-first\" style=\"--awb-bg-size:cover;width:33.333333333333%;width:calc(33.333333333333% - ( ( 4% + 4% ) * 0.33333333333333 ) );margin-right: 4%;\"><div class=\"fusion-column-wrapper fusion-column-has-shadow fusion-flex-column-wrapper-legacy\"><div class=\"fusion-text fusion-text-4\"><h3><b><span data-contrast=\"auto\">TUOTANTO JA OSAKOKOONPANO<\/span><\/b><span data-ccp-props=\"{\"> <\/span><\/h3>\n<ul>\n<li><span data-contrast=\"auto\">Tuotantomenetelm\u00e4t<\/span><\/li>\n<li><span data-contrast=\"auto\">Materiaalinvalinta ja \u2013 hallinta<\/span><\/li>\n<li>Kokoonpanot<span data-ccp-props=\"{\"> <\/span><\/li>\n<\/ul>\n<\/div><div class=\"fusion-clearfix\"><\/div><\/div><\/div><div class=\"fusion-layout-column fusion_builder_column fusion-builder-column-5 fusion_builder_column_1_3 1_3 fusion-one-third\" style=\"--awb-bg-size:cover;width:33.333333333333%;width:calc(33.333333333333% - ( ( 4% + 4% ) * 0.33333333333333 ) );margin-right: 4%;\"><div class=\"fusion-column-wrapper fusion-column-has-shadow fusion-flex-column-wrapper-legacy\"><div class=\"fusion-text fusion-text-5\"><p style=\"text-align: justify;\">Tekniserin tuotanto kattaa tuotantoyksik\u00f6t Suomessa (Kempeleess\u00e4 ja Porissa) ja Kiinassa, Suzhoussa. Tuotantokoneisto koostuu sek\u00e4 muovi- ett\u00e4 metallituotteiden ty\u00f6st\u00e4miseen soveltuvista painokoneista, leikkureista ja s\u00e4rm\u00e4inkoneista. Globaali raaka-ainehankintaverkostomme kattaa tunnetut ja kansainv\u00e4lisesti toimivat materiaalitoimittajat, ja tehtaamme sek\u00e4 Euroopassa ett\u00e4 Aasiassa varmistavat tuote- ja raaka-ainesaatavuuden kaikissa olosuhteissa. Asiakkaillemme on t\u00e4rke\u00e4\u00e4 varmistua materiaalisaatavuudesta ja laadusta.<\/p>\n<\/div><div class=\"fusion-clearfix\"><\/div><\/div><\/div><div class=\"fusion-layout-column fusion_builder_column fusion-builder-column-6 fusion_builder_column_1_3 1_3 fusion-one-third fusion-column-last\" style=\"--awb-bg-size:cover;width:33.333333333333%;width:calc(33.333333333333% - ( ( 4% + 4% ) * 0.33333333333333 ) );\"><div class=\"fusion-column-wrapper fusion-column-has-shadow fusion-flex-column-wrapper-legacy\"><div class=\"fusion-image-element in-legacy-container\" style=\"--awb-caption-title-font-family:var(--h2_typography-font-family);--awb-caption-title-font-weight:var(--h2_typography-font-weight);--awb-caption-title-font-style:var(--h2_typography-font-style);--awb-caption-title-size:var(--h2_typography-font-size);--awb-caption-title-transform:var(--h2_typography-text-transform);--awb-caption-title-line-height:var(--h2_typography-line-height);--awb-caption-title-letter-spacing:var(--h2_typography-letter-spacing);\"><span class=\" fusion-imageframe imageframe-none imageframe-2 hover-type-none\"><img decoding=\"async\" width=\"1024\" height=\"682\" title=\"productionv2\" src=\"https:\/\/tekniseri.com\/wp-content\/uploads\/2020\/06\/productionv2-1024x682.png\" alt class=\"img-responsive wp-image-355\"\/><\/span><\/div><div class=\"fusion-clearfix\"><\/div><\/div><\/div><\/div><\/div><div class=\"fusion-fullwidth fullwidth-box fusion-builder-row-4 nonhundred-percent-fullwidth non-hundred-percent-height-scrolling\" style=\"--awb-border-radius-top-left:0px;--awb-border-radius-top-right:0px;--awb-border-radius-bottom-right:0px;--awb-border-radius-bottom-left:0px;--awb-flex-wrap:wrap;\" ><div class=\"fusion-builder-row fusion-row\"><div class=\"fusion-layout-column fusion_builder_column fusion-builder-column-7 fusion_builder_column_1_3 1_3 fusion-one-third fusion-column-first\" style=\"--awb-bg-size:cover;width:33.333333333333%;width:calc(33.333333333333% - ( ( 4% + 4% ) * 0.33333333333333 ) );margin-right: 4%;\"><div class=\"fusion-column-wrapper fusion-column-has-shadow fusion-flex-column-wrapper-legacy\"><div class=\"fusion-text fusion-text-6\"><h3><b><span data-contrast=\"auto\">LOGISTISET PALVELUT<\/span><\/b><span data-ccp-props=\"{\"> <\/span><\/h3>\n<ul>\n<li><span data-contrast=\"auto\">VMI yhteisty\u00f6kumppanuus eli varastonohjauksen ulkoistaminen tavarantoimittajalle<\/span><\/li>\n<li><span data-contrast=\"auto\">Kriittisten materiaalien varastot<\/span><\/li>\n<\/ul>\n<\/div><div class=\"fusion-clearfix\"><\/div><\/div><\/div><div class=\"fusion-layout-column fusion_builder_column fusion-builder-column-8 fusion_builder_column_1_3 1_3 fusion-one-third\" style=\"--awb-bg-size:cover;width:33.333333333333%;width:calc(33.333333333333% - ( ( 4% + 4% ) * 0.33333333333333 ) );margin-right: 4%;\"><div class=\"fusion-column-wrapper fusion-column-has-shadow fusion-flex-column-wrapper-legacy\"><div class=\"fusion-text fusion-text-7\"><p style=\"text-align: justify;\"><span data-contrast=\"auto\">Tekniseri tarjoaa asiakkailleen tarvittaessa my\u00f6s varastonohjauksen ulkoistamista toimittajalle merkint\u00e4- ja eristetuotteiden tuotteiden osalta. Toiminnolla optimoidaan varastotasot ja v\u00e4ltyt\u00e4\u00e4n ylim\u00e4\u00e4r\u00e4isilt\u00e4 varastoilta, mik\u00e4 parantaa kustannustehokkuutta. Tavarantoimittaja huolehtii ja vastaa varastotasoista, ja tekee varastont\u00e4ydennysp\u00e4\u00e4t\u00f6kset liittyen tilausm\u00e4\u00e4riin, kuljetuksiin ja ajoitukseen. VMI yhteisty\u00f6kumppanuudella asiakas saavuttaa kustannuss\u00e4\u00e4st\u00f6j\u00e4 ja pienent\u00e4\u00e4 kysynn\u00e4n ep\u00e4varmuutta, kun toimittaja pystyy tekem\u00e4\u00e4n varastont\u00e4ydennysta operatiivisten tarpeiden mukaisesti, tunnistaen my\u00f6s oman tuotannon mahdollisuudet. Kokonaisuudessaan toiminnolla pyrit\u00e4\u00e4n varaston tehokkuuden parantamiseen.<\/span><\/p>\n<\/div><div class=\"fusion-clearfix\"><\/div><\/div><\/div><div class=\"fusion-layout-column fusion_builder_column fusion-builder-column-9 fusion_builder_column_1_3 1_3 fusion-one-third fusion-column-last\" style=\"--awb-bg-size:cover;width:33.333333333333%;width:calc(33.333333333333% - ( ( 4% + 4% ) * 0.33333333333333 ) );\"><div class=\"fusion-column-wrapper fusion-column-has-shadow fusion-flex-column-wrapper-legacy\"><div class=\"fusion-image-element fusion-image-align-center in-legacy-container\" style=\"text-align:center;--awb-caption-title-font-family:var(--h2_typography-font-family);--awb-caption-title-font-weight:var(--h2_typography-font-weight);--awb-caption-title-font-style:var(--h2_typography-font-style);--awb-caption-title-size:var(--h2_typography-font-size);--awb-caption-title-transform:var(--h2_typography-text-transform);--awb-caption-title-line-height:var(--h2_typography-line-height);--awb-caption-title-letter-spacing:var(--h2_typography-letter-spacing);\"><div class=\"imageframe-align-center\"><span class=\" fusion-imageframe imageframe-none imageframe-3 hover-type-none\"><img decoding=\"async\" width=\"1024\" height=\"682\" title=\"logistics\" src=\"https:\/\/tekniseri.com\/wp-content\/uploads\/2020\/06\/logistics-1024x682.png\" alt class=\"img-responsive wp-image-634\" srcset=\"https:\/\/tekniseri.fi\/wp-content\/uploads\/2020\/06\/logistics-200x133.png 200w, https:\/\/tekniseri.fi\/wp-content\/uploads\/2020\/06\/logistics-400x267.png 400w, https:\/\/tekniseri.fi\/wp-content\/uploads\/2020\/06\/logistics-600x400.png 600w, https:\/\/tekniseri.fi\/wp-content\/uploads\/2020\/06\/logistics-800x533.png 800w, https:\/\/tekniseri.fi\/wp-content\/uploads\/2020\/06\/logistics-1200x800.png 1200w, https:\/\/tekniseri.fi\/wp-content\/uploads\/2020\/06\/logistics.png 1600w\" sizes=\"(max-width: 800px) 100vw, 600px\" \/><\/span><\/div><\/div><div class=\"fusion-clearfix\"><\/div><\/div><\/div><\/div><\/div><\/p>\n","protected":false},"excerpt":{"rendered":"","protected":false},"author":1,"featured_media":0,"parent":547,"menu_order":0,"comment_status":"closed","ping_status":"closed","template":"","meta":{"footnotes":""},"class_list":["post-633","page","type-page","status-publish","hentry"],"yoast_head":"<!-- This site is optimized with the Yoast SEO plugin v27.3 - https:\/\/yoast.com\/product\/yoast-seo-wordpress\/ -->\n<title>Palvelut &#187; Tekniseri<\/title>\n<meta name=\"robots\" content=\"index, follow, max-snippet:-1, max-image-preview:large, max-video-preview:-1\" \/>\n<link rel=\"canonical\" href=\"https:\/\/tekniseri.fi\/?page_id=633\" \/>\n<meta property=\"og:locale\" content=\"fi_FI\" \/>\n<meta property=\"og:type\" content=\"article\" \/>\n<meta property=\"og:title\" content=\"Palvelut &#187; Tekniseri\" \/>\n<meta property=\"og:url\" content=\"https:\/\/tekniseri.fi\/?page_id=633\" \/>\n<meta property=\"og:site_name\" content=\"Tekniseri\" \/>\n<meta property=\"article:publisher\" content=\"https:\/\/www.facebook.com\/tekniseri\/\" \/>\n<meta property=\"article:modified_time\" content=\"2020-11-12T16:00:56+00:00\" \/>\n<meta name=\"twitter:card\" content=\"summary_large_image\" \/>\n<meta name=\"twitter:label1\" content=\"Arvioitu lukuaika\" \/>\n\t<meta name=\"twitter:data1\" content=\"18 minuuttia\" \/>\n<script type=\"application\/ld+json\" class=\"yoast-schema-graph\">{\"@context\":\"https:\\\/\\\/schema.org\",\"@graph\":[{\"@type\":\"WebPage\",\"@id\":\"https:\\\/\\\/tekniseri.fi\\\/?page_id=633\",\"url\":\"https:\\\/\\\/tekniseri.fi\\\/?page_id=633\",\"name\":\"Palvelut &#187; Tekniseri\",\"isPartOf\":{\"@id\":\"https:\\\/\\\/tekniseri.fi\\\/#website\"},\"datePublished\":\"2020-09-06T20:29:33+00:00\",\"dateModified\":\"2020-11-12T16:00:56+00:00\",\"breadcrumb\":{\"@id\":\"https:\\\/\\\/tekniseri.fi\\\/?page_id=633#breadcrumb\"},\"inLanguage\":\"fi\",\"potentialAction\":[{\"@type\":\"ReadAction\",\"target\":[\"https:\\\/\\\/tekniseri.fi\\\/?page_id=633\"]}]},{\"@type\":\"BreadcrumbList\",\"@id\":\"https:\\\/\\\/tekniseri.fi\\\/?page_id=633#breadcrumb\",\"itemListElement\":[{\"@type\":\"ListItem\",\"position\":1,\"name\":\"Home\",\"item\":\"https:\\\/\\\/tekniseri.fi\\\/\"},{\"@type\":\"ListItem\",\"position\":2,\"name\":\"Portfolio\",\"item\":\"https:\\\/\\\/tekniseri.fi\\\/?page_id=547\"},{\"@type\":\"ListItem\",\"position\":3,\"name\":\"Palvelut\"}]},{\"@type\":\"WebSite\",\"@id\":\"https:\\\/\\\/tekniseri.fi\\\/#website\",\"url\":\"https:\\\/\\\/tekniseri.fi\\\/\",\"name\":\"Tekniseri\",\"description\":\"\",\"publisher\":{\"@id\":\"https:\\\/\\\/tekniseri.fi\\\/#organization\"},\"potentialAction\":[{\"@type\":\"SearchAction\",\"target\":{\"@type\":\"EntryPoint\",\"urlTemplate\":\"https:\\\/\\\/tekniseri.fi\\\/?s={search_term_string}\"},\"query-input\":{\"@type\":\"PropertyValueSpecification\",\"valueRequired\":true,\"valueName\":\"search_term_string\"}}],\"inLanguage\":\"fi\"},{\"@type\":\"Organization\",\"@id\":\"https:\\\/\\\/tekniseri.fi\\\/#organization\",\"name\":\"Tekniseri\",\"url\":\"https:\\\/\\\/tekniseri.fi\\\/\",\"logo\":{\"@type\":\"ImageObject\",\"inLanguage\":\"fi\",\"@id\":\"https:\\\/\\\/tekniseri.fi\\\/#\\\/schema\\\/logo\\\/image\\\/\",\"url\":\"https:\\\/\\\/tekniseri.fi\\\/wp-content\\\/uploads\\\/2023\\\/01\\\/Tekniseri-Logo-2023.jpg\",\"contentUrl\":\"https:\\\/\\\/tekniseri.fi\\\/wp-content\\\/uploads\\\/2023\\\/01\\\/Tekniseri-Logo-2023.jpg\",\"width\":2422,\"height\":356,\"caption\":\"Tekniseri\"},\"image\":{\"@id\":\"https:\\\/\\\/tekniseri.fi\\\/#\\\/schema\\\/logo\\\/image\\\/\"},\"sameAs\":[\"https:\\\/\\\/www.facebook.com\\\/tekniseri\\\/\",\"https:\\\/\\\/linkedin.com\\\/company\\\/tekniseri\"]}]}<\/script>\n<!-- \/ Yoast SEO plugin. -->","yoast_head_json":{"title":"Palvelut &#187; Tekniseri","robots":{"index":"index","follow":"follow","max-snippet":"max-snippet:-1","max-image-preview":"max-image-preview:large","max-video-preview":"max-video-preview:-1"},"canonical":"https:\/\/tekniseri.fi\/?page_id=633","og_locale":"fi_FI","og_type":"article","og_title":"Palvelut &#187; Tekniseri","og_url":"https:\/\/tekniseri.fi\/?page_id=633","og_site_name":"Tekniseri","article_publisher":"https:\/\/www.facebook.com\/tekniseri\/","article_modified_time":"2020-11-12T16:00:56+00:00","twitter_card":"summary_large_image","twitter_misc":{"Arvioitu lukuaika":"18 minuuttia"},"schema":{"@context":"https:\/\/schema.org","@graph":[{"@type":"WebPage","@id":"https:\/\/tekniseri.fi\/?page_id=633","url":"https:\/\/tekniseri.fi\/?page_id=633","name":"Palvelut &#187; Tekniseri","isPartOf":{"@id":"https:\/\/tekniseri.fi\/#website"},"datePublished":"2020-09-06T20:29:33+00:00","dateModified":"2020-11-12T16:00:56+00:00","breadcrumb":{"@id":"https:\/\/tekniseri.fi\/?page_id=633#breadcrumb"},"inLanguage":"fi","potentialAction":[{"@type":"ReadAction","target":["https:\/\/tekniseri.fi\/?page_id=633"]}]},{"@type":"BreadcrumbList","@id":"https:\/\/tekniseri.fi\/?page_id=633#breadcrumb","itemListElement":[{"@type":"ListItem","position":1,"name":"Home","item":"https:\/\/tekniseri.fi\/"},{"@type":"ListItem","position":2,"name":"Portfolio","item":"https:\/\/tekniseri.fi\/?page_id=547"},{"@type":"ListItem","position":3,"name":"Palvelut"}]},{"@type":"WebSite","@id":"https:\/\/tekniseri.fi\/#website","url":"https:\/\/tekniseri.fi\/","name":"Tekniseri","description":"","publisher":{"@id":"https:\/\/tekniseri.fi\/#organization"},"potentialAction":[{"@type":"SearchAction","target":{"@type":"EntryPoint","urlTemplate":"https:\/\/tekniseri.fi\/?s={search_term_string}"},"query-input":{"@type":"PropertyValueSpecification","valueRequired":true,"valueName":"search_term_string"}}],"inLanguage":"fi"},{"@type":"Organization","@id":"https:\/\/tekniseri.fi\/#organization","name":"Tekniseri","url":"https:\/\/tekniseri.fi\/","logo":{"@type":"ImageObject","inLanguage":"fi","@id":"https:\/\/tekniseri.fi\/#\/schema\/logo\/image\/","url":"https:\/\/tekniseri.fi\/wp-content\/uploads\/2023\/01\/Tekniseri-Logo-2023.jpg","contentUrl":"https:\/\/tekniseri.fi\/wp-content\/uploads\/2023\/01\/Tekniseri-Logo-2023.jpg","width":2422,"height":356,"caption":"Tekniseri"},"image":{"@id":"https:\/\/tekniseri.fi\/#\/schema\/logo\/image\/"},"sameAs":["https:\/\/www.facebook.com\/tekniseri\/","https:\/\/linkedin.com\/company\/tekniseri"]}]}},"_links":{"self":[{"href":"https:\/\/tekniseri.fi\/index.php?rest_route=\/wp\/v2\/pages\/633","targetHints":{"allow":["GET"]}}],"collection":[{"href":"https:\/\/tekniseri.fi\/index.php?rest_route=\/wp\/v2\/pages"}],"about":[{"href":"https:\/\/tekniseri.fi\/index.php?rest_route=\/wp\/v2\/types\/page"}],"author":[{"embeddable":true,"href":"https:\/\/tekniseri.fi\/index.php?rest_route=\/wp\/v2\/users\/1"}],"replies":[{"embeddable":true,"href":"https:\/\/tekniseri.fi\/index.php?rest_route=%2Fwp%2Fv2%2Fcomments&post=633"}],"version-history":[{"count":13,"href":"https:\/\/tekniseri.fi\/index.php?rest_route=\/wp\/v2\/pages\/633\/revisions"}],"predecessor-version":[{"id":2622,"href":"https:\/\/tekniseri.fi\/index.php?rest_route=\/wp\/v2\/pages\/633\/revisions\/2622"}],"up":[{"embeddable":true,"href":"https:\/\/tekniseri.fi\/index.php?rest_route=\/wp\/v2\/pages\/547"}],"wp:attachment":[{"href":"https:\/\/tekniseri.fi\/index.php?rest_route=%2Fwp%2Fv2%2Fmedia&parent=633"}],"curies":[{"name":"wp","href":"https:\/\/api.w.org\/{rel}","templated":true}]}}