{"id":617,"date":"2020-09-06T09:24:37","date_gmt":"2020-09-06T09:24:37","guid":{"rendered":"https:\/\/tekniseri.com?page_id=617"},"modified":"2020-09-07T06:45:03","modified_gmt":"2020-09-07T06:45:03","slug":"treon","status":"publish","type":"page","link":"https:\/\/tekniseri.fi\/?page_id=617","title":{"rendered":"Treon"},"content":{"rendered":"<div class=\"fusion-fullwidth fullwidth-box fusion-builder-row-1 nonhundred-percent-fullwidth non-hundred-percent-height-scrolling\" style=\"--awb-border-radius-top-left:0px;--awb-border-radius-top-right:0px;--awb-border-radius-bottom-right:0px;--awb-border-radius-bottom-left:0px;--awb-flex-wrap:wrap;\" ><div class=\"fusion-builder-row fusion-row\"><div class=\"fusion-layout-column fusion_builder_column fusion-builder-column-0 fusion_builder_column_1_1 1_1 fusion-one-full fusion-column-first fusion-column-last\" style=\"--awb-bg-size:cover;\"><div class=\"fusion-column-wrapper fusion-column-has-shadow fusion-flex-column-wrapper-legacy\"><div class=\"fusion-image-element fusion-image-align-center in-legacy-container\" style=\"text-align:center;--awb-caption-title-font-family:var(--h2_typography-font-family);--awb-caption-title-font-weight:var(--h2_typography-font-weight);--awb-caption-title-font-style:var(--h2_typography-font-style);--awb-caption-title-size:var(--h2_typography-font-size);--awb-caption-title-transform:var(--h2_typography-text-transform);--awb-caption-title-line-height:var(--h2_typography-line-height);--awb-caption-title-letter-spacing:var(--h2_typography-letter-spacing);\"><div class=\"imageframe-align-center\"><span class=\" fusion-imageframe imageframe-none imageframe-1 hover-type-none\"><img decoding=\"async\" width=\"1024\" height=\"596\" title=\"shutterstock_1049032958\" src=\"https:\/\/tekniseri.com\/wp-content\/uploads\/2020\/05\/shutterstock_1049032958-scaled-e1590750517910-1024x596.jpg\" alt class=\"img-responsive wp-image-544\" srcset=\"https:\/\/tekniseri.fi\/wp-content\/uploads\/2020\/05\/shutterstock_1049032958-scaled-e1590750517910-200x116.jpg 200w, https:\/\/tekniseri.fi\/wp-content\/uploads\/2020\/05\/shutterstock_1049032958-scaled-e1590750517910-400x233.jpg 400w, https:\/\/tekniseri.fi\/wp-content\/uploads\/2020\/05\/shutterstock_1049032958-scaled-e1590750517910-600x349.jpg 600w, https:\/\/tekniseri.fi\/wp-content\/uploads\/2020\/05\/shutterstock_1049032958-scaled-e1590750517910-800x466.jpg 800w, https:\/\/tekniseri.fi\/wp-content\/uploads\/2020\/05\/shutterstock_1049032958-scaled-e1590750517910-1200x699.jpg 1200w, https:\/\/tekniseri.fi\/wp-content\/uploads\/2020\/05\/shutterstock_1049032958-scaled-e1590750517910.jpg 2560w\" sizes=\"(max-width: 800px) 100vw, 1024px\" \/><\/span><\/div><\/div><div class=\"fusion-text fusion-text-1\"><h3 style=\"text-align: center;\"><span class=\"EOP SCXW129096749 BCX0\" data-ccp-props=\"{\"> \u00c4lykk\u00e4\u00e4t IoT-ratkaisut teollisuusasiakkaille, \u00e4lykk\u00e4isiin rakennuksiin sek\u00e4 logistiikkaan Treonilta<\/span><\/h3>\n<p style=\"text-align: justify;\">Teollisella Internetill\u00e4 tai Industrial IoT:lla tarkoitetaan teollisuustuotannossa k\u00e4ytett\u00e4vien laitteiden liitt\u00e4mist\u00e4 internetiin. T\u00e4llaisten j\u00e4rjestelmien toiminta perustuu teknisten laitteiden suorittamaan automaattiseen tiedonsiirtoon sek\u00e4 kyseisten laitteiden et\u00e4seurantaan ja -ohjaukseen internet-verkon kautta. J\u00e4rjestelmien hy\u00f6dynt\u00e4misess\u00e4 esimerkiksi valmistavassa teollisuudessa pyrit\u00e4\u00e4n tuottavuuden ja tehokkuuden lis\u00e4\u00e4miseen ja sit\u00e4 kautta taloudellisten etujen saavuttamiseen.<\/p>\n<p style=\"text-align: justify;\">\u00c4lykk\u00e4\u00e4t IoT j\u00e4rjestelm\u00e4t mahdollistavat valmistuksen nopeuttamisen ja reaaliaikaisen tuotannon ja hankintaketjun optimoinnin verkottamalla tuotantolaitokset, anturit ja ohjausj\u00e4rjestelm\u00e4t toisiinsa internetin avulla \u2013 esineet keskustelevat kesken\u00e4\u00e4n.<\/p>\n<\/div><div class=\"fusion-image-element fusion-image-align-center in-legacy-container\" style=\"text-align:center;--awb-caption-title-font-family:var(--h2_typography-font-family);--awb-caption-title-font-weight:var(--h2_typography-font-weight);--awb-caption-title-font-style:var(--h2_typography-font-style);--awb-caption-title-size:var(--h2_typography-font-size);--awb-caption-title-transform:var(--h2_typography-text-transform);--awb-caption-title-line-height:var(--h2_typography-line-height);--awb-caption-title-letter-spacing:var(--h2_typography-letter-spacing);\"><div class=\"imageframe-align-center\"><span class=\" fusion-imageframe imageframe-none imageframe-2 hover-type-none\"><img decoding=\"async\" width=\"1024\" height=\"559\" title=\"treonblow\" src=\"https:\/\/tekniseri.com\/wp-content\/uploads\/2020\/06\/treonblow-1024x559.png\" alt class=\"img-responsive wp-image-618\" srcset=\"https:\/\/tekniseri.fi\/wp-content\/uploads\/2020\/06\/treonblow-200x109.png 200w, https:\/\/tekniseri.fi\/wp-content\/uploads\/2020\/06\/treonblow-400x218.png 400w, https:\/\/tekniseri.fi\/wp-content\/uploads\/2020\/06\/treonblow-600x327.png 600w, https:\/\/tekniseri.fi\/wp-content\/uploads\/2020\/06\/treonblow-800x437.png 800w, https:\/\/tekniseri.fi\/wp-content\/uploads\/2020\/06\/treonblow-1200x655.png 1200w, https:\/\/tekniseri.fi\/wp-content\/uploads\/2020\/06\/treonblow.png 1600w\" sizes=\"(max-width: 800px) 100vw, 1024px\" \/><\/span><\/div><\/div><div class=\"fusion-text fusion-text-2\"><p style=\"text-align: justify;\">Treon kehitt\u00e4\u00e4 \u00e4lykk\u00e4it\u00e4 IoT laitteistoja ja ohjelmistoja, jotka kykenev\u00e4t havaitsemaan ja seuraamaan liikkeet, l\u00e4mp\u00f6tilamuutokset, kosteuden, paineen ja valon. Lis\u00e4ksi laitteistoja, jotka ker\u00e4\u00e4v\u00e4t, k\u00e4sittelev\u00e4t ja siirt\u00e4v\u00e4t laitteiden havaitseman tiedon ja datan ohjelmistopilveen edelleenk\u00e4sittely\u00e4 varten. Dataa voidaan hy\u00f6dynt\u00e4\u00e4 teollisuusprosessien, \u00e4lykk\u00e4iden rakennusten, toimistojen, varastojen ja logistiikkaketjujen tehokkuuden, tuottavuuden ja turvallisuuden kehitt\u00e4miseen.<\/p>\n<p style=\"text-align: justify;\">Tekniseri toimii Treonin kumppanina valmistaen pintakalvot Treonin laitteistoihin, mm. nodet ja sensorit. IoT tuotteiden asennus-ja k\u00e4ytt\u00f6ymp\u00e4rist\u00f6 tuotantolaitoksissa on vaihteleva ja haasteellinen, ja saattaa vaihdella kylm\u00e4varastojen j\u00e4\u00e4t\u00e4vist\u00e4 olosuhteista metallipajojen ja valssilaitosten kuumiin ja kosteisiin olosuhteisiin. ja saattaa vaihdella kylm\u00e4varastojen j\u00e4\u00e4t\u00e4vist\u00e4 olosuhteista metallipajojen ja valssilaitosten kuumiin ja kosteisiin olosuhteisiin. T\u00e4llaiset asennus- ja k\u00e4ytt\u00f6ymp\u00e4rist\u00f6t vaativat pintakalvoissa k\u00e4ytett\u00e4vilt\u00e4 materiaaleilta, painettavilta v\u00e4reilt\u00e4 ja liimoilta hyv\u00e4\u00e4 sietokyky\u00e4 kest\u00e4vyyden ja l\u00e4mp\u00f6tilakestoisuuden suhteen. Tekniserin yhteisty\u00f6 pitk\u00e4aikainen yhteisty\u00f6 erilaisten materiaalitoimittajien kanssa mahdollistaa oikeanlaiset ratkaisut haastavimpiinkin asiakkaan k\u00e4ytt\u00f6sovelluksiin. Tuotteet valmistetaan tarkasti asiakkaan vaatimusten mukaisesti, ja valmistusmenetelm\u00e4t valitaan tapauskohtaisesti.<\/p>\n<p style=\"text-align: justify;\">Lue lis\u00e4\u00e4 Treonista osoitteessa: <em><a href=\"https:\/\/www.treon.fi\/\">Treon.fi<\/a>.<\/em><\/p>\n<\/div><div class=\"fusion-clearfix\"><\/div><\/div><\/div><\/div><\/div>\n","protected":false},"excerpt":{"rendered":"","protected":false},"author":1,"featured_media":0,"parent":543,"menu_order":0,"comment_status":"closed","ping_status":"closed","template":"","meta":{"footnotes":""},"class_list":["post-617","page","type-page","status-publish","hentry"],"yoast_head":"<!-- This site is optimized with the Yoast SEO plugin v27.3 - https:\/\/yoast.com\/product\/yoast-seo-wordpress\/ -->\n<title>Treon &#187; Tekniseri<\/title>\n<meta name=\"robots\" content=\"index, follow, max-snippet:-1, max-image-preview:large, max-video-preview:-1\" \/>\n<link rel=\"canonical\" href=\"https:\/\/tekniseri.fi\/?page_id=617\" \/>\n<meta property=\"og:locale\" content=\"fi_FI\" \/>\n<meta property=\"og:type\" content=\"article\" \/>\n<meta property=\"og:title\" content=\"Treon &#187; Tekniseri\" \/>\n<meta property=\"og:url\" content=\"https:\/\/tekniseri.fi\/?page_id=617\" \/>\n<meta property=\"og:site_name\" content=\"Tekniseri\" \/>\n<meta property=\"article:publisher\" content=\"https:\/\/www.facebook.com\/tekniseri\/\" \/>\n<meta property=\"article:modified_time\" content=\"2020-09-07T06:45:03+00:00\" \/>\n<meta name=\"twitter:card\" content=\"summary_large_image\" \/>\n<meta name=\"twitter:label1\" content=\"Arvioitu lukuaika\" \/>\n\t<meta name=\"twitter:data1\" content=\"4 minuuttia\" \/>\n<script type=\"application\/ld+json\" class=\"yoast-schema-graph\">{\"@context\":\"https:\\\/\\\/schema.org\",\"@graph\":[{\"@type\":\"WebPage\",\"@id\":\"https:\\\/\\\/tekniseri.fi\\\/?page_id=617\",\"url\":\"https:\\\/\\\/tekniseri.fi\\\/?page_id=617\",\"name\":\"Treon &#187; Tekniseri\",\"isPartOf\":{\"@id\":\"https:\\\/\\\/tekniseri.fi\\\/#website\"},\"datePublished\":\"2020-09-06T09:24:37+00:00\",\"dateModified\":\"2020-09-07T06:45:03+00:00\",\"breadcrumb\":{\"@id\":\"https:\\\/\\\/tekniseri.fi\\\/?page_id=617#breadcrumb\"},\"inLanguage\":\"fi\",\"potentialAction\":[{\"@type\":\"ReadAction\",\"target\":[\"https:\\\/\\\/tekniseri.fi\\\/?page_id=617\"]}]},{\"@type\":\"BreadcrumbList\",\"@id\":\"https:\\\/\\\/tekniseri.fi\\\/?page_id=617#breadcrumb\",\"itemListElement\":[{\"@type\":\"ListItem\",\"position\":1,\"name\":\"Home\",\"item\":\"https:\\\/\\\/tekniseri.fi\\\/\"},{\"@type\":\"ListItem\",\"position\":2,\"name\":\"Referenssit\",\"item\":\"https:\\\/\\\/tekniseri.fi\\\/?page_id=543\"},{\"@type\":\"ListItem\",\"position\":3,\"name\":\"Treon\"}]},{\"@type\":\"WebSite\",\"@id\":\"https:\\\/\\\/tekniseri.fi\\\/#website\",\"url\":\"https:\\\/\\\/tekniseri.fi\\\/\",\"name\":\"Tekniseri\",\"description\":\"\",\"publisher\":{\"@id\":\"https:\\\/\\\/tekniseri.fi\\\/#organization\"},\"potentialAction\":[{\"@type\":\"SearchAction\",\"target\":{\"@type\":\"EntryPoint\",\"urlTemplate\":\"https:\\\/\\\/tekniseri.fi\\\/?s={search_term_string}\"},\"query-input\":{\"@type\":\"PropertyValueSpecification\",\"valueRequired\":true,\"valueName\":\"search_term_string\"}}],\"inLanguage\":\"fi\"},{\"@type\":\"Organization\",\"@id\":\"https:\\\/\\\/tekniseri.fi\\\/#organization\",\"name\":\"Tekniseri\",\"url\":\"https:\\\/\\\/tekniseri.fi\\\/\",\"logo\":{\"@type\":\"ImageObject\",\"inLanguage\":\"fi\",\"@id\":\"https:\\\/\\\/tekniseri.fi\\\/#\\\/schema\\\/logo\\\/image\\\/\",\"url\":\"https:\\\/\\\/tekniseri.fi\\\/wp-content\\\/uploads\\\/2023\\\/01\\\/Tekniseri-Logo-2023.jpg\",\"contentUrl\":\"https:\\\/\\\/tekniseri.fi\\\/wp-content\\\/uploads\\\/2023\\\/01\\\/Tekniseri-Logo-2023.jpg\",\"width\":2422,\"height\":356,\"caption\":\"Tekniseri\"},\"image\":{\"@id\":\"https:\\\/\\\/tekniseri.fi\\\/#\\\/schema\\\/logo\\\/image\\\/\"},\"sameAs\":[\"https:\\\/\\\/www.facebook.com\\\/tekniseri\\\/\",\"https:\\\/\\\/linkedin.com\\\/company\\\/tekniseri\"]}]}<\/script>\n<!-- \/ Yoast SEO plugin. -->","yoast_head_json":{"title":"Treon &#187; Tekniseri","robots":{"index":"index","follow":"follow","max-snippet":"max-snippet:-1","max-image-preview":"max-image-preview:large","max-video-preview":"max-video-preview:-1"},"canonical":"https:\/\/tekniseri.fi\/?page_id=617","og_locale":"fi_FI","og_type":"article","og_title":"Treon &#187; Tekniseri","og_url":"https:\/\/tekniseri.fi\/?page_id=617","og_site_name":"Tekniseri","article_publisher":"https:\/\/www.facebook.com\/tekniseri\/","article_modified_time":"2020-09-07T06:45:03+00:00","twitter_card":"summary_large_image","twitter_misc":{"Arvioitu lukuaika":"4 minuuttia"},"schema":{"@context":"https:\/\/schema.org","@graph":[{"@type":"WebPage","@id":"https:\/\/tekniseri.fi\/?page_id=617","url":"https:\/\/tekniseri.fi\/?page_id=617","name":"Treon &#187; Tekniseri","isPartOf":{"@id":"https:\/\/tekniseri.fi\/#website"},"datePublished":"2020-09-06T09:24:37+00:00","dateModified":"2020-09-07T06:45:03+00:00","breadcrumb":{"@id":"https:\/\/tekniseri.fi\/?page_id=617#breadcrumb"},"inLanguage":"fi","potentialAction":[{"@type":"ReadAction","target":["https:\/\/tekniseri.fi\/?page_id=617"]}]},{"@type":"BreadcrumbList","@id":"https:\/\/tekniseri.fi\/?page_id=617#breadcrumb","itemListElement":[{"@type":"ListItem","position":1,"name":"Home","item":"https:\/\/tekniseri.fi\/"},{"@type":"ListItem","position":2,"name":"Referenssit","item":"https:\/\/tekniseri.fi\/?page_id=543"},{"@type":"ListItem","position":3,"name":"Treon"}]},{"@type":"WebSite","@id":"https:\/\/tekniseri.fi\/#website","url":"https:\/\/tekniseri.fi\/","name":"Tekniseri","description":"","publisher":{"@id":"https:\/\/tekniseri.fi\/#organization"},"potentialAction":[{"@type":"SearchAction","target":{"@type":"EntryPoint","urlTemplate":"https:\/\/tekniseri.fi\/?s={search_term_string}"},"query-input":{"@type":"PropertyValueSpecification","valueRequired":true,"valueName":"search_term_string"}}],"inLanguage":"fi"},{"@type":"Organization","@id":"https:\/\/tekniseri.fi\/#organization","name":"Tekniseri","url":"https:\/\/tekniseri.fi\/","logo":{"@type":"ImageObject","inLanguage":"fi","@id":"https:\/\/tekniseri.fi\/#\/schema\/logo\/image\/","url":"https:\/\/tekniseri.fi\/wp-content\/uploads\/2023\/01\/Tekniseri-Logo-2023.jpg","contentUrl":"https:\/\/tekniseri.fi\/wp-content\/uploads\/2023\/01\/Tekniseri-Logo-2023.jpg","width":2422,"height":356,"caption":"Tekniseri"},"image":{"@id":"https:\/\/tekniseri.fi\/#\/schema\/logo\/image\/"},"sameAs":["https:\/\/www.facebook.com\/tekniseri\/","https:\/\/linkedin.com\/company\/tekniseri"]}]}},"_links":{"self":[{"href":"https:\/\/tekniseri.fi\/index.php?rest_route=\/wp\/v2\/pages\/617","targetHints":{"allow":["GET"]}}],"collection":[{"href":"https:\/\/tekniseri.fi\/index.php?rest_route=\/wp\/v2\/pages"}],"about":[{"href":"https:\/\/tekniseri.fi\/index.php?rest_route=\/wp\/v2\/types\/page"}],"author":[{"embeddable":true,"href":"https:\/\/tekniseri.fi\/index.php?rest_route=\/wp\/v2\/users\/1"}],"replies":[{"embeddable":true,"href":"https:\/\/tekniseri.fi\/index.php?rest_route=%2Fwp%2Fv2%2Fcomments&post=617"}],"version-history":[{"count":5,"href":"https:\/\/tekniseri.fi\/index.php?rest_route=\/wp\/v2\/pages\/617\/revisions"}],"predecessor-version":[{"id":647,"href":"https:\/\/tekniseri.fi\/index.php?rest_route=\/wp\/v2\/pages\/617\/revisions\/647"}],"up":[{"embeddable":true,"href":"https:\/\/tekniseri.fi\/index.php?rest_route=\/wp\/v2\/pages\/543"}],"wp:attachment":[{"href":"https:\/\/tekniseri.fi\/index.php?rest_route=%2Fwp%2Fv2%2Fmedia&parent=617"}],"curies":[{"name":"wp","href":"https:\/\/api.w.org\/{rel}","templated":true}]}}