{"id":580,"date":"2020-09-03T05:53:02","date_gmt":"2020-09-03T05:53:02","guid":{"rendered":"https:\/\/tekniseri.com?page_id=580"},"modified":"2020-09-03T17:36:31","modified_gmt":"2020-09-03T17:36:31","slug":"tekniseri-yhtiona","status":"publish","type":"page","link":"https:\/\/tekniseri.fi\/?page_id=580","title":{"rendered":"Tekniseri yhti\u00f6n\u00e4"},"content":{"rendered":"<div class=\"fusion-fullwidth fullwidth-box fusion-builder-row-1 nonhundred-percent-fullwidth non-hundred-percent-height-scrolling\" style=\"--awb-border-radius-top-left:0px;--awb-border-radius-top-right:0px;--awb-border-radius-bottom-right:0px;--awb-border-radius-bottom-left:0px;--awb-flex-wrap:wrap;\" ><div class=\"fusion-builder-row fusion-row\"><div class=\"fusion-layout-column fusion_builder_column fusion-builder-column-0 fusion_builder_column_1_1 1_1 fusion-one-full fusion-column-first fusion-column-last\" style=\"--awb-bg-size:cover;\"><div class=\"fusion-column-wrapper fusion-column-has-shadow fusion-flex-column-wrapper-legacy\"><div class=\"fusion-text fusion-text-1\"><h3 style=\"text-align: center;\">Tekniseri yhti\u00f6n\u00e4<\/h3>\n<p style=\"text-align: justify;\">Tekniserin historia ulottuu vuoteen 1985, jolloin kansainv\u00e4lisi\u00e4 teollisuusyrityksi\u00e4 kuten ABB, Ericsson ja Nokia palveleva painotalo rekister\u00f6itiin t\u00e4ll\u00e4 nimell\u00e4 osakeyhti\u00f6ksi Suomessa. Siit\u00e4 l\u00e4htien Tekniseri on palvellut teollisuussektorin asiakkaitaan merkint\u00e4tuotteissa, tukien heit\u00e4 graafisessa suunnittelussa ja tuotannossa. Yhti\u00f6 on k\u00e4ynyt l\u00e4pi monia muutoksia liiketoiminnan alkutaipaleella, liitt\u00e4en uusia yhti\u00f6it\u00e4 osaksi emoyhti\u00f6t\u00e4 matkan varrella, erityisesti 90-luvulla. Sellaiset yhti\u00f6t kuten CAD-Seri Oy, Seri-Teksti, Lisa-Print, Seritoimi, Eloksointi Oy, Moniseri, Scanfil Mekaniikkapaino ja Galvano palvelevat asiakkaitaan nykyisin Tekniseri br\u00e4ndin alla. Nykyinen toiminta ja ty\u00f6etiikka, vaativien teollisuusasiakkaiden pitk\u00e4j\u00e4nteinen palveleminen on kehittynyt vuosikymmenten painoliiketoiminnan kokemuksen my\u00f6t\u00e4.<\/p>\n<\/div><div class=\"fusion-text fusion-text-2\"><p style=\"text-align: justify;\">Tekniserin strategian ytimess\u00e4 on tehd\u00e4 teollisuusyrityksille merkint\u00e4- ja eristystuotteiden hallinta mahdollisimman helpoksi ja tehokkaaksi. Palvelukonseptin tavoitteena on kehitt\u00e4\u00e4 kumppanuus ja yhteisty\u00f6 asiakkaan kanssa mahdollisimman helpoksi, laajentaen yhteisty\u00f6t\u00e4 kattamaan kaikki asiakkaan merkint\u00e4- ja eristetuotteiden hankinta ja hallinta yhdelt\u00e4 toimittajalta. T\u00e4m\u00e4n strategian my\u00f6t\u00e4 liiketoiminta onkin laajentunut kattamaan merkint\u00e4tuotteiden lis\u00e4ksi my\u00f6s esimerkiksi eristeet ja kalvokytkimet. T\u00e4n\u00e4 p\u00e4iv\u00e4n\u00e4 Tekniserin palvelee asiakkaitaan nelj\u00e4n yksik\u00f6n kautta: tuotanto kattaa tuotantoyksik\u00f6t Suomessa (Kempeleess\u00e4 ja Porissa) ja Kiinassa, Suzhoussa, jonka lis\u00e4ksi yhti\u00f6ll\u00e4 on myyntikonttori Espoossa.<\/p>\n<p style=\"text-align: justify;\">Tekniseri Kempele on yhti\u00f6n suurin tuotantoyksikk\u00f6, koostuen kahdesta tehtaasta, jotka keskittyv\u00e4t pintakalvojen ja eristetuotteiden valmistukseen.<\/p>\n<\/div><div class=\"fusion-image-element fusion-image-align-center in-legacy-container\" style=\"text-align:center;--awb-caption-title-font-family:var(--h2_typography-font-family);--awb-caption-title-font-weight:var(--h2_typography-font-weight);--awb-caption-title-font-style:var(--h2_typography-font-style);--awb-caption-title-size:var(--h2_typography-font-size);--awb-caption-title-transform:var(--h2_typography-text-transform);--awb-caption-title-line-height:var(--h2_typography-line-height);--awb-caption-title-letter-spacing:var(--h2_typography-letter-spacing);\"><div class=\"imageframe-align-center\"><span class=\" fusion-imageframe imageframe-none imageframe-1 hover-type-none\"><img decoding=\"async\" width=\"2432\" height=\"1445\" title=\"IMG_3769\" src=\"https:\/\/tekniseri.com\/wp-content\/uploads\/2020\/07\/IMG_3769-scaled-e1594984922176.jpg\" alt class=\"img-responsive wp-image-581\" srcset=\"https:\/\/tekniseri.fi\/wp-content\/uploads\/2020\/07\/IMG_3769-scaled-e1594984922176-200x119.jpg 200w, https:\/\/tekniseri.fi\/wp-content\/uploads\/2020\/07\/IMG_3769-scaled-e1594984922176-400x238.jpg 400w, https:\/\/tekniseri.fi\/wp-content\/uploads\/2020\/07\/IMG_3769-scaled-e1594984922176-600x356.jpg 600w, https:\/\/tekniseri.fi\/wp-content\/uploads\/2020\/07\/IMG_3769-scaled-e1594984922176-800x475.jpg 800w, https:\/\/tekniseri.fi\/wp-content\/uploads\/2020\/07\/IMG_3769-scaled-e1594984922176-1200x713.jpg 1200w, https:\/\/tekniseri.fi\/wp-content\/uploads\/2020\/07\/IMG_3769-scaled-e1594984922176.jpg 2432w\" sizes=\"(max-width: 800px) 100vw, 2432px\" \/><\/span><\/div><\/div><div class=\"fusion-text fusion-text-3\"><p style=\"text-align: justify;\">Tekniseri-tiimi tehtaan edustalla Kempeleess\u00e4.<\/p>\n<p style=\"text-align: justify;\">Tekniseri Porin yksikk\u00f6 on keskittynyt toiminnassaan metallien, ennekaikkea alumiinin k\u00e4sittelyyn ja painotoimintaan, sek\u00e4 tampopainoon.<\/p>\n<\/div><div class=\"fusion-image-element fusion-image-align-center in-legacy-container\" style=\"text-align:center;--awb-caption-title-font-family:var(--h2_typography-font-family);--awb-caption-title-font-weight:var(--h2_typography-font-weight);--awb-caption-title-font-style:var(--h2_typography-font-style);--awb-caption-title-size:var(--h2_typography-font-size);--awb-caption-title-transform:var(--h2_typography-text-transform);--awb-caption-title-line-height:var(--h2_typography-line-height);--awb-caption-title-letter-spacing:var(--h2_typography-letter-spacing);\"><div class=\"imageframe-align-center\"><span class=\" fusion-imageframe imageframe-none imageframe-2 hover-type-none\"><img decoding=\"async\" width=\"2560\" height=\"1491\" title=\"IMG_0453\" src=\"https:\/\/tekniseri.com\/wp-content\/uploads\/2020\/07\/IMG_0453-scaled-e1594989603888.jpg\" alt class=\"img-responsive wp-image-582\" srcset=\"https:\/\/tekniseri.fi\/wp-content\/uploads\/2020\/07\/IMG_0453-scaled-e1594989603888-200x116.jpg 200w, https:\/\/tekniseri.fi\/wp-content\/uploads\/2020\/07\/IMG_0453-scaled-e1594989603888-400x233.jpg 400w, https:\/\/tekniseri.fi\/wp-content\/uploads\/2020\/07\/IMG_0453-scaled-e1594989603888-600x349.jpg 600w, https:\/\/tekniseri.fi\/wp-content\/uploads\/2020\/07\/IMG_0453-scaled-e1594989603888-800x466.jpg 800w, https:\/\/tekniseri.fi\/wp-content\/uploads\/2020\/07\/IMG_0453-scaled-e1594989603888-1200x699.jpg 1200w, https:\/\/tekniseri.fi\/wp-content\/uploads\/2020\/07\/IMG_0453-scaled-e1594989603888.jpg 2560w\" sizes=\"(max-width: 800px) 100vw, 2560px\" \/><\/span><\/div><\/div><div class=\"fusion-text fusion-text-4\"><p style=\"text-align: justify;\"><span data-contrast=\"auto\">Tekniseri Porin yksik\u00f6n henkil\u00f6kuntaa.<\/span><\/p>\n<p style=\"text-align: justify;\"><span data-contrast=\"auto\">Tekniseri Suzhou:n operaatiot Kiinassa on aloitettu vuonna 2010, tavoitteena oli tuolloin kansainv\u00e4listen teollisuusyhti\u00f6iden palveleminen tarjoten Aasiassa yht\u00e4l\u00e4isen palvelutason, tuotteet ja prosessit, sek\u00e4 nopeat toimitusajat kuin yhti\u00f6n Euroopan yksik\u00f6ille. Operaatiot ja tuotanto on kasvanut tasaisesti Kiinassa perustamisestaan l\u00e4htien. T\u00e4n\u00e4 p\u00e4iv\u00e4n\u00e4 Tekniseri palvelee my\u00f6s paikallista asiakaskuntaa Kiinassa ja Aasiassa.<\/span><\/p>\n<\/div><div class=\"fusion-image-element in-legacy-container\" style=\"--awb-caption-title-font-family:var(--h2_typography-font-family);--awb-caption-title-font-weight:var(--h2_typography-font-weight);--awb-caption-title-font-style:var(--h2_typography-font-style);--awb-caption-title-size:var(--h2_typography-font-size);--awb-caption-title-transform:var(--h2_typography-text-transform);--awb-caption-title-line-height:var(--h2_typography-line-height);--awb-caption-title-letter-spacing:var(--h2_typography-letter-spacing);\"><span class=\" fusion-imageframe imageframe-none imageframe-3 hover-type-none\"><img decoding=\"async\" width=\"2560\" height=\"1548\" title=\"rpt\" src=\"https:\/\/tekniseri.com\/wp-content\/uploads\/2020\/07\/IMG_20200714_101109-scaled-e1595232363667.jpg\" alt class=\"img-responsive wp-image-583\" srcset=\"https:\/\/tekniseri.fi\/wp-content\/uploads\/2020\/07\/IMG_20200714_101109-scaled-e1595232363667-200x121.jpg 200w, https:\/\/tekniseri.fi\/wp-content\/uploads\/2020\/07\/IMG_20200714_101109-scaled-e1595232363667-400x242.jpg 400w, https:\/\/tekniseri.fi\/wp-content\/uploads\/2020\/07\/IMG_20200714_101109-scaled-e1595232363667-600x363.jpg 600w, https:\/\/tekniseri.fi\/wp-content\/uploads\/2020\/07\/IMG_20200714_101109-scaled-e1595232363667-800x484.jpg 800w, https:\/\/tekniseri.fi\/wp-content\/uploads\/2020\/07\/IMG_20200714_101109-scaled-e1595232363667-1200x726.jpg 1200w, https:\/\/tekniseri.fi\/wp-content\/uploads\/2020\/07\/IMG_20200714_101109-scaled-e1595232363667.jpg 2560w\" sizes=\"(max-width: 800px) 100vw, 2560px\" \/><\/span><\/div><div class=\"fusion-text fusion-text-5\"><p>Tekniseri-tiimi Suzhoussa, Kiinassa.<\/p>\n<\/div><div class=\"fusion-clearfix\"><\/div><\/div><\/div><\/div><\/div>\n","protected":false},"excerpt":{"rendered":"","protected":false},"author":1,"featured_media":0,"parent":0,"menu_order":0,"comment_status":"closed","ping_status":"closed","template":"","meta":{"footnotes":""},"class_list":["post-580","page","type-page","status-publish","hentry"],"yoast_head":"<!-- This site is optimized with the Yoast SEO plugin v27.3 - https:\/\/yoast.com\/product\/yoast-seo-wordpress\/ -->\n<title>Tekniseri yhti\u00f6n\u00e4 &#187; Tekniseri<\/title>\n<meta name=\"robots\" content=\"index, follow, max-snippet:-1, max-image-preview:large, max-video-preview:-1\" \/>\n<link rel=\"canonical\" href=\"https:\/\/tekniseri.fi\/?page_id=580\" \/>\n<meta property=\"og:locale\" content=\"fi_FI\" \/>\n<meta property=\"og:type\" content=\"article\" \/>\n<meta property=\"og:title\" content=\"Tekniseri yhti\u00f6n\u00e4 &#187; Tekniseri\" \/>\n<meta property=\"og:url\" content=\"https:\/\/tekniseri.fi\/?page_id=580\" \/>\n<meta property=\"og:site_name\" content=\"Tekniseri\" \/>\n<meta property=\"article:publisher\" content=\"https:\/\/www.facebook.com\/tekniseri\/\" \/>\n<meta property=\"article:modified_time\" content=\"2020-09-03T17:36:31+00:00\" \/>\n<meta name=\"twitter:card\" content=\"summary_large_image\" \/>\n<meta name=\"twitter:label1\" content=\"Arvioitu lukuaika\" \/>\n\t<meta name=\"twitter:data1\" content=\"6 minuuttia\" \/>\n<script type=\"application\/ld+json\" class=\"yoast-schema-graph\">{\"@context\":\"https:\\\/\\\/schema.org\",\"@graph\":[{\"@type\":\"WebPage\",\"@id\":\"https:\\\/\\\/tekniseri.fi\\\/?page_id=580\",\"url\":\"https:\\\/\\\/tekniseri.fi\\\/?page_id=580\",\"name\":\"Tekniseri yhti\u00f6n\u00e4 &#187; Tekniseri\",\"isPartOf\":{\"@id\":\"https:\\\/\\\/tekniseri.fi\\\/#website\"},\"datePublished\":\"2020-09-03T05:53:02+00:00\",\"dateModified\":\"2020-09-03T17:36:31+00:00\",\"breadcrumb\":{\"@id\":\"https:\\\/\\\/tekniseri.fi\\\/?page_id=580#breadcrumb\"},\"inLanguage\":\"fi\",\"potentialAction\":[{\"@type\":\"ReadAction\",\"target\":[\"https:\\\/\\\/tekniseri.fi\\\/?page_id=580\"]}]},{\"@type\":\"BreadcrumbList\",\"@id\":\"https:\\\/\\\/tekniseri.fi\\\/?page_id=580#breadcrumb\",\"itemListElement\":[{\"@type\":\"ListItem\",\"position\":1,\"name\":\"Home\",\"item\":\"https:\\\/\\\/tekniseri.fi\\\/\"},{\"@type\":\"ListItem\",\"position\":2,\"name\":\"Tekniseri yhti\u00f6n\u00e4\"}]},{\"@type\":\"WebSite\",\"@id\":\"https:\\\/\\\/tekniseri.fi\\\/#website\",\"url\":\"https:\\\/\\\/tekniseri.fi\\\/\",\"name\":\"Tekniseri\",\"description\":\"\",\"publisher\":{\"@id\":\"https:\\\/\\\/tekniseri.fi\\\/#organization\"},\"potentialAction\":[{\"@type\":\"SearchAction\",\"target\":{\"@type\":\"EntryPoint\",\"urlTemplate\":\"https:\\\/\\\/tekniseri.fi\\\/?s={search_term_string}\"},\"query-input\":{\"@type\":\"PropertyValueSpecification\",\"valueRequired\":true,\"valueName\":\"search_term_string\"}}],\"inLanguage\":\"fi\"},{\"@type\":\"Organization\",\"@id\":\"https:\\\/\\\/tekniseri.fi\\\/#organization\",\"name\":\"Tekniseri\",\"url\":\"https:\\\/\\\/tekniseri.fi\\\/\",\"logo\":{\"@type\":\"ImageObject\",\"inLanguage\":\"fi\",\"@id\":\"https:\\\/\\\/tekniseri.fi\\\/#\\\/schema\\\/logo\\\/image\\\/\",\"url\":\"https:\\\/\\\/tekniseri.fi\\\/wp-content\\\/uploads\\\/2023\\\/01\\\/Tekniseri-Logo-2023.jpg\",\"contentUrl\":\"https:\\\/\\\/tekniseri.fi\\\/wp-content\\\/uploads\\\/2023\\\/01\\\/Tekniseri-Logo-2023.jpg\",\"width\":2422,\"height\":356,\"caption\":\"Tekniseri\"},\"image\":{\"@id\":\"https:\\\/\\\/tekniseri.fi\\\/#\\\/schema\\\/logo\\\/image\\\/\"},\"sameAs\":[\"https:\\\/\\\/www.facebook.com\\\/tekniseri\\\/\",\"https:\\\/\\\/linkedin.com\\\/company\\\/tekniseri\"]}]}<\/script>\n<!-- \/ Yoast SEO plugin. -->","yoast_head_json":{"title":"Tekniseri yhti\u00f6n\u00e4 &#187; Tekniseri","robots":{"index":"index","follow":"follow","max-snippet":"max-snippet:-1","max-image-preview":"max-image-preview:large","max-video-preview":"max-video-preview:-1"},"canonical":"https:\/\/tekniseri.fi\/?page_id=580","og_locale":"fi_FI","og_type":"article","og_title":"Tekniseri yhti\u00f6n\u00e4 &#187; Tekniseri","og_url":"https:\/\/tekniseri.fi\/?page_id=580","og_site_name":"Tekniseri","article_publisher":"https:\/\/www.facebook.com\/tekniseri\/","article_modified_time":"2020-09-03T17:36:31+00:00","twitter_card":"summary_large_image","twitter_misc":{"Arvioitu lukuaika":"6 minuuttia"},"schema":{"@context":"https:\/\/schema.org","@graph":[{"@type":"WebPage","@id":"https:\/\/tekniseri.fi\/?page_id=580","url":"https:\/\/tekniseri.fi\/?page_id=580","name":"Tekniseri yhti\u00f6n\u00e4 &#187; Tekniseri","isPartOf":{"@id":"https:\/\/tekniseri.fi\/#website"},"datePublished":"2020-09-03T05:53:02+00:00","dateModified":"2020-09-03T17:36:31+00:00","breadcrumb":{"@id":"https:\/\/tekniseri.fi\/?page_id=580#breadcrumb"},"inLanguage":"fi","potentialAction":[{"@type":"ReadAction","target":["https:\/\/tekniseri.fi\/?page_id=580"]}]},{"@type":"BreadcrumbList","@id":"https:\/\/tekniseri.fi\/?page_id=580#breadcrumb","itemListElement":[{"@type":"ListItem","position":1,"name":"Home","item":"https:\/\/tekniseri.fi\/"},{"@type":"ListItem","position":2,"name":"Tekniseri yhti\u00f6n\u00e4"}]},{"@type":"WebSite","@id":"https:\/\/tekniseri.fi\/#website","url":"https:\/\/tekniseri.fi\/","name":"Tekniseri","description":"","publisher":{"@id":"https:\/\/tekniseri.fi\/#organization"},"potentialAction":[{"@type":"SearchAction","target":{"@type":"EntryPoint","urlTemplate":"https:\/\/tekniseri.fi\/?s={search_term_string}"},"query-input":{"@type":"PropertyValueSpecification","valueRequired":true,"valueName":"search_term_string"}}],"inLanguage":"fi"},{"@type":"Organization","@id":"https:\/\/tekniseri.fi\/#organization","name":"Tekniseri","url":"https:\/\/tekniseri.fi\/","logo":{"@type":"ImageObject","inLanguage":"fi","@id":"https:\/\/tekniseri.fi\/#\/schema\/logo\/image\/","url":"https:\/\/tekniseri.fi\/wp-content\/uploads\/2023\/01\/Tekniseri-Logo-2023.jpg","contentUrl":"https:\/\/tekniseri.fi\/wp-content\/uploads\/2023\/01\/Tekniseri-Logo-2023.jpg","width":2422,"height":356,"caption":"Tekniseri"},"image":{"@id":"https:\/\/tekniseri.fi\/#\/schema\/logo\/image\/"},"sameAs":["https:\/\/www.facebook.com\/tekniseri\/","https:\/\/linkedin.com\/company\/tekniseri"]}]}},"_links":{"self":[{"href":"https:\/\/tekniseri.fi\/index.php?rest_route=\/wp\/v2\/pages\/580","targetHints":{"allow":["GET"]}}],"collection":[{"href":"https:\/\/tekniseri.fi\/index.php?rest_route=\/wp\/v2\/pages"}],"about":[{"href":"https:\/\/tekniseri.fi\/index.php?rest_route=\/wp\/v2\/types\/page"}],"author":[{"embeddable":true,"href":"https:\/\/tekniseri.fi\/index.php?rest_route=\/wp\/v2\/users\/1"}],"replies":[{"embeddable":true,"href":"https:\/\/tekniseri.fi\/index.php?rest_route=%2Fwp%2Fv2%2Fcomments&post=580"}],"version-history":[{"count":5,"href":"https:\/\/tekniseri.fi\/index.php?rest_route=\/wp\/v2\/pages\/580\/revisions"}],"predecessor-version":[{"id":616,"href":"https:\/\/tekniseri.fi\/index.php?rest_route=\/wp\/v2\/pages\/580\/revisions\/616"}],"wp:attachment":[{"href":"https:\/\/tekniseri.fi\/index.php?rest_route=%2Fwp%2Fv2%2Fmedia&parent=580"}],"curies":[{"name":"wp","href":"https:\/\/api.w.org\/{rel}","templated":true}]}}