{"id":574,"date":"2020-09-02T21:29:19","date_gmt":"2020-09-02T21:29:19","guid":{"rendered":"https:\/\/tekniseri.com?page_id=574"},"modified":"2020-09-06T09:36:07","modified_gmt":"2020-09-06T09:36:07","slug":"9solutions","status":"publish","type":"page","link":"https:\/\/tekniseri.fi\/?page_id=574","title":{"rendered":"9Solutions"},"content":{"rendered":"<div class=\"fusion-fullwidth fullwidth-box fusion-builder-row-1 nonhundred-percent-fullwidth non-hundred-percent-height-scrolling\" style=\"--awb-border-radius-top-left:0px;--awb-border-radius-top-right:0px;--awb-border-radius-bottom-right:0px;--awb-border-radius-bottom-left:0px;--awb-flex-wrap:wrap;\" ><div class=\"fusion-builder-row fusion-row\"><div class=\"fusion-layout-column fusion_builder_column fusion-builder-column-0 fusion_builder_column_1_1 1_1 fusion-one-full fusion-column-first fusion-column-last\" style=\"--awb-bg-size:cover;\"><div class=\"fusion-column-wrapper fusion-column-has-shadow fusion-flex-column-wrapper-legacy\"><div class=\"fusion-image-element fusion-image-align-center in-legacy-container\" style=\"text-align:center;--awb-caption-title-font-family:var(--h2_typography-font-family);--awb-caption-title-font-weight:var(--h2_typography-font-weight);--awb-caption-title-font-style:var(--h2_typography-font-style);--awb-caption-title-size:var(--h2_typography-font-size);--awb-caption-title-transform:var(--h2_typography-text-transform);--awb-caption-title-line-height:var(--h2_typography-line-height);--awb-caption-title-letter-spacing:var(--h2_typography-letter-spacing);\"><div class=\"imageframe-align-center\"><span class=\" fusion-imageframe imageframe-none imageframe-1 hover-type-none\"><img decoding=\"async\" width=\"1024\" height=\"580\" title=\"4E5A3450\" src=\"https:\/\/tekniseri.com\/wp-content\/uploads\/2020\/05\/4E5A3450-e1590581618773-1024x580.jpg\" alt class=\"img-responsive wp-image-575\"\/><\/span><\/div><\/div><div class=\"fusion-text fusion-text-1\"><h3 style=\"text-align: center;\"><span class=\"TextRun SCXW34319449 BCX0\" lang=\"EN-US\" xml:lang=\"EN-US\" data-contrast=\"auto\"><span class=\"NormalTextRun SCXW34319449 BCX0\">Plug &amp; Play Hoitajakutsuratkaisu 9Solutionsilta<\/span><\/span><span class=\"EOP SCXW34319449 BCX0\" data-ccp-props=\"{\"> <\/span><\/h3>\n<p style=\"text-align: justify;\"><span class=\"TextRun SCXW199618633 BCX0\" lang=\"EN-US\" xml:lang=\"EN-US\" data-contrast=\"auto\"><span class=\"NormalTextRun SCXW199618633 BCX0\">Tietoliikenneteknologia kehittyy my\u00f6s terveydenhuolto- ja hoiva-alalla ja hoitajakutsuratkaisu on kehitetty helpottamaan sairaaloita ja hoivakoteja reaaliaikaisen viestinn\u00e4n j\u00e4rjest\u00e4misess\u00e4 niin, ett\u00e4 paikantavan hoitajakutsun ansiosta apu on nopeasti saatavilla, kun sita\u0308 tarvitaan. T\u00e4m\u00e4 potilaan hyvinvoinnin kannalta ehdottoman t\u00e4rke\u00e4 vaatimus on toteutettavissa 9Solutions hoitajakutsuj\u00e4rjestelm\u00e4n avulla. <\/span><\/span>9Solutions on Suomen johtava paikantavien turva- ja viestint\u00e4j\u00e4rjestelmien sek\u00e4 \u00e4lykk\u00e4iden hoivaratkaisujen toimittaja. Yrityksen j\u00e4rjestelm\u00e4t ovat k\u00e4yt\u00f6ss\u00e4 terveydenhuollon organisaatioissa niin palvelutaloissa, sairaaloissa kuin kotihoidossa. Hoitajakutsuj\u00e4rjestelm\u00e4 koostuu kolmesta komponentista: potilaan langaton kutsukoje hoitajakutsua ja kiireet\u00f6nt\u00e4 palvelupyynt\u00f6\u00e4 varten, huonekoje puheyhteydell\u00e4 potilaan ja henkil\u00f6kunnan v\u00e4lille, mobiilisovellus h\u00e4lytysten ja teht\u00e4vien vastaanottoon ja k\u00e4sittelyyn.<\/p>\n<\/div><div class=\"fusion-image-element fusion-image-align-center in-legacy-container\" style=\"text-align:center;--awb-caption-title-font-family:var(--h2_typography-font-family);--awb-caption-title-font-weight:var(--h2_typography-font-weight);--awb-caption-title-font-style:var(--h2_typography-font-style);--awb-caption-title-size:var(--h2_typography-font-size);--awb-caption-title-transform:var(--h2_typography-text-transform);--awb-caption-title-line-height:var(--h2_typography-line-height);--awb-caption-title-letter-spacing:var(--h2_typography-letter-spacing);\"><div class=\"imageframe-align-center\"><span class=\" fusion-imageframe imageframe-none imageframe-2 hover-type-none\"><img decoding=\"async\" width=\"1024\" height=\"541\" title=\"9solutions\" src=\"https:\/\/tekniseri.com\/wp-content\/uploads\/2020\/05\/9solutions-1024x541.png\" alt class=\"img-responsive wp-image-576\" srcset=\"https:\/\/tekniseri.fi\/wp-content\/uploads\/2020\/05\/9solutions-200x106.png 200w, https:\/\/tekniseri.fi\/wp-content\/uploads\/2020\/05\/9solutions-400x211.png 400w, https:\/\/tekniseri.fi\/wp-content\/uploads\/2020\/05\/9solutions-600x317.png 600w, https:\/\/tekniseri.fi\/wp-content\/uploads\/2020\/05\/9solutions-800x423.png 800w, https:\/\/tekniseri.fi\/wp-content\/uploads\/2020\/05\/9solutions-1200x634.png 1200w, https:\/\/tekniseri.fi\/wp-content\/uploads\/2020\/05\/9solutions.png 1600w\" sizes=\"(max-width: 800px) 100vw, 1024px\" \/><\/span><\/div><\/div><div class=\"fusion-text fusion-text-2\"><p style=\"text-align: justify;\">Tekniseri toimii 9Solutions kumppanina valmistaen pintakalvot hoitajakutsuj\u00e4rjestelm\u00e4n komponentteihin. Pintakalvojen materiaalina k\u00e4ytet\u00e4\u00e4n korkealaatuisia pintak\u00e4siteltyj\u00e4 polyesterikalvoja, jotka kulutusta kest\u00e4v\u00e4n\u00e4 materiaalina soveltuvat hyvin sellaisiin sovelluksiin kuten ohjauspaneelit, pintakalvot ja preeglatut (kohopuristetut) kalvokytkimet. Silkkipaino tehd\u00e4\u00e4n kalvon alapuolelle, joten v\u00e4rit kest\u00e4v\u00e4t erinomaisesti kulutusta. Laserleikkaus ja kohokuviointi varmistavat laadukkaan lopputuloksen ja miellytt\u00e4v\u00e4n tuntuman kojeeseen.<\/p>\n<p>Lue lis\u00e4\u00e4 9Solutionsista osoitteessa: <em><a href=\"https:\/\/9solutions.com\/\">9Solutions.com<\/a><\/em>.<\/p>\n<\/div><div class=\"fusion-clearfix\"><\/div><\/div><\/div><\/div><\/div>\n","protected":false},"excerpt":{"rendered":"","protected":false},"author":1,"featured_media":0,"parent":543,"menu_order":0,"comment_status":"closed","ping_status":"closed","template":"100-width.php","meta":{"footnotes":""},"class_list":["post-574","page","type-page","status-publish","hentry"],"yoast_head":"<!-- This site is optimized with the Yoast SEO plugin v27.3 - https:\/\/yoast.com\/product\/yoast-seo-wordpress\/ -->\n<title>9Solutions &#187; Tekniseri<\/title>\n<meta name=\"robots\" content=\"index, follow, max-snippet:-1, max-image-preview:large, max-video-preview:-1\" \/>\n<link rel=\"canonical\" href=\"https:\/\/tekniseri.fi\/?page_id=574\" \/>\n<meta property=\"og:locale\" content=\"fi_FI\" \/>\n<meta property=\"og:type\" content=\"article\" \/>\n<meta property=\"og:title\" content=\"9Solutions &#187; Tekniseri\" \/>\n<meta property=\"og:url\" content=\"https:\/\/tekniseri.fi\/?page_id=574\" \/>\n<meta property=\"og:site_name\" content=\"Tekniseri\" \/>\n<meta property=\"article:publisher\" content=\"https:\/\/www.facebook.com\/tekniseri\/\" \/>\n<meta property=\"article:modified_time\" content=\"2020-09-06T09:36:07+00:00\" \/>\n<meta name=\"twitter:card\" content=\"summary_large_image\" \/>\n<meta name=\"twitter:label1\" content=\"Arvioitu lukuaika\" \/>\n\t<meta name=\"twitter:data1\" content=\"4 minuuttia\" \/>\n<script type=\"application\/ld+json\" class=\"yoast-schema-graph\">{\"@context\":\"https:\\\/\\\/schema.org\",\"@graph\":[{\"@type\":\"WebPage\",\"@id\":\"https:\\\/\\\/tekniseri.fi\\\/?page_id=574\",\"url\":\"https:\\\/\\\/tekniseri.fi\\\/?page_id=574\",\"name\":\"9Solutions &#187; Tekniseri\",\"isPartOf\":{\"@id\":\"https:\\\/\\\/tekniseri.fi\\\/#website\"},\"datePublished\":\"2020-09-02T21:29:19+00:00\",\"dateModified\":\"2020-09-06T09:36:07+00:00\",\"breadcrumb\":{\"@id\":\"https:\\\/\\\/tekniseri.fi\\\/?page_id=574#breadcrumb\"},\"inLanguage\":\"fi\",\"potentialAction\":[{\"@type\":\"ReadAction\",\"target\":[\"https:\\\/\\\/tekniseri.fi\\\/?page_id=574\"]}]},{\"@type\":\"BreadcrumbList\",\"@id\":\"https:\\\/\\\/tekniseri.fi\\\/?page_id=574#breadcrumb\",\"itemListElement\":[{\"@type\":\"ListItem\",\"position\":1,\"name\":\"Home\",\"item\":\"https:\\\/\\\/tekniseri.fi\\\/\"},{\"@type\":\"ListItem\",\"position\":2,\"name\":\"Referenssit\",\"item\":\"https:\\\/\\\/tekniseri.fi\\\/?page_id=543\"},{\"@type\":\"ListItem\",\"position\":3,\"name\":\"9Solutions\"}]},{\"@type\":\"WebSite\",\"@id\":\"https:\\\/\\\/tekniseri.fi\\\/#website\",\"url\":\"https:\\\/\\\/tekniseri.fi\\\/\",\"name\":\"Tekniseri\",\"description\":\"\",\"publisher\":{\"@id\":\"https:\\\/\\\/tekniseri.fi\\\/#organization\"},\"potentialAction\":[{\"@type\":\"SearchAction\",\"target\":{\"@type\":\"EntryPoint\",\"urlTemplate\":\"https:\\\/\\\/tekniseri.fi\\\/?s={search_term_string}\"},\"query-input\":{\"@type\":\"PropertyValueSpecification\",\"valueRequired\":true,\"valueName\":\"search_term_string\"}}],\"inLanguage\":\"fi\"},{\"@type\":\"Organization\",\"@id\":\"https:\\\/\\\/tekniseri.fi\\\/#organization\",\"name\":\"Tekniseri\",\"url\":\"https:\\\/\\\/tekniseri.fi\\\/\",\"logo\":{\"@type\":\"ImageObject\",\"inLanguage\":\"fi\",\"@id\":\"https:\\\/\\\/tekniseri.fi\\\/#\\\/schema\\\/logo\\\/image\\\/\",\"url\":\"https:\\\/\\\/tekniseri.fi\\\/wp-content\\\/uploads\\\/2023\\\/01\\\/Tekniseri-Logo-2023.jpg\",\"contentUrl\":\"https:\\\/\\\/tekniseri.fi\\\/wp-content\\\/uploads\\\/2023\\\/01\\\/Tekniseri-Logo-2023.jpg\",\"width\":2422,\"height\":356,\"caption\":\"Tekniseri\"},\"image\":{\"@id\":\"https:\\\/\\\/tekniseri.fi\\\/#\\\/schema\\\/logo\\\/image\\\/\"},\"sameAs\":[\"https:\\\/\\\/www.facebook.com\\\/tekniseri\\\/\",\"https:\\\/\\\/linkedin.com\\\/company\\\/tekniseri\"]}]}<\/script>\n<!-- \/ Yoast SEO plugin. -->","yoast_head_json":{"title":"9Solutions &#187; Tekniseri","robots":{"index":"index","follow":"follow","max-snippet":"max-snippet:-1","max-image-preview":"max-image-preview:large","max-video-preview":"max-video-preview:-1"},"canonical":"https:\/\/tekniseri.fi\/?page_id=574","og_locale":"fi_FI","og_type":"article","og_title":"9Solutions &#187; Tekniseri","og_url":"https:\/\/tekniseri.fi\/?page_id=574","og_site_name":"Tekniseri","article_publisher":"https:\/\/www.facebook.com\/tekniseri\/","article_modified_time":"2020-09-06T09:36:07+00:00","twitter_card":"summary_large_image","twitter_misc":{"Arvioitu lukuaika":"4 minuuttia"},"schema":{"@context":"https:\/\/schema.org","@graph":[{"@type":"WebPage","@id":"https:\/\/tekniseri.fi\/?page_id=574","url":"https:\/\/tekniseri.fi\/?page_id=574","name":"9Solutions &#187; Tekniseri","isPartOf":{"@id":"https:\/\/tekniseri.fi\/#website"},"datePublished":"2020-09-02T21:29:19+00:00","dateModified":"2020-09-06T09:36:07+00:00","breadcrumb":{"@id":"https:\/\/tekniseri.fi\/?page_id=574#breadcrumb"},"inLanguage":"fi","potentialAction":[{"@type":"ReadAction","target":["https:\/\/tekniseri.fi\/?page_id=574"]}]},{"@type":"BreadcrumbList","@id":"https:\/\/tekniseri.fi\/?page_id=574#breadcrumb","itemListElement":[{"@type":"ListItem","position":1,"name":"Home","item":"https:\/\/tekniseri.fi\/"},{"@type":"ListItem","position":2,"name":"Referenssit","item":"https:\/\/tekniseri.fi\/?page_id=543"},{"@type":"ListItem","position":3,"name":"9Solutions"}]},{"@type":"WebSite","@id":"https:\/\/tekniseri.fi\/#website","url":"https:\/\/tekniseri.fi\/","name":"Tekniseri","description":"","publisher":{"@id":"https:\/\/tekniseri.fi\/#organization"},"potentialAction":[{"@type":"SearchAction","target":{"@type":"EntryPoint","urlTemplate":"https:\/\/tekniseri.fi\/?s={search_term_string}"},"query-input":{"@type":"PropertyValueSpecification","valueRequired":true,"valueName":"search_term_string"}}],"inLanguage":"fi"},{"@type":"Organization","@id":"https:\/\/tekniseri.fi\/#organization","name":"Tekniseri","url":"https:\/\/tekniseri.fi\/","logo":{"@type":"ImageObject","inLanguage":"fi","@id":"https:\/\/tekniseri.fi\/#\/schema\/logo\/image\/","url":"https:\/\/tekniseri.fi\/wp-content\/uploads\/2023\/01\/Tekniseri-Logo-2023.jpg","contentUrl":"https:\/\/tekniseri.fi\/wp-content\/uploads\/2023\/01\/Tekniseri-Logo-2023.jpg","width":2422,"height":356,"caption":"Tekniseri"},"image":{"@id":"https:\/\/tekniseri.fi\/#\/schema\/logo\/image\/"},"sameAs":["https:\/\/www.facebook.com\/tekniseri\/","https:\/\/linkedin.com\/company\/tekniseri"]}]}},"_links":{"self":[{"href":"https:\/\/tekniseri.fi\/index.php?rest_route=\/wp\/v2\/pages\/574","targetHints":{"allow":["GET"]}}],"collection":[{"href":"https:\/\/tekniseri.fi\/index.php?rest_route=\/wp\/v2\/pages"}],"about":[{"href":"https:\/\/tekniseri.fi\/index.php?rest_route=\/wp\/v2\/types\/page"}],"author":[{"embeddable":true,"href":"https:\/\/tekniseri.fi\/index.php?rest_route=\/wp\/v2\/users\/1"}],"replies":[{"embeddable":true,"href":"https:\/\/tekniseri.fi\/index.php?rest_route=%2Fwp%2Fv2%2Fcomments&post=574"}],"version-history":[{"count":4,"href":"https:\/\/tekniseri.fi\/index.php?rest_route=\/wp\/v2\/pages\/574\/revisions"}],"predecessor-version":[{"id":627,"href":"https:\/\/tekniseri.fi\/index.php?rest_route=\/wp\/v2\/pages\/574\/revisions\/627"}],"up":[{"embeddable":true,"href":"https:\/\/tekniseri.fi\/index.php?rest_route=\/wp\/v2\/pages\/543"}],"wp:attachment":[{"href":"https:\/\/tekniseri.fi\/index.php?rest_route=%2Fwp%2Fv2%2Fmedia&parent=574"}],"curies":[{"name":"wp","href":"https:\/\/api.w.org\/{rel}","templated":true}]}}