{"id":568,"date":"2020-09-02T21:13:59","date_gmt":"2020-09-02T21:13:59","guid":{"rendered":"https:\/\/tekniseri.com?page_id=568"},"modified":"2020-09-06T09:36:07","modified_gmt":"2020-09-06T09:36:07","slug":"hk-instruments","status":"publish","type":"page","link":"https:\/\/tekniseri.fi\/?page_id=568","title":{"rendered":"HK Instruments"},"content":{"rendered":"<div class=\"fusion-fullwidth fullwidth-box fusion-builder-row-1 nonhundred-percent-fullwidth non-hundred-percent-height-scrolling\" style=\"--awb-border-radius-top-left:0px;--awb-border-radius-top-right:0px;--awb-border-radius-bottom-right:0px;--awb-border-radius-bottom-left:0px;--awb-flex-wrap:wrap;\" ><div class=\"fusion-builder-row fusion-row\"><div class=\"fusion-layout-column fusion_builder_column fusion-builder-column-0 fusion_builder_column_1_1 1_1 fusion-one-full fusion-column-first fusion-column-last\" style=\"--awb-bg-size:cover;\"><div class=\"fusion-column-wrapper fusion-column-has-shadow fusion-flex-column-wrapper-legacy\"><div class=\"fusion-image-element fusion-image-align-center in-legacy-container\" style=\"text-align:center;--awb-caption-title-font-family:var(--h2_typography-font-family);--awb-caption-title-font-weight:var(--h2_typography-font-weight);--awb-caption-title-font-style:var(--h2_typography-font-style);--awb-caption-title-size:var(--h2_typography-font-size);--awb-caption-title-transform:var(--h2_typography-text-transform);--awb-caption-title-line-height:var(--h2_typography-line-height);--awb-caption-title-letter-spacing:var(--h2_typography-letter-spacing);\"><div class=\"imageframe-align-center\"><span class=\" fusion-imageframe imageframe-none imageframe-1 hover-type-none\"><img decoding=\"async\" width=\"1024\" height=\"596\" title=\"shutterstock_675097492\" src=\"https:\/\/tekniseri.com\/wp-content\/uploads\/2020\/05\/shutterstock_675097492-scaled-e1590750052568-1024x596.jpg\" alt class=\"img-responsive wp-image-569\" srcset=\"https:\/\/tekniseri.fi\/wp-content\/uploads\/2020\/05\/shutterstock_675097492-scaled-e1590750052568-200x116.jpg 200w, https:\/\/tekniseri.fi\/wp-content\/uploads\/2020\/05\/shutterstock_675097492-scaled-e1590750052568-400x233.jpg 400w, https:\/\/tekniseri.fi\/wp-content\/uploads\/2020\/05\/shutterstock_675097492-scaled-e1590750052568-600x349.jpg 600w, https:\/\/tekniseri.fi\/wp-content\/uploads\/2020\/05\/shutterstock_675097492-scaled-e1590750052568-800x466.jpg 800w, https:\/\/tekniseri.fi\/wp-content\/uploads\/2020\/05\/shutterstock_675097492-scaled-e1590750052568-1200x699.jpg 1200w, https:\/\/tekniseri.fi\/wp-content\/uploads\/2020\/05\/shutterstock_675097492-scaled-e1590750052568.jpg 2560w\" sizes=\"(max-width: 800px) 100vw, 1024px\" \/><\/span><\/div><\/div><div class=\"fusion-text fusion-text-1\"><h3 style=\"text-align: center;\"><span class=\"TextRun SCXW87919291 BCX0\" lang=\"EN-US\" xml:lang=\"EN-US\" data-contrast=\"auto\"><span class=\"NormalTextRun SCXW87919291 BCX0\">Ymp\u00e4rist\u00f6yst\u00e4v\u00e4llisi\u00e4 ja energiaa s\u00e4\u00e4st\u00e4vi\u00e4 teknologioita tulevaisuuden rakennusteollisuuden LVI-sovelluksiin<\/span><\/span><span class=\"EOP SCXW87919291 BCX0\" data-ccp-props=\"{\"> <\/span><\/h3>\n<p style=\"text-align: justify;\">LVI teollisuuden keskeisimpi\u00e4 tulevaisuuden tavoitteita on ymp\u00e4rist\u00f6yst\u00e4v\u00e4llisempien teknologioiden kehitt\u00e4minen. Energias\u00e4\u00e4st\u00f6 ja kest\u00e4v\u00e4 kehitys on ollut viime vuosina l\u00e4mmityksen, ilmanvaihdon ja ilmastoinnin laitteistokehityksen ytimess\u00e4, mutta viimeaikaiset kehitystrendit kuten esineiden internet (IoT), \u00e4lykk\u00e4\u00e4t ratkaisut sek\u00e4 data-analytiikka ja automaatio ovat tuoneet selkeit\u00e4 muutoksia ja tehokkuutta rekannusteollisuuden LVI-sovelluksiin. HK Instruments paines\u00e4\u00e4timi\u00e4 k\u00e4ytet\u00e4\u00e4n ilmanpaineen, ilmavirtauksen ja kosteuden mittaukseen ja s\u00e4\u00e4t\u00f6\u00f6n LVI-sovelluksissa. S\u00e4\u00e4d\u00f6ll\u00e4 saavutetaan rakennusten miellytt\u00e4v\u00e4 ja terveellinen sis\u00e4ilmanlaatu samalla kontrolloiden operatiivisia kustannuksia, sek\u00e4 seuraten rakennusten huolto-ohjelmaa.<\/p>\n<\/div><div class=\"fusion-image-element fusion-image-align-center in-legacy-container\" style=\"text-align:center;--awb-caption-title-font-family:var(--h2_typography-font-family);--awb-caption-title-font-weight:var(--h2_typography-font-weight);--awb-caption-title-font-style:var(--h2_typography-font-style);--awb-caption-title-size:var(--h2_typography-font-size);--awb-caption-title-transform:var(--h2_typography-text-transform);--awb-caption-title-line-height:var(--h2_typography-line-height);--awb-caption-title-letter-spacing:var(--h2_typography-letter-spacing);\"><div class=\"imageframe-align-center\"><span class=\" fusion-imageframe imageframe-none imageframe-2 hover-type-none\"><img decoding=\"async\" width=\"1024\" height=\"564\" title=\"hkinstruments\" src=\"https:\/\/tekniseri.com\/wp-content\/uploads\/2020\/06\/hkinstruments-1024x564.png\" alt class=\"img-responsive wp-image-570\" srcset=\"https:\/\/tekniseri.fi\/wp-content\/uploads\/2020\/06\/hkinstruments-200x110.png 200w, https:\/\/tekniseri.fi\/wp-content\/uploads\/2020\/06\/hkinstruments-400x221.png 400w, https:\/\/tekniseri.fi\/wp-content\/uploads\/2020\/06\/hkinstruments-600x331.png 600w, https:\/\/tekniseri.fi\/wp-content\/uploads\/2020\/06\/hkinstruments-800x441.png 800w, https:\/\/tekniseri.fi\/wp-content\/uploads\/2020\/06\/hkinstruments-1200x662.png 1200w, https:\/\/tekniseri.fi\/wp-content\/uploads\/2020\/06\/hkinstruments.png 1600w\" sizes=\"(max-width: 800px) 100vw, 1024px\" \/><\/span><\/div><\/div><div class=\"fusion-text fusion-text-2\"><p>Tekniseri valmistaa pintakalvoja HK Instrumentsin tuotteisiin. HK Instruments on suomalainen perheyritys, joka auttaa tuottamaan laadukasta sis\u00e4ilmaa ja energias\u00e4\u00e4st\u00f6j\u00e4 valmistamalla k\u00e4ytt\u00e4j\u00e4yst\u00e4v\u00e4llisi\u00e4 mittalaitteita, jotka parantavat kiinteist\u00f6n toimivuutta. He suunnittelevat eritt\u00e4in tarkkoja ja helppok\u00e4ytt\u00f6isi\u00e4 laitteita p\u00e4\u00e4asiassa ilmanvaihtoj\u00e4rjestelmien ja rakennusautomaation LVI-sovelluksiin. Portfolio koostuu p\u00e4\u00e4asiassa paine- ja ilmanvirtausl\u00e4hettimist\u00e4, CO2 sek\u00e4 kosteusmittareista ja sensoreista sek\u00e4 l\u00e4hettimist\u00e4 nesteit\u00e4 varten. Tekniseri on tehnyt yhteisty\u00f6t\u00e4 HK Instrumentsin kanssa jo vuosia valmistaen pintakalvoja tuotteisiin. Tuotteiden k\u00e4ytett\u00e4vyys asettaa eritt\u00e4in korkeat vaatimukset painotulostuksen laadulle ja tarkkuudelle, ennenkaikkea mittalaitteiden mittaristoissa. Tekniseri onkin kehitt\u00e4nyt tuotantomenetelm\u00e4t yhdess\u00e4 HK Instruments kanssa, jotta painotulosten tarkkuuteen p\u00e4\u00e4st\u00e4isiin.<\/p>\n<p>Lue lis\u00e4\u00e4 HK Instrumentsista osoitteessa: <em><a href=\"https:\/\/www.hkinstruments.fi\/\">HKInstruments.fi<\/a><\/em>.<\/p>\n<\/div><div class=\"fusion-clearfix\"><\/div><\/div><\/div><\/div><\/div>\n","protected":false},"excerpt":{"rendered":"","protected":false},"author":1,"featured_media":0,"parent":543,"menu_order":0,"comment_status":"closed","ping_status":"closed","template":"","meta":{"footnotes":""},"class_list":["post-568","page","type-page","status-publish","hentry"],"yoast_head":"<!-- This site is optimized with the Yoast SEO plugin v27.3 - https:\/\/yoast.com\/product\/yoast-seo-wordpress\/ -->\n<title>HK Instruments &#187; Tekniseri<\/title>\n<meta name=\"robots\" content=\"index, follow, max-snippet:-1, max-image-preview:large, max-video-preview:-1\" \/>\n<link rel=\"canonical\" href=\"https:\/\/tekniseri.fi\/?page_id=568\" \/>\n<meta property=\"og:locale\" content=\"fi_FI\" \/>\n<meta property=\"og:type\" content=\"article\" \/>\n<meta property=\"og:title\" content=\"HK Instruments &#187; Tekniseri\" \/>\n<meta property=\"og:url\" content=\"https:\/\/tekniseri.fi\/?page_id=568\" \/>\n<meta property=\"og:site_name\" content=\"Tekniseri\" \/>\n<meta property=\"article:publisher\" content=\"https:\/\/www.facebook.com\/tekniseri\/\" \/>\n<meta property=\"article:modified_time\" content=\"2020-09-06T09:36:07+00:00\" \/>\n<meta name=\"twitter:card\" content=\"summary_large_image\" \/>\n<meta name=\"twitter:label1\" content=\"Arvioitu lukuaika\" \/>\n\t<meta name=\"twitter:data1\" content=\"4 minuuttia\" \/>\n<script type=\"application\/ld+json\" class=\"yoast-schema-graph\">{\"@context\":\"https:\\\/\\\/schema.org\",\"@graph\":[{\"@type\":\"WebPage\",\"@id\":\"https:\\\/\\\/tekniseri.fi\\\/?page_id=568\",\"url\":\"https:\\\/\\\/tekniseri.fi\\\/?page_id=568\",\"name\":\"HK Instruments &#187; Tekniseri\",\"isPartOf\":{\"@id\":\"https:\\\/\\\/tekniseri.fi\\\/#website\"},\"datePublished\":\"2020-09-02T21:13:59+00:00\",\"dateModified\":\"2020-09-06T09:36:07+00:00\",\"breadcrumb\":{\"@id\":\"https:\\\/\\\/tekniseri.fi\\\/?page_id=568#breadcrumb\"},\"inLanguage\":\"fi\",\"potentialAction\":[{\"@type\":\"ReadAction\",\"target\":[\"https:\\\/\\\/tekniseri.fi\\\/?page_id=568\"]}]},{\"@type\":\"BreadcrumbList\",\"@id\":\"https:\\\/\\\/tekniseri.fi\\\/?page_id=568#breadcrumb\",\"itemListElement\":[{\"@type\":\"ListItem\",\"position\":1,\"name\":\"Home\",\"item\":\"https:\\\/\\\/tekniseri.fi\\\/\"},{\"@type\":\"ListItem\",\"position\":2,\"name\":\"Referenssit\",\"item\":\"https:\\\/\\\/tekniseri.fi\\\/?page_id=543\"},{\"@type\":\"ListItem\",\"position\":3,\"name\":\"HK Instruments\"}]},{\"@type\":\"WebSite\",\"@id\":\"https:\\\/\\\/tekniseri.fi\\\/#website\",\"url\":\"https:\\\/\\\/tekniseri.fi\\\/\",\"name\":\"Tekniseri\",\"description\":\"\",\"publisher\":{\"@id\":\"https:\\\/\\\/tekniseri.fi\\\/#organization\"},\"potentialAction\":[{\"@type\":\"SearchAction\",\"target\":{\"@type\":\"EntryPoint\",\"urlTemplate\":\"https:\\\/\\\/tekniseri.fi\\\/?s={search_term_string}\"},\"query-input\":{\"@type\":\"PropertyValueSpecification\",\"valueRequired\":true,\"valueName\":\"search_term_string\"}}],\"inLanguage\":\"fi\"},{\"@type\":\"Organization\",\"@id\":\"https:\\\/\\\/tekniseri.fi\\\/#organization\",\"name\":\"Tekniseri\",\"url\":\"https:\\\/\\\/tekniseri.fi\\\/\",\"logo\":{\"@type\":\"ImageObject\",\"inLanguage\":\"fi\",\"@id\":\"https:\\\/\\\/tekniseri.fi\\\/#\\\/schema\\\/logo\\\/image\\\/\",\"url\":\"https:\\\/\\\/tekniseri.fi\\\/wp-content\\\/uploads\\\/2023\\\/01\\\/Tekniseri-Logo-2023.jpg\",\"contentUrl\":\"https:\\\/\\\/tekniseri.fi\\\/wp-content\\\/uploads\\\/2023\\\/01\\\/Tekniseri-Logo-2023.jpg\",\"width\":2422,\"height\":356,\"caption\":\"Tekniseri\"},\"image\":{\"@id\":\"https:\\\/\\\/tekniseri.fi\\\/#\\\/schema\\\/logo\\\/image\\\/\"},\"sameAs\":[\"https:\\\/\\\/www.facebook.com\\\/tekniseri\\\/\",\"https:\\\/\\\/linkedin.com\\\/company\\\/tekniseri\"]}]}<\/script>\n<!-- \/ Yoast SEO plugin. -->","yoast_head_json":{"title":"HK Instruments &#187; Tekniseri","robots":{"index":"index","follow":"follow","max-snippet":"max-snippet:-1","max-image-preview":"max-image-preview:large","max-video-preview":"max-video-preview:-1"},"canonical":"https:\/\/tekniseri.fi\/?page_id=568","og_locale":"fi_FI","og_type":"article","og_title":"HK Instruments &#187; Tekniseri","og_url":"https:\/\/tekniseri.fi\/?page_id=568","og_site_name":"Tekniseri","article_publisher":"https:\/\/www.facebook.com\/tekniseri\/","article_modified_time":"2020-09-06T09:36:07+00:00","twitter_card":"summary_large_image","twitter_misc":{"Arvioitu lukuaika":"4 minuuttia"},"schema":{"@context":"https:\/\/schema.org","@graph":[{"@type":"WebPage","@id":"https:\/\/tekniseri.fi\/?page_id=568","url":"https:\/\/tekniseri.fi\/?page_id=568","name":"HK Instruments &#187; Tekniseri","isPartOf":{"@id":"https:\/\/tekniseri.fi\/#website"},"datePublished":"2020-09-02T21:13:59+00:00","dateModified":"2020-09-06T09:36:07+00:00","breadcrumb":{"@id":"https:\/\/tekniseri.fi\/?page_id=568#breadcrumb"},"inLanguage":"fi","potentialAction":[{"@type":"ReadAction","target":["https:\/\/tekniseri.fi\/?page_id=568"]}]},{"@type":"BreadcrumbList","@id":"https:\/\/tekniseri.fi\/?page_id=568#breadcrumb","itemListElement":[{"@type":"ListItem","position":1,"name":"Home","item":"https:\/\/tekniseri.fi\/"},{"@type":"ListItem","position":2,"name":"Referenssit","item":"https:\/\/tekniseri.fi\/?page_id=543"},{"@type":"ListItem","position":3,"name":"HK Instruments"}]},{"@type":"WebSite","@id":"https:\/\/tekniseri.fi\/#website","url":"https:\/\/tekniseri.fi\/","name":"Tekniseri","description":"","publisher":{"@id":"https:\/\/tekniseri.fi\/#organization"},"potentialAction":[{"@type":"SearchAction","target":{"@type":"EntryPoint","urlTemplate":"https:\/\/tekniseri.fi\/?s={search_term_string}"},"query-input":{"@type":"PropertyValueSpecification","valueRequired":true,"valueName":"search_term_string"}}],"inLanguage":"fi"},{"@type":"Organization","@id":"https:\/\/tekniseri.fi\/#organization","name":"Tekniseri","url":"https:\/\/tekniseri.fi\/","logo":{"@type":"ImageObject","inLanguage":"fi","@id":"https:\/\/tekniseri.fi\/#\/schema\/logo\/image\/","url":"https:\/\/tekniseri.fi\/wp-content\/uploads\/2023\/01\/Tekniseri-Logo-2023.jpg","contentUrl":"https:\/\/tekniseri.fi\/wp-content\/uploads\/2023\/01\/Tekniseri-Logo-2023.jpg","width":2422,"height":356,"caption":"Tekniseri"},"image":{"@id":"https:\/\/tekniseri.fi\/#\/schema\/logo\/image\/"},"sameAs":["https:\/\/www.facebook.com\/tekniseri\/","https:\/\/linkedin.com\/company\/tekniseri"]}]}},"_links":{"self":[{"href":"https:\/\/tekniseri.fi\/index.php?rest_route=\/wp\/v2\/pages\/568","targetHints":{"allow":["GET"]}}],"collection":[{"href":"https:\/\/tekniseri.fi\/index.php?rest_route=\/wp\/v2\/pages"}],"about":[{"href":"https:\/\/tekniseri.fi\/index.php?rest_route=\/wp\/v2\/types\/page"}],"author":[{"embeddable":true,"href":"https:\/\/tekniseri.fi\/index.php?rest_route=\/wp\/v2\/users\/1"}],"replies":[{"embeddable":true,"href":"https:\/\/tekniseri.fi\/index.php?rest_route=%2Fwp%2Fv2%2Fcomments&post=568"}],"version-history":[{"count":9,"href":"https:\/\/tekniseri.fi\/index.php?rest_route=\/wp\/v2\/pages\/568\/revisions"}],"predecessor-version":[{"id":629,"href":"https:\/\/tekniseri.fi\/index.php?rest_route=\/wp\/v2\/pages\/568\/revisions\/629"}],"up":[{"embeddable":true,"href":"https:\/\/tekniseri.fi\/index.php?rest_route=\/wp\/v2\/pages\/543"}],"wp:attachment":[{"href":"https:\/\/tekniseri.fi\/index.php?rest_route=%2Fwp%2Fv2%2Fmedia&parent=568"}],"curies":[{"name":"wp","href":"https:\/\/api.w.org\/{rel}","templated":true}]}}