{"id":561,"date":"2020-09-02T20:54:01","date_gmt":"2020-09-02T20:54:01","guid":{"rendered":"https:\/\/tekniseri.com?page_id=561"},"modified":"2020-09-02T20:54:01","modified_gmt":"2020-09-02T20:54:01","slug":"harvia","status":"publish","type":"page","link":"https:\/\/tekniseri.fi\/?page_id=561","title":{"rendered":"Harvia"},"content":{"rendered":"<div class=\"fusion-fullwidth fullwidth-box fusion-builder-row-1 nonhundred-percent-fullwidth non-hundred-percent-height-scrolling\" style=\"--awb-border-radius-top-left:0px;--awb-border-radius-top-right:0px;--awb-border-radius-bottom-right:0px;--awb-border-radius-bottom-left:0px;--awb-flex-wrap:wrap;\" ><div class=\"fusion-builder-row fusion-row\"><div class=\"fusion-layout-column fusion_builder_column fusion-builder-column-0 fusion_builder_column_1_1 1_1 fusion-one-full fusion-column-first fusion-column-last\" style=\"--awb-bg-size:cover;\"><div class=\"fusion-column-wrapper fusion-column-has-shadow fusion-flex-column-wrapper-legacy\"><div class=\"fusion-image-element fusion-image-align-center in-legacy-container\" style=\"text-align:center;--awb-caption-title-font-family:var(--h2_typography-font-family);--awb-caption-title-font-weight:var(--h2_typography-font-weight);--awb-caption-title-font-style:var(--h2_typography-font-style);--awb-caption-title-size:var(--h2_typography-font-size);--awb-caption-title-transform:var(--h2_typography-text-transform);--awb-caption-title-line-height:var(--h2_typography-line-height);--awb-caption-title-letter-spacing:var(--h2_typography-letter-spacing);\"><div class=\"imageframe-align-center\"><span class=\" fusion-imageframe imageframe-none imageframe-1 hover-type-none\"><img decoding=\"async\" width=\"2560\" height=\"1516\" title=\"Harvia_ranta_03\" src=\"https:\/\/tekniseri.com\/wp-content\/uploads\/2020\/06\/Harvia_ranta_03-scaled-e1596784376835.jpg\" alt class=\"img-responsive wp-image-564\"\/><\/span><\/div><\/div><div class=\"fusion-text fusion-text-1\"><h3 style=\"text-align: center;\"><span class=\"EOP SCXW53441398 BCX0\" data-ccp-props=\"{\"><span class=\"TextRun BCX0 SCXP83975923\" lang=\"EN-US\" xml:lang=\"EN-US\" data-scheme-color=\"@3A3A3A,,\" data-usefontface=\"true\" data-contrast=\"none\"><span class=\"NormalTextRun BCX0 SCXP83975923\">HARVIA: Korkealuokkaisista kiukaista kokonaisiin sauna- ja spa-ratkaisuihin<\/span><\/span> <\/span><\/h3>\n<p style=\"text-align: justify;\">Suomessa saunominen on osa suomalaista arkea, juhlaa ja osa kansanperinnett\u00e4, mutta saunan ja span tarjoamat el\u00e4mykset kiinnostavat ymp\u00e4ri maailmaa. Harvia on valmistanut saunan kiukaita jo 70 vuoden ajan. Kiukaiden lis\u00e4ksi tuotetarjonta on laajentunut kattamaan itse valmissaunat, saunasisustusratkaisut, infrapunasaunat, h\u00f6yrysaunat, spa yksik\u00f6t, digitaaliset ohjauskeskukset sek\u00e4 muut sauna- ja spakulttuuriin kuuluvat tuotteet.<\/p>\n<\/div><div class=\"fusion-image-element fusion-image-align-center in-legacy-container\" style=\"text-align:center;--awb-caption-title-font-family:var(--h2_typography-font-family);--awb-caption-title-font-weight:var(--h2_typography-font-weight);--awb-caption-title-font-style:var(--h2_typography-font-style);--awb-caption-title-size:var(--h2_typography-font-size);--awb-caption-title-transform:var(--h2_typography-text-transform);--awb-caption-title-line-height:var(--h2_typography-line-height);--awb-caption-title-letter-spacing:var(--h2_typography-letter-spacing);\"><div class=\"imageframe-align-center\"><span class=\" fusion-imageframe imageframe-none imageframe-2 hover-type-none\"><img decoding=\"async\" width=\"1600\" height=\"902\" title=\"harvia\" src=\"https:\/\/tekniseri.com\/wp-content\/uploads\/2020\/07\/harvia.png\" alt class=\"img-responsive wp-image-424\" srcset=\"https:\/\/tekniseri.fi\/wp-content\/uploads\/2020\/07\/harvia-200x113.png 200w, https:\/\/tekniseri.fi\/wp-content\/uploads\/2020\/07\/harvia-400x226.png 400w, https:\/\/tekniseri.fi\/wp-content\/uploads\/2020\/07\/harvia-600x338.png 600w, https:\/\/tekniseri.fi\/wp-content\/uploads\/2020\/07\/harvia-800x451.png 800w, https:\/\/tekniseri.fi\/wp-content\/uploads\/2020\/07\/harvia-1200x677.png 1200w, https:\/\/tekniseri.fi\/wp-content\/uploads\/2020\/07\/harvia.png 1600w\" sizes=\"(max-width: 800px) 100vw, 1600px\" \/><\/span><\/div><\/div><div class=\"fusion-text fusion-text-2\"><p>Saunan kiukaat on haastava sovellus merkint\u00e4tuotteille jatkuvien l\u00e4mp\u00f6tilamuutosten ja korkean kosteuden ja h\u00f6yryn takia. Tekniseri tekee yhteisty\u00f6t\u00e4 Harvian kanssa toimittaen kiukaisiin asennettavat korkealaatuiset merkint\u00e4kilvet, joiden pit\u00e4\u00e4 paitsi korostaa korkealaatuisia tuotteita my\u00f6s soveltua ja kest\u00e4\u00e4 haastavissa ymp\u00e4rist\u00f6olosuhteissa. Harvian kiukaita toimitetaan my\u00f6s USA:aan, joten merkint\u00e4tuotteiden valmistajalta vaaditaan tuotannon UL sertifiointia. <\/p>\n<p>Anodisoitu alumiini soveltuu erinomaisesti n\u00e4ihin sovelluksiin. Alumiinilevyt painetaan digitaalisesti erityisesti tarkoitukseen kehitetyill\u00e4 tulostimilla, painoj\u00e4lki suojataan tiivistysprosessilla, jossa alumiinilevyjen pinnalle muodostuu suojaava alumiinioksidikerros. My\u00f6s laserkaiverrusta k\u00e4ytet\u00e4\u00e4n yksil\u00f6llisen lopputuloksen aikaasaamiseksi. <\/p>\n<p>Lue lis\u00e4\u00e4 Harviasta osoitteessa: <a href=\"https:\/\/www.harvia.fi\/en\"><em>Harvia.fi<\/em><\/a>.<\/p>\n<\/div><div class=\"fusion-clearfix\"><\/div><\/div><\/div><\/div><\/div>\n","protected":false},"excerpt":{"rendered":"","protected":false},"author":1,"featured_media":0,"parent":543,"menu_order":0,"comment_status":"closed","ping_status":"closed","template":"","meta":{"footnotes":""},"class_list":["post-561","page","type-page","status-publish","hentry"],"yoast_head":"<!-- This site is optimized with the Yoast SEO plugin v27.3 - https:\/\/yoast.com\/product\/yoast-seo-wordpress\/ -->\n<title>Harvia &#187; Tekniseri<\/title>\n<meta name=\"robots\" content=\"index, follow, max-snippet:-1, max-image-preview:large, max-video-preview:-1\" \/>\n<link rel=\"canonical\" href=\"https:\/\/tekniseri.fi\/?page_id=561\" \/>\n<meta property=\"og:locale\" content=\"fi_FI\" \/>\n<meta property=\"og:type\" content=\"article\" \/>\n<meta property=\"og:title\" content=\"Harvia &#187; Tekniseri\" \/>\n<meta property=\"og:url\" content=\"https:\/\/tekniseri.fi\/?page_id=561\" \/>\n<meta property=\"og:site_name\" content=\"Tekniseri\" \/>\n<meta property=\"article:publisher\" content=\"https:\/\/www.facebook.com\/tekniseri\/\" \/>\n<meta name=\"twitter:card\" content=\"summary_large_image\" \/>\n<meta name=\"twitter:label1\" content=\"Arvioitu lukuaika\" \/>\n\t<meta name=\"twitter:data1\" content=\"4 minuuttia\" \/>\n<script type=\"application\/ld+json\" class=\"yoast-schema-graph\">{\"@context\":\"https:\\\/\\\/schema.org\",\"@graph\":[{\"@type\":\"WebPage\",\"@id\":\"https:\\\/\\\/tekniseri.fi\\\/?page_id=561\",\"url\":\"https:\\\/\\\/tekniseri.fi\\\/?page_id=561\",\"name\":\"Harvia &#187; Tekniseri\",\"isPartOf\":{\"@id\":\"https:\\\/\\\/tekniseri.fi\\\/#website\"},\"datePublished\":\"2020-09-02T20:54:01+00:00\",\"breadcrumb\":{\"@id\":\"https:\\\/\\\/tekniseri.fi\\\/?page_id=561#breadcrumb\"},\"inLanguage\":\"fi\",\"potentialAction\":[{\"@type\":\"ReadAction\",\"target\":[\"https:\\\/\\\/tekniseri.fi\\\/?page_id=561\"]}]},{\"@type\":\"BreadcrumbList\",\"@id\":\"https:\\\/\\\/tekniseri.fi\\\/?page_id=561#breadcrumb\",\"itemListElement\":[{\"@type\":\"ListItem\",\"position\":1,\"name\":\"Home\",\"item\":\"https:\\\/\\\/tekniseri.fi\\\/\"},{\"@type\":\"ListItem\",\"position\":2,\"name\":\"Referenssit\",\"item\":\"https:\\\/\\\/tekniseri.fi\\\/?page_id=543\"},{\"@type\":\"ListItem\",\"position\":3,\"name\":\"Harvia\"}]},{\"@type\":\"WebSite\",\"@id\":\"https:\\\/\\\/tekniseri.fi\\\/#website\",\"url\":\"https:\\\/\\\/tekniseri.fi\\\/\",\"name\":\"Tekniseri\",\"description\":\"\",\"publisher\":{\"@id\":\"https:\\\/\\\/tekniseri.fi\\\/#organization\"},\"potentialAction\":[{\"@type\":\"SearchAction\",\"target\":{\"@type\":\"EntryPoint\",\"urlTemplate\":\"https:\\\/\\\/tekniseri.fi\\\/?s={search_term_string}\"},\"query-input\":{\"@type\":\"PropertyValueSpecification\",\"valueRequired\":true,\"valueName\":\"search_term_string\"}}],\"inLanguage\":\"fi\"},{\"@type\":\"Organization\",\"@id\":\"https:\\\/\\\/tekniseri.fi\\\/#organization\",\"name\":\"Tekniseri\",\"url\":\"https:\\\/\\\/tekniseri.fi\\\/\",\"logo\":{\"@type\":\"ImageObject\",\"inLanguage\":\"fi\",\"@id\":\"https:\\\/\\\/tekniseri.fi\\\/#\\\/schema\\\/logo\\\/image\\\/\",\"url\":\"https:\\\/\\\/tekniseri.fi\\\/wp-content\\\/uploads\\\/2023\\\/01\\\/Tekniseri-Logo-2023.jpg\",\"contentUrl\":\"https:\\\/\\\/tekniseri.fi\\\/wp-content\\\/uploads\\\/2023\\\/01\\\/Tekniseri-Logo-2023.jpg\",\"width\":2422,\"height\":356,\"caption\":\"Tekniseri\"},\"image\":{\"@id\":\"https:\\\/\\\/tekniseri.fi\\\/#\\\/schema\\\/logo\\\/image\\\/\"},\"sameAs\":[\"https:\\\/\\\/www.facebook.com\\\/tekniseri\\\/\",\"https:\\\/\\\/linkedin.com\\\/company\\\/tekniseri\"]}]}<\/script>\n<!-- \/ Yoast SEO plugin. -->","yoast_head_json":{"title":"Harvia &#187; Tekniseri","robots":{"index":"index","follow":"follow","max-snippet":"max-snippet:-1","max-image-preview":"max-image-preview:large","max-video-preview":"max-video-preview:-1"},"canonical":"https:\/\/tekniseri.fi\/?page_id=561","og_locale":"fi_FI","og_type":"article","og_title":"Harvia &#187; Tekniseri","og_url":"https:\/\/tekniseri.fi\/?page_id=561","og_site_name":"Tekniseri","article_publisher":"https:\/\/www.facebook.com\/tekniseri\/","twitter_card":"summary_large_image","twitter_misc":{"Arvioitu lukuaika":"4 minuuttia"},"schema":{"@context":"https:\/\/schema.org","@graph":[{"@type":"WebPage","@id":"https:\/\/tekniseri.fi\/?page_id=561","url":"https:\/\/tekniseri.fi\/?page_id=561","name":"Harvia &#187; Tekniseri","isPartOf":{"@id":"https:\/\/tekniseri.fi\/#website"},"datePublished":"2020-09-02T20:54:01+00:00","breadcrumb":{"@id":"https:\/\/tekniseri.fi\/?page_id=561#breadcrumb"},"inLanguage":"fi","potentialAction":[{"@type":"ReadAction","target":["https:\/\/tekniseri.fi\/?page_id=561"]}]},{"@type":"BreadcrumbList","@id":"https:\/\/tekniseri.fi\/?page_id=561#breadcrumb","itemListElement":[{"@type":"ListItem","position":1,"name":"Home","item":"https:\/\/tekniseri.fi\/"},{"@type":"ListItem","position":2,"name":"Referenssit","item":"https:\/\/tekniseri.fi\/?page_id=543"},{"@type":"ListItem","position":3,"name":"Harvia"}]},{"@type":"WebSite","@id":"https:\/\/tekniseri.fi\/#website","url":"https:\/\/tekniseri.fi\/","name":"Tekniseri","description":"","publisher":{"@id":"https:\/\/tekniseri.fi\/#organization"},"potentialAction":[{"@type":"SearchAction","target":{"@type":"EntryPoint","urlTemplate":"https:\/\/tekniseri.fi\/?s={search_term_string}"},"query-input":{"@type":"PropertyValueSpecification","valueRequired":true,"valueName":"search_term_string"}}],"inLanguage":"fi"},{"@type":"Organization","@id":"https:\/\/tekniseri.fi\/#organization","name":"Tekniseri","url":"https:\/\/tekniseri.fi\/","logo":{"@type":"ImageObject","inLanguage":"fi","@id":"https:\/\/tekniseri.fi\/#\/schema\/logo\/image\/","url":"https:\/\/tekniseri.fi\/wp-content\/uploads\/2023\/01\/Tekniseri-Logo-2023.jpg","contentUrl":"https:\/\/tekniseri.fi\/wp-content\/uploads\/2023\/01\/Tekniseri-Logo-2023.jpg","width":2422,"height":356,"caption":"Tekniseri"},"image":{"@id":"https:\/\/tekniseri.fi\/#\/schema\/logo\/image\/"},"sameAs":["https:\/\/www.facebook.com\/tekniseri\/","https:\/\/linkedin.com\/company\/tekniseri"]}]}},"_links":{"self":[{"href":"https:\/\/tekniseri.fi\/index.php?rest_route=\/wp\/v2\/pages\/561","targetHints":{"allow":["GET"]}}],"collection":[{"href":"https:\/\/tekniseri.fi\/index.php?rest_route=\/wp\/v2\/pages"}],"about":[{"href":"https:\/\/tekniseri.fi\/index.php?rest_route=\/wp\/v2\/types\/page"}],"author":[{"embeddable":true,"href":"https:\/\/tekniseri.fi\/index.php?rest_route=\/wp\/v2\/users\/1"}],"replies":[{"embeddable":true,"href":"https:\/\/tekniseri.fi\/index.php?rest_route=%2Fwp%2Fv2%2Fcomments&post=561"}],"version-history":[{"count":2,"href":"https:\/\/tekniseri.fi\/index.php?rest_route=\/wp\/v2\/pages\/561\/revisions"}],"predecessor-version":[{"id":566,"href":"https:\/\/tekniseri.fi\/index.php?rest_route=\/wp\/v2\/pages\/561\/revisions\/566"}],"up":[{"embeddable":true,"href":"https:\/\/tekniseri.fi\/index.php?rest_route=\/wp\/v2\/pages\/543"}],"wp:attachment":[{"href":"https:\/\/tekniseri.fi\/index.php?rest_route=%2Fwp%2Fv2%2Fmedia&parent=561"}],"curies":[{"name":"wp","href":"https:\/\/api.w.org\/{rel}","templated":true}]}}