{"id":1462,"date":"2021-01-20T18:31:51","date_gmt":"2021-01-20T18:31:51","guid":{"rendered":"https:\/\/tekniseri.com\/?page_id=1462"},"modified":"2021-01-26T23:39:14","modified_gmt":"2021-01-26T23:39:14","slug":"sealmaker","status":"publish","type":"page","link":"https:\/\/tekniseri.fi\/?page_id=1462","title":{"rendered":"Sealmaker"},"content":{"rendered":"<div class=\"fusion-fullwidth fullwidth-box fusion-builder-row-1 nonhundred-percent-fullwidth non-hundred-percent-height-scrolling\" style=\"--awb-border-radius-top-left:0px;--awb-border-radius-top-right:0px;--awb-border-radius-bottom-right:0px;--awb-border-radius-bottom-left:0px;--awb-flex-wrap:wrap;\" ><div class=\"fusion-builder-row fusion-row\"><div class=\"fusion-layout-column fusion_builder_column fusion-builder-column-0 fusion_builder_column_1_1 1_1 fusion-one-full fusion-column-first fusion-column-last\" style=\"--awb-bg-size:cover;\"><div class=\"fusion-column-wrapper fusion-column-has-shadow fusion-flex-column-wrapper-legacy\"><div class=\"fusion-text fusion-text-1\"><h3 style=\"text-align: center;\">Sealmaker Finland Oy:n yritysosto<\/h3>\n<p style=\"text-align: justify;\">Tekniseri, suomalainen teollisuuden merkint\u00e4tuotteiden ja s\u00e4hk\u00f6tekniikan eristeiden valmistaja, on laajentaa tuotetarjontaansa ostamalla pakkaus-, tiiviste- ja eristeratkaisujen valmistukseen erikoistuneen Sealmaker Finland Oy:n. Yrityskaupalla Tekniseri vahvistaa asiakaspalvelukyky\u00e4\u00e4n ja syvent\u00e4\u00e4 osaamistaan eristeliiketoiminnassa. Yrityskauppa on saatettu p\u00e4\u00e4t\u00f6kseen ja sopimus allekirjoitettu 15.1.2021.<\/p>\n<p>Sealmaker Finland Oy valmistaa muovi-, kumi- ja kuitupohjaisia pakkaus-, eriste- ja tiivisteratkaisuja mm rakennusteollisuuden laitevalmistajille, ajoneuvoteollisuuteen ja teollisuustuotevalmistajille. Yhti\u00f6ll\u00e4 on tuotantolaitos Raumalla. Palveluhenkisen\u00e4 ja asiakasl\u00e4ht\u00f6isen\u00e4 yhteisty\u00f6kumppanina ja ketter\u00e4n\u00e4 organisaationa Sealmaker sopii erinomaisesti kumppaniksi Tekniserille, jossa arvostetaan ammatillista osaamista, toiminnan tehokkuutta ja asiakaspalvelukyky\u00e4. Kaupan my\u00f6t\u00e4 Tekniseri kykenee palvelemaan nykyisi\u00e4 ja uusia asiakkaitaan entist\u00e4 laajemmalla tuotetarjonnalla ja konekannalla.<\/p>\n<p>Sealmaker toimii my\u00f6s jatkossa omalla nimell\u00e4\u00e4n, osana Tekniseri Group organisaatiota. Koko Sealmakerin henkil\u00f6kunta ja nykyiset omistajat jatkavat ty\u00f6t\u00e4\u00e4n yrityksess\u00e4. Sealmakerin nykyisi\u00e4 asiakkaita palvellaan nykyisin toiminnoin.<\/p>\n<p>Tekniserin historia ulottuu vuoteen 1985, jolloin kansainv\u00e4lisi\u00e4 teollisuusyrityksi\u00e4 kuten ABB, Ericsson ja Nokia palveleva painotalo rekister\u00f6itiin t\u00e4ll\u00e4 nimell\u00e4 osakeyhti\u00f6ksi Suomessa. Siit\u00e4 l\u00e4htien Tekniseri on palvellut teollisuussektorin asiakkaitaan merkint\u00e4tuotteissa, tukien heit\u00e4 suunnittelussa ja tuotannossa. Tekniserin strategian ytimess\u00e4 on tehd\u00e4 teollisuusyrityksille merkint\u00e4- ja eristystuotteiden hallinta mahdollisimman helpoksi ja tehokkaaksi. Palvelukonseptin tavoitteena on kehitt\u00e4\u00e4 kumppanuus ja yhteisty\u00f6 asiakkaan kanssa mahdollisimman helpoksi, laajentaen yhteisty\u00f6t\u00e4 kattamaan kaikki asiakkaan merkint\u00e4- ja eristetuotteiden hankinta ja hallinta yhdelt\u00e4 toimittajalta.<\/p>\n<p>T\u00e4m\u00e4n strategian my\u00f6t\u00e4 liiketoiminta onkin laajentunut kattamaan merkint\u00e4tuotteiden lis\u00e4ksi my\u00f6s esimerkiksi eristeet ja kalvokytkimet. Jatkossa Tekniserin palvelee asiakkaitaan viiden yksik\u00f6n kautta: nykyiset Suomen tuotantoyksik\u00f6t Kempeleess\u00e4 ja Porissa, sek\u00e4 Sealmaker Raumalla; ja tuotantoyksikk\u00f6 Kiinassa, Suzhoussa, jonka lis\u00e4ksi yhti\u00f6ll\u00e4 on myyntikonttori Espoossa.<\/p>\n<\/div><div class=\"fusion-clearfix\"><\/div><\/div><\/div><div class=\"fusion-layout-column fusion_builder_column fusion-builder-column-1 fusion_builder_column_1_2 1_2 fusion-one-half fusion-column-first\" style=\"--awb-bg-size:cover;width:50%;width:calc(50% - ( ( 4% ) * 0.5 ) );margin-right: 4%;\"><div class=\"fusion-column-wrapper fusion-column-has-shadow fusion-flex-column-wrapper-legacy\"><div class=\"fusion-image-element in-legacy-container\" style=\"--awb-caption-title-font-family:var(--h2_typography-font-family);--awb-caption-title-font-weight:var(--h2_typography-font-weight);--awb-caption-title-font-style:var(--h2_typography-font-style);--awb-caption-title-size:var(--h2_typography-font-size);--awb-caption-title-transform:var(--h2_typography-text-transform);--awb-caption-title-line-height:var(--h2_typography-line-height);--awb-caption-title-letter-spacing:var(--h2_typography-letter-spacing);\"><span class=\" fusion-imageframe imageframe-none imageframe-1 hover-type-none\"><img decoding=\"async\" width=\"1024\" height=\"685\" title=\"SM1_2021\" src=\"https:\/\/tekniseri.com\/wp-content\/uploads\/2021\/01\/SM1_2021-e1611438372784-1024x685.jpg\" alt class=\"img-responsive wp-image-1468\" srcset=\"https:\/\/tekniseri.fi\/wp-content\/uploads\/2021\/01\/SM1_2021-e1611438372784-200x134.jpg 200w, https:\/\/tekniseri.fi\/wp-content\/uploads\/2021\/01\/SM1_2021-e1611438372784-400x268.jpg 400w, https:\/\/tekniseri.fi\/wp-content\/uploads\/2021\/01\/SM1_2021-e1611438372784-600x401.jpg 600w, https:\/\/tekniseri.fi\/wp-content\/uploads\/2021\/01\/SM1_2021-e1611438372784-800x535.jpg 800w, https:\/\/tekniseri.fi\/wp-content\/uploads\/2021\/01\/SM1_2021-e1611438372784-1200x803.jpg 1200w, https:\/\/tekniseri.fi\/wp-content\/uploads\/2021\/01\/SM1_2021-e1611438372784.jpg 1899w\" sizes=\"(max-width: 800px) 100vw, 1200px\" \/><\/span><\/div><div class=\"fusion-text fusion-text-2\"><p style=\"text-align: center;\">Sopimuksen allekirjoitustilaisuudessa 15.1.2021<\/p>\n<\/div><div class=\"fusion-clearfix\"><\/div><\/div><\/div><div class=\"fusion-layout-column fusion_builder_column fusion-builder-column-2 fusion_builder_column_1_2 1_2 fusion-one-half fusion-column-last\" style=\"--awb-bg-size:cover;width:50%;width:calc(50% - ( ( 4% ) * 0.5 ) );\"><div class=\"fusion-column-wrapper fusion-column-has-shadow fusion-flex-column-wrapper-legacy\"><div class=\"fusion-image-element in-legacy-container\" style=\"--awb-caption-title-font-family:var(--h2_typography-font-family);--awb-caption-title-font-weight:var(--h2_typography-font-weight);--awb-caption-title-font-style:var(--h2_typography-font-style);--awb-caption-title-size:var(--h2_typography-font-size);--awb-caption-title-transform:var(--h2_typography-text-transform);--awb-caption-title-line-height:var(--h2_typography-line-height);--awb-caption-title-letter-spacing:var(--h2_typography-letter-spacing);\"><span class=\" fusion-imageframe imageframe-none imageframe-2 hover-type-none\"><img decoding=\"async\" width=\"1024\" height=\"684\" title=\"SM3_2021\" src=\"https:\/\/tekniseri.com\/wp-content\/uploads\/2021\/01\/SM3_2021-e1611438416811-1024x684.jpg\" alt class=\"img-responsive wp-image-1474\" srcset=\"https:\/\/tekniseri.fi\/wp-content\/uploads\/2021\/01\/SM3_2021-e1611438416811-200x134.jpg 200w, https:\/\/tekniseri.fi\/wp-content\/uploads\/2021\/01\/SM3_2021-e1611438416811-400x267.jpg 400w, https:\/\/tekniseri.fi\/wp-content\/uploads\/2021\/01\/SM3_2021-e1611438416811-600x401.jpg 600w, https:\/\/tekniseri.fi\/wp-content\/uploads\/2021\/01\/SM3_2021-e1611438416811-800x535.jpg 800w, https:\/\/tekniseri.fi\/wp-content\/uploads\/2021\/01\/SM3_2021-e1611438416811-1200x802.jpg 1200w, https:\/\/tekniseri.fi\/wp-content\/uploads\/2021\/01\/SM3_2021-e1611438416811.jpg 1900w\" sizes=\"(max-width: 800px) 100vw, 1200px\" \/><\/span><\/div><div class=\"fusion-text fusion-text-3\"><p style=\"text-align: justify;\">Sealmakerin tehtaalla Raumalla henkil\u00f6st\u00f6n tiedotustilaisuuden yhteydess\u00e4. Tekniserin Toimitusjohtaja Jyri J\u00e4rvinen, Sealmaker Toimitusjohtaja Lauri Salmela ja Sealmaker Myynti- ja markkinointip\u00e4\u00e4llikk\u00f6 Rami Nieminen<\/p>\n<\/div><div class=\"fusion-clearfix\"><\/div><\/div><\/div><\/div><\/div>\n","protected":false},"excerpt":{"rendered":"","protected":false},"author":1,"featured_media":0,"parent":580,"menu_order":0,"comment_status":"closed","ping_status":"closed","template":"","meta":{"footnotes":""},"class_list":["post-1462","page","type-page","status-publish","hentry"],"yoast_head":"<!-- This site is optimized with the Yoast SEO plugin v27.3 - https:\/\/yoast.com\/product\/yoast-seo-wordpress\/ -->\n<title>Sealmaker &#187; Tekniseri<\/title>\n<meta name=\"robots\" content=\"index, follow, max-snippet:-1, max-image-preview:large, max-video-preview:-1\" \/>\n<link rel=\"canonical\" href=\"https:\/\/tekniseri.fi\/?page_id=1462\" \/>\n<meta property=\"og:locale\" content=\"fi_FI\" \/>\n<meta property=\"og:type\" content=\"article\" \/>\n<meta property=\"og:title\" content=\"Sealmaker &#187; Tekniseri\" \/>\n<meta property=\"og:url\" content=\"https:\/\/tekniseri.fi\/?page_id=1462\" \/>\n<meta property=\"og:site_name\" content=\"Tekniseri\" \/>\n<meta property=\"article:publisher\" content=\"https:\/\/www.facebook.com\/tekniseri\/\" \/>\n<meta property=\"article:modified_time\" content=\"2021-01-26T23:39:14+00:00\" \/>\n<meta name=\"twitter:card\" content=\"summary_large_image\" \/>\n<meta name=\"twitter:label1\" content=\"Arvioitu lukuaika\" \/>\n\t<meta name=\"twitter:data1\" content=\"6 minuuttia\" \/>\n<script type=\"application\/ld+json\" class=\"yoast-schema-graph\">{\"@context\":\"https:\\\/\\\/schema.org\",\"@graph\":[{\"@type\":\"WebPage\",\"@id\":\"https:\\\/\\\/tekniseri.fi\\\/?page_id=1462\",\"url\":\"https:\\\/\\\/tekniseri.fi\\\/?page_id=1462\",\"name\":\"Sealmaker &#187; Tekniseri\",\"isPartOf\":{\"@id\":\"https:\\\/\\\/tekniseri.fi\\\/#website\"},\"datePublished\":\"2021-01-20T18:31:51+00:00\",\"dateModified\":\"2021-01-26T23:39:14+00:00\",\"breadcrumb\":{\"@id\":\"https:\\\/\\\/tekniseri.fi\\\/?page_id=1462#breadcrumb\"},\"inLanguage\":\"fi\",\"potentialAction\":[{\"@type\":\"ReadAction\",\"target\":[\"https:\\\/\\\/tekniseri.fi\\\/?page_id=1462\"]}]},{\"@type\":\"BreadcrumbList\",\"@id\":\"https:\\\/\\\/tekniseri.fi\\\/?page_id=1462#breadcrumb\",\"itemListElement\":[{\"@type\":\"ListItem\",\"position\":1,\"name\":\"Home\",\"item\":\"https:\\\/\\\/tekniseri.fi\\\/\"},{\"@type\":\"ListItem\",\"position\":2,\"name\":\"Tekniseri yhti\u00f6n\u00e4\",\"item\":\"https:\\\/\\\/tekniseri.fi\\\/?page_id=580\"},{\"@type\":\"ListItem\",\"position\":3,\"name\":\"Sealmaker\"}]},{\"@type\":\"WebSite\",\"@id\":\"https:\\\/\\\/tekniseri.fi\\\/#website\",\"url\":\"https:\\\/\\\/tekniseri.fi\\\/\",\"name\":\"Tekniseri\",\"description\":\"\",\"publisher\":{\"@id\":\"https:\\\/\\\/tekniseri.fi\\\/#organization\"},\"potentialAction\":[{\"@type\":\"SearchAction\",\"target\":{\"@type\":\"EntryPoint\",\"urlTemplate\":\"https:\\\/\\\/tekniseri.fi\\\/?s={search_term_string}\"},\"query-input\":{\"@type\":\"PropertyValueSpecification\",\"valueRequired\":true,\"valueName\":\"search_term_string\"}}],\"inLanguage\":\"fi\"},{\"@type\":\"Organization\",\"@id\":\"https:\\\/\\\/tekniseri.fi\\\/#organization\",\"name\":\"Tekniseri\",\"url\":\"https:\\\/\\\/tekniseri.fi\\\/\",\"logo\":{\"@type\":\"ImageObject\",\"inLanguage\":\"fi\",\"@id\":\"https:\\\/\\\/tekniseri.fi\\\/#\\\/schema\\\/logo\\\/image\\\/\",\"url\":\"https:\\\/\\\/tekniseri.fi\\\/wp-content\\\/uploads\\\/2023\\\/01\\\/Tekniseri-Logo-2023.jpg\",\"contentUrl\":\"https:\\\/\\\/tekniseri.fi\\\/wp-content\\\/uploads\\\/2023\\\/01\\\/Tekniseri-Logo-2023.jpg\",\"width\":2422,\"height\":356,\"caption\":\"Tekniseri\"},\"image\":{\"@id\":\"https:\\\/\\\/tekniseri.fi\\\/#\\\/schema\\\/logo\\\/image\\\/\"},\"sameAs\":[\"https:\\\/\\\/www.facebook.com\\\/tekniseri\\\/\",\"https:\\\/\\\/linkedin.com\\\/company\\\/tekniseri\"]}]}<\/script>\n<!-- \/ Yoast SEO plugin. -->","yoast_head_json":{"title":"Sealmaker &#187; Tekniseri","robots":{"index":"index","follow":"follow","max-snippet":"max-snippet:-1","max-image-preview":"max-image-preview:large","max-video-preview":"max-video-preview:-1"},"canonical":"https:\/\/tekniseri.fi\/?page_id=1462","og_locale":"fi_FI","og_type":"article","og_title":"Sealmaker &#187; Tekniseri","og_url":"https:\/\/tekniseri.fi\/?page_id=1462","og_site_name":"Tekniseri","article_publisher":"https:\/\/www.facebook.com\/tekniseri\/","article_modified_time":"2021-01-26T23:39:14+00:00","twitter_card":"summary_large_image","twitter_misc":{"Arvioitu lukuaika":"6 minuuttia"},"schema":{"@context":"https:\/\/schema.org","@graph":[{"@type":"WebPage","@id":"https:\/\/tekniseri.fi\/?page_id=1462","url":"https:\/\/tekniseri.fi\/?page_id=1462","name":"Sealmaker &#187; Tekniseri","isPartOf":{"@id":"https:\/\/tekniseri.fi\/#website"},"datePublished":"2021-01-20T18:31:51+00:00","dateModified":"2021-01-26T23:39:14+00:00","breadcrumb":{"@id":"https:\/\/tekniseri.fi\/?page_id=1462#breadcrumb"},"inLanguage":"fi","potentialAction":[{"@type":"ReadAction","target":["https:\/\/tekniseri.fi\/?page_id=1462"]}]},{"@type":"BreadcrumbList","@id":"https:\/\/tekniseri.fi\/?page_id=1462#breadcrumb","itemListElement":[{"@type":"ListItem","position":1,"name":"Home","item":"https:\/\/tekniseri.fi\/"},{"@type":"ListItem","position":2,"name":"Tekniseri yhti\u00f6n\u00e4","item":"https:\/\/tekniseri.fi\/?page_id=580"},{"@type":"ListItem","position":3,"name":"Sealmaker"}]},{"@type":"WebSite","@id":"https:\/\/tekniseri.fi\/#website","url":"https:\/\/tekniseri.fi\/","name":"Tekniseri","description":"","publisher":{"@id":"https:\/\/tekniseri.fi\/#organization"},"potentialAction":[{"@type":"SearchAction","target":{"@type":"EntryPoint","urlTemplate":"https:\/\/tekniseri.fi\/?s={search_term_string}"},"query-input":{"@type":"PropertyValueSpecification","valueRequired":true,"valueName":"search_term_string"}}],"inLanguage":"fi"},{"@type":"Organization","@id":"https:\/\/tekniseri.fi\/#organization","name":"Tekniseri","url":"https:\/\/tekniseri.fi\/","logo":{"@type":"ImageObject","inLanguage":"fi","@id":"https:\/\/tekniseri.fi\/#\/schema\/logo\/image\/","url":"https:\/\/tekniseri.fi\/wp-content\/uploads\/2023\/01\/Tekniseri-Logo-2023.jpg","contentUrl":"https:\/\/tekniseri.fi\/wp-content\/uploads\/2023\/01\/Tekniseri-Logo-2023.jpg","width":2422,"height":356,"caption":"Tekniseri"},"image":{"@id":"https:\/\/tekniseri.fi\/#\/schema\/logo\/image\/"},"sameAs":["https:\/\/www.facebook.com\/tekniseri\/","https:\/\/linkedin.com\/company\/tekniseri"]}]}},"_links":{"self":[{"href":"https:\/\/tekniseri.fi\/index.php?rest_route=\/wp\/v2\/pages\/1462","targetHints":{"allow":["GET"]}}],"collection":[{"href":"https:\/\/tekniseri.fi\/index.php?rest_route=\/wp\/v2\/pages"}],"about":[{"href":"https:\/\/tekniseri.fi\/index.php?rest_route=\/wp\/v2\/types\/page"}],"author":[{"embeddable":true,"href":"https:\/\/tekniseri.fi\/index.php?rest_route=\/wp\/v2\/users\/1"}],"replies":[{"embeddable":true,"href":"https:\/\/tekniseri.fi\/index.php?rest_route=%2Fwp%2Fv2%2Fcomments&post=1462"}],"version-history":[{"count":10,"href":"https:\/\/tekniseri.fi\/index.php?rest_route=\/wp\/v2\/pages\/1462\/revisions"}],"predecessor-version":[{"id":1489,"href":"https:\/\/tekniseri.fi\/index.php?rest_route=\/wp\/v2\/pages\/1462\/revisions\/1489"}],"up":[{"embeddable":true,"href":"https:\/\/tekniseri.fi\/index.php?rest_route=\/wp\/v2\/pages\/580"}],"wp:attachment":[{"href":"https:\/\/tekniseri.fi\/index.php?rest_route=%2Fwp%2Fv2%2Fmedia&parent=1462"}],"curies":[{"name":"wp","href":"https:\/\/api.w.org\/{rel}","templated":true}]}}