{"id":1409,"date":"2020-11-26T09:43:12","date_gmt":"2020-11-26T09:43:12","guid":{"rendered":"https:\/\/tekniseri.com\/?page_id=1409"},"modified":"2020-11-26T09:43:13","modified_gmt":"2020-11-26T09:43:13","slug":"vipuvoimaa-eulta","status":"publish","type":"page","link":"https:\/\/tekniseri.fi\/?page_id=1409","title":{"rendered":"Vipuvoimaa EU:lta"},"content":{"rendered":"<div class=\"fusion-fullwidth fullwidth-box fusion-builder-row-1 nonhundred-percent-fullwidth non-hundred-percent-height-scrolling\" style=\"--awb-border-radius-top-left:0px;--awb-border-radius-top-right:0px;--awb-border-radius-bottom-right:0px;--awb-border-radius-bottom-left:0px;--awb-flex-wrap:wrap;\" ><div class=\"fusion-builder-row fusion-row\"><div class=\"fusion-layout-column fusion_builder_column fusion-builder-column-0 fusion_builder_column_1_1 1_1 fusion-one-full fusion-column-first fusion-column-last\" style=\"--awb-bg-size:cover;\"><div class=\"fusion-column-wrapper fusion-column-has-shadow fusion-flex-column-wrapper-legacy\"><div class=\"fusion-text fusion-text-1\"><h3 style=\"text-align: center;\">Vipuvoimaa EU:lta<\/h3>\n<p style=\"text-align: justify;\">Tekniseri Oy on k\u00e4ynnist\u00e4nyt vuonna 2017 Kansainv\u00e4listymishankkeen, jonka tavoitteena on lis\u00e4t\u00e4 Yhti\u00f6n kilpailukyky\u00e4 ja vahvistaa kasvua ja kannattavuutta. Yhti\u00f6 investoi uusimpiin valmistustekniikoihin sek\u00e4 panostaa uusien markkina- ja tuotealueiden kartoittamiseen ja toiminnan kehitt\u00e4miseen.<\/p>\n<p style=\"text-align: justify;\">Yhti\u00f6lle on hyv\u00e4ksytty paikallisten ELY-keskusten my\u00f6t\u00e4vaikutuksella Euroopan Aluekehitysrahaston tukema hanke, joka mahdollistaa merkitt\u00e4v\u00e4n taloudellisen tuen hankkeen l\u00e4piviemiseksi.<\/p>\n<\/div><div class=\"fusion-image-element fusion-image-align-center in-legacy-container\" style=\"text-align:center;--awb-caption-title-font-family:var(--h2_typography-font-family);--awb-caption-title-font-weight:var(--h2_typography-font-weight);--awb-caption-title-font-style:var(--h2_typography-font-style);--awb-caption-title-size:var(--h2_typography-font-size);--awb-caption-title-transform:var(--h2_typography-text-transform);--awb-caption-title-line-height:var(--h2_typography-line-height);--awb-caption-title-letter-spacing:var(--h2_typography-letter-spacing);\"><div class=\"imageframe-align-center\"><span class=\" fusion-imageframe imageframe-none imageframe-1 hover-type-none\"><img decoding=\"async\" width=\"320\" height=\"133\" title=\"14f20d40-vipuvoimaa-eulta-euroopan-unioni-euroopan-aluekehitysrahasto-600x250px-ilman-taustaa-320&#215;133\" src=\"https:\/\/tekniseri.com\/wp-content\/uploads\/2020\/11\/14f20d40-vipuvoimaa-eulta-euroopan-unioni-euroopan-aluekehitysrahasto-600x250px-ilman-taustaa-320x133-1.png\" alt class=\"img-responsive wp-image-1407\" srcset=\"https:\/\/tekniseri.fi\/wp-content\/uploads\/2020\/11\/14f20d40-vipuvoimaa-eulta-euroopan-unioni-euroopan-aluekehitysrahasto-600x250px-ilman-taustaa-320x133-1-200x83.png 200w, https:\/\/tekniseri.fi\/wp-content\/uploads\/2020\/11\/14f20d40-vipuvoimaa-eulta-euroopan-unioni-euroopan-aluekehitysrahasto-600x250px-ilman-taustaa-320x133-1.png 320w\" sizes=\"(max-width: 800px) 100vw, 320px\" \/><\/span><\/div><\/div><div class=\"fusion-clearfix\"><\/div><\/div><\/div><\/div><\/div>\n","protected":false},"excerpt":{"rendered":"","protected":false},"author":1,"featured_media":0,"parent":580,"menu_order":0,"comment_status":"closed","ping_status":"closed","template":"","meta":{"footnotes":""},"class_list":["post-1409","page","type-page","status-publish","hentry"],"yoast_head":"<!-- This site is optimized with the Yoast SEO plugin v27.3 - https:\/\/yoast.com\/product\/yoast-seo-wordpress\/ -->\n<title>Vipuvoimaa EU:lta &#187; Tekniseri<\/title>\n<meta name=\"robots\" content=\"index, follow, max-snippet:-1, max-image-preview:large, max-video-preview:-1\" \/>\n<link rel=\"canonical\" href=\"https:\/\/tekniseri.fi\/?page_id=1409\" \/>\n<meta property=\"og:locale\" content=\"fi_FI\" \/>\n<meta property=\"og:type\" content=\"article\" \/>\n<meta property=\"og:title\" content=\"Vipuvoimaa EU:lta &#187; Tekniseri\" \/>\n<meta property=\"og:url\" content=\"https:\/\/tekniseri.fi\/?page_id=1409\" \/>\n<meta property=\"og:site_name\" content=\"Tekniseri\" \/>\n<meta property=\"article:publisher\" content=\"https:\/\/www.facebook.com\/tekniseri\/\" \/>\n<meta property=\"article:modified_time\" content=\"2020-11-26T09:43:13+00:00\" \/>\n<meta name=\"twitter:card\" content=\"summary_large_image\" \/>\n<meta name=\"twitter:label1\" content=\"Arvioitu lukuaika\" \/>\n\t<meta name=\"twitter:data1\" content=\"3 minuuttia\" \/>\n<script type=\"application\/ld+json\" class=\"yoast-schema-graph\">{\"@context\":\"https:\\\/\\\/schema.org\",\"@graph\":[{\"@type\":\"WebPage\",\"@id\":\"https:\\\/\\\/tekniseri.fi\\\/?page_id=1409\",\"url\":\"https:\\\/\\\/tekniseri.fi\\\/?page_id=1409\",\"name\":\"Vipuvoimaa EU:lta &#187; Tekniseri\",\"isPartOf\":{\"@id\":\"https:\\\/\\\/tekniseri.fi\\\/#website\"},\"datePublished\":\"2020-11-26T09:43:12+00:00\",\"dateModified\":\"2020-11-26T09:43:13+00:00\",\"breadcrumb\":{\"@id\":\"https:\\\/\\\/tekniseri.fi\\\/?page_id=1409#breadcrumb\"},\"inLanguage\":\"fi\",\"potentialAction\":[{\"@type\":\"ReadAction\",\"target\":[\"https:\\\/\\\/tekniseri.fi\\\/?page_id=1409\"]}]},{\"@type\":\"BreadcrumbList\",\"@id\":\"https:\\\/\\\/tekniseri.fi\\\/?page_id=1409#breadcrumb\",\"itemListElement\":[{\"@type\":\"ListItem\",\"position\":1,\"name\":\"Home\",\"item\":\"https:\\\/\\\/tekniseri.fi\\\/\"},{\"@type\":\"ListItem\",\"position\":2,\"name\":\"Tekniseri yhti\u00f6n\u00e4\",\"item\":\"https:\\\/\\\/tekniseri.fi\\\/?page_id=580\"},{\"@type\":\"ListItem\",\"position\":3,\"name\":\"Vipuvoimaa EU:lta\"}]},{\"@type\":\"WebSite\",\"@id\":\"https:\\\/\\\/tekniseri.fi\\\/#website\",\"url\":\"https:\\\/\\\/tekniseri.fi\\\/\",\"name\":\"Tekniseri\",\"description\":\"\",\"publisher\":{\"@id\":\"https:\\\/\\\/tekniseri.fi\\\/#organization\"},\"potentialAction\":[{\"@type\":\"SearchAction\",\"target\":{\"@type\":\"EntryPoint\",\"urlTemplate\":\"https:\\\/\\\/tekniseri.fi\\\/?s={search_term_string}\"},\"query-input\":{\"@type\":\"PropertyValueSpecification\",\"valueRequired\":true,\"valueName\":\"search_term_string\"}}],\"inLanguage\":\"fi\"},{\"@type\":\"Organization\",\"@id\":\"https:\\\/\\\/tekniseri.fi\\\/#organization\",\"name\":\"Tekniseri\",\"url\":\"https:\\\/\\\/tekniseri.fi\\\/\",\"logo\":{\"@type\":\"ImageObject\",\"inLanguage\":\"fi\",\"@id\":\"https:\\\/\\\/tekniseri.fi\\\/#\\\/schema\\\/logo\\\/image\\\/\",\"url\":\"https:\\\/\\\/tekniseri.fi\\\/wp-content\\\/uploads\\\/2023\\\/01\\\/Tekniseri-Logo-2023.jpg\",\"contentUrl\":\"https:\\\/\\\/tekniseri.fi\\\/wp-content\\\/uploads\\\/2023\\\/01\\\/Tekniseri-Logo-2023.jpg\",\"width\":2422,\"height\":356,\"caption\":\"Tekniseri\"},\"image\":{\"@id\":\"https:\\\/\\\/tekniseri.fi\\\/#\\\/schema\\\/logo\\\/image\\\/\"},\"sameAs\":[\"https:\\\/\\\/www.facebook.com\\\/tekniseri\\\/\",\"https:\\\/\\\/linkedin.com\\\/company\\\/tekniseri\"]}]}<\/script>\n<!-- \/ Yoast SEO plugin. -->","yoast_head_json":{"title":"Vipuvoimaa EU:lta &#187; Tekniseri","robots":{"index":"index","follow":"follow","max-snippet":"max-snippet:-1","max-image-preview":"max-image-preview:large","max-video-preview":"max-video-preview:-1"},"canonical":"https:\/\/tekniseri.fi\/?page_id=1409","og_locale":"fi_FI","og_type":"article","og_title":"Vipuvoimaa EU:lta &#187; Tekniseri","og_url":"https:\/\/tekniseri.fi\/?page_id=1409","og_site_name":"Tekniseri","article_publisher":"https:\/\/www.facebook.com\/tekniseri\/","article_modified_time":"2020-11-26T09:43:13+00:00","twitter_card":"summary_large_image","twitter_misc":{"Arvioitu lukuaika":"3 minuuttia"},"schema":{"@context":"https:\/\/schema.org","@graph":[{"@type":"WebPage","@id":"https:\/\/tekniseri.fi\/?page_id=1409","url":"https:\/\/tekniseri.fi\/?page_id=1409","name":"Vipuvoimaa EU:lta &#187; Tekniseri","isPartOf":{"@id":"https:\/\/tekniseri.fi\/#website"},"datePublished":"2020-11-26T09:43:12+00:00","dateModified":"2020-11-26T09:43:13+00:00","breadcrumb":{"@id":"https:\/\/tekniseri.fi\/?page_id=1409#breadcrumb"},"inLanguage":"fi","potentialAction":[{"@type":"ReadAction","target":["https:\/\/tekniseri.fi\/?page_id=1409"]}]},{"@type":"BreadcrumbList","@id":"https:\/\/tekniseri.fi\/?page_id=1409#breadcrumb","itemListElement":[{"@type":"ListItem","position":1,"name":"Home","item":"https:\/\/tekniseri.fi\/"},{"@type":"ListItem","position":2,"name":"Tekniseri yhti\u00f6n\u00e4","item":"https:\/\/tekniseri.fi\/?page_id=580"},{"@type":"ListItem","position":3,"name":"Vipuvoimaa EU:lta"}]},{"@type":"WebSite","@id":"https:\/\/tekniseri.fi\/#website","url":"https:\/\/tekniseri.fi\/","name":"Tekniseri","description":"","publisher":{"@id":"https:\/\/tekniseri.fi\/#organization"},"potentialAction":[{"@type":"SearchAction","target":{"@type":"EntryPoint","urlTemplate":"https:\/\/tekniseri.fi\/?s={search_term_string}"},"query-input":{"@type":"PropertyValueSpecification","valueRequired":true,"valueName":"search_term_string"}}],"inLanguage":"fi"},{"@type":"Organization","@id":"https:\/\/tekniseri.fi\/#organization","name":"Tekniseri","url":"https:\/\/tekniseri.fi\/","logo":{"@type":"ImageObject","inLanguage":"fi","@id":"https:\/\/tekniseri.fi\/#\/schema\/logo\/image\/","url":"https:\/\/tekniseri.fi\/wp-content\/uploads\/2023\/01\/Tekniseri-Logo-2023.jpg","contentUrl":"https:\/\/tekniseri.fi\/wp-content\/uploads\/2023\/01\/Tekniseri-Logo-2023.jpg","width":2422,"height":356,"caption":"Tekniseri"},"image":{"@id":"https:\/\/tekniseri.fi\/#\/schema\/logo\/image\/"},"sameAs":["https:\/\/www.facebook.com\/tekniseri\/","https:\/\/linkedin.com\/company\/tekniseri"]}]}},"_links":{"self":[{"href":"https:\/\/tekniseri.fi\/index.php?rest_route=\/wp\/v2\/pages\/1409","targetHints":{"allow":["GET"]}}],"collection":[{"href":"https:\/\/tekniseri.fi\/index.php?rest_route=\/wp\/v2\/pages"}],"about":[{"href":"https:\/\/tekniseri.fi\/index.php?rest_route=\/wp\/v2\/types\/page"}],"author":[{"embeddable":true,"href":"https:\/\/tekniseri.fi\/index.php?rest_route=\/wp\/v2\/users\/1"}],"replies":[{"embeddable":true,"href":"https:\/\/tekniseri.fi\/index.php?rest_route=%2Fwp%2Fv2%2Fcomments&post=1409"}],"version-history":[{"count":2,"href":"https:\/\/tekniseri.fi\/index.php?rest_route=\/wp\/v2\/pages\/1409\/revisions"}],"predecessor-version":[{"id":1411,"href":"https:\/\/tekniseri.fi\/index.php?rest_route=\/wp\/v2\/pages\/1409\/revisions\/1411"}],"up":[{"embeddable":true,"href":"https:\/\/tekniseri.fi\/index.php?rest_route=\/wp\/v2\/pages\/580"}],"wp:attachment":[{"href":"https:\/\/tekniseri.fi\/index.php?rest_route=%2Fwp%2Fv2%2Fmedia&parent=1409"}],"curies":[{"name":"wp","href":"https:\/\/api.w.org\/{rel}","templated":true}]}}